{"id":863,"date":"2015-05-10T15:47:51","date_gmt":"2015-05-10T15:47:51","guid":{"rendered":"http:\/\/www.igrejacampogrande.pt\/cspcg\/?page_id=26"},"modified":"2025-11-06T17:41:33","modified_gmt":"2025-11-06T16:41:33","slug":"intervencao-comunitaria","status":"publish","type":"page","link":"https:\/\/igrejacampogrande.pt\/cspcg\/intervencao-comunitaria\/","title":{"rendered":"Interven\u00e7\u00e3o Comunit\u00e1ria"},"content":{"rendered":"<p>[et_pb_section fb_built=&#8221;1&#8243; admin_label=&#8221;section&#8221; _builder_version=&#8221;4.16&#8243; global_colors_info=&#8221;{}&#8221;][et_pb_row admin_label=&#8221;row&#8221; _builder_version=&#8221;4.16&#8243; background_size=&#8221;initial&#8221; background_position=&#8221;top_left&#8221; background_repeat=&#8221;repeat&#8221; global_colors_info=&#8221;{}&#8221;][et_pb_column type=&#8221;4_4&#8243; _builder_version=&#8221;4.16&#8243; custom_padding=&#8221;|||&#8221; global_colors_info=&#8221;{}&#8221; custom_padding__hover=&#8221;|||&#8221;][et_pb_image src=&#8221;https:\/\/igrejacampogrande.pt\/cspcg\/wp-content\/uploads\/2019\/04\/cspcg-reino-da-imagina\u00e7\u00e3o-01.jpg&#8221; align_tablet=&#8221;center&#8221; align_phone=&#8221;&#8221; align_last_edited=&#8221;on|desktop&#8221; _builder_version=&#8221;4.16&#8243; z_index_tablet=&#8221;500&#8243; global_colors_info=&#8221;{}&#8221;][\/et_pb_image][\/et_pb_column][\/et_pb_row][et_pb_row column_structure=&#8221;3_4,1_4&#8243; _builder_version=&#8221;4.16&#8243; background_size=&#8221;initial&#8221; background_position=&#8221;top_left&#8221; background_repeat=&#8221;repeat&#8221; global_colors_info=&#8221;{}&#8221;][et_pb_column type=&#8221;3_4&#8243; _builder_version=&#8221;4.16&#8243; custom_padding=&#8221;|||&#8221; global_colors_info=&#8221;{}&#8221; custom_padding__hover=&#8221;|||&#8221;][et_pb_text admin_label=&#8221;Interven\u00e7\u00e3o Comunit\u00e1ria | Atendimento Social&#8221; _builder_version=&#8221;4.22.1&#8243; background_size=&#8221;initial&#8221; background_position=&#8221;top_left&#8221; background_repeat=&#8221;repeat&#8221; hover_enabled=&#8221;0&#8243; z_index_tablet=&#8221;500&#8243; use_border_color=&#8221;off&#8221; global_colors_info=&#8221;{}&#8221; sticky_enabled=&#8221;0&#8243; header_3_text_color=&#8221;#0C71C3&#8243;]<\/p>\n<h3><strong>Interven\u00e7\u00e3o Comunit\u00e1ria<\/strong><\/h3>\n<p>A<span>\u00a0<\/span><span>interven\u00e7\u00e3o<\/span><span>\u00a0<\/span>comunit\u00e1ria do Centro Social Paroquial do Campo Grande tem como principal objetivo apoiar fam\u00edlias em situa\u00e7\u00e3o de maior vulnerabilidade socioecon\u00f3mica, promovendo a sua integra\u00e7\u00e3o social e o acesso a direitos fundamentais. Atuamos como ponte entre as fam\u00edlias e os v\u00e1rios servi\u00e7os da comunidade \u2013 sa\u00fade, educa\u00e7\u00e3o, seguran\u00e7a social e outros \u2013 ajudando no encaminhamento adequado para respostas de apoio.<\/p>\n<p>H\u00e1 mais de 15 anos desenvolvemos trabalho de proximidade no Bairro das Murtas, com um foco especial nas crian\u00e7as e jovens. Atrav\u00e9s de uma<span>\u00a0<\/span><span>interven\u00e7\u00e3o<\/span><span>\u00a0<\/span>sociopedag\u00f3gica, promovemos compet\u00eancias sociais, educacionais e pessoais, procurando prevenir situa\u00e7\u00f5es de exclus\u00e3o e favorecer oportunidades de crescimento saud\u00e1vel e participa\u00e7\u00e3o ativa na comunidade.<\/p>\n<p>[\/et_pb_text][\/et_pb_column][et_pb_column type=&#8221;1_4&#8243; _builder_version=&#8221;4.16&#8243; custom_padding=&#8221;|||&#8221; global_colors_info=&#8221;{}&#8221; custom_padding__hover=&#8221;|||&#8221;][et_pb_text _builder_version=&#8221;4.22.1&#8243; text_line_height=&#8221;1.4em&#8221; background_size=&#8221;initial&#8221; background_position=&#8221;top_left&#8221; background_repeat=&#8221;repeat&#8221; z_index_tablet=&#8221;500&#8243; use_border_color=&#8221;off&#8221; global_colors_info=&#8221;{}&#8221;]<\/p>\n<p><strong>Hor\u00e1rio<\/strong><\/p>\n<p>Atendimento Social<\/p>\n<p>Com marca\u00e7\u00e3o<\/p>\n<p><strong>Contacte<\/strong><\/p>\n<p><span>Andreia Carvalho<\/span><\/p>\n<p>Assistente Social<\/p>\n<p><span>913 551 281<\/span><\/p>\n<p><a href=\"mailto:intervencaocomunitaria@cspcg.pt\" target=\"_blank\" rel=\"noopener\">intervencaocomunitaria@cspcg.<wbr \/>pt<\/a><\/p>\n<p>&nbsp;<\/p>\n<p>[\/et_pb_text][\/et_pb_column][\/et_pb_row][et_pb_row disabled_on=&#8221;on|on|on&#8221; _builder_version=&#8221;4.16&#8243; background_size=&#8221;initial&#8221; background_position=&#8221;top_left&#8221; background_repeat=&#8221;repeat&#8221; disabled=&#8221;on&#8221; global_colors_info=&#8221;{}&#8221;][et_pb_column type=&#8221;4_4&#8243; _builder_version=&#8221;4.16&#8243; custom_padding=&#8221;|||&#8221; global_colors_info=&#8221;{}&#8221; custom_padding__hover=&#8221;|||&#8221;][et_pb_text admin_label=&#8221;Text BAIRRO DAS MURTAS&#8221; _builder_version=&#8221;4.16&#8243; z_index_tablet=&#8221;500&#8243; global_colors_info=&#8221;{}&#8221;]<\/p>\n<h2><span style=\"color: #333333;\"><strong>BAIRRO DAS MURTAS<\/strong><\/span><\/h2>\n<p>[\/et_pb_text][et_pb_image src=&#8221;https:\/\/igrejacampogrande.pt\/cspcg\/wp-content\/uploads\/2019\/06\/DSC_0338.jpg&#8221; align_tablet=&#8221;center&#8221; align_phone=&#8221;&#8221; align_last_edited=&#8221;on|desktop&#8221; _builder_version=&#8221;4.16&#8243; z_index_tablet=&#8221;500&#8243; global_colors_info=&#8221;{}&#8221;][\/et_pb_image][\/et_pb_column][\/et_pb_row][et_pb_row column_structure=&#8221;3_4,1_4&#8243; disabled_on=&#8221;on|on|on&#8221; _builder_version=&#8221;4.16&#8243; background_size=&#8221;initial&#8221; background_position=&#8221;top_left&#8221; background_repeat=&#8221;repeat&#8221; disabled=&#8221;on&#8221; global_colors_info=&#8221;{}&#8221;][et_pb_column type=&#8221;3_4&#8243; _builder_version=&#8221;4.16&#8243; custom_padding=&#8221;|||&#8221; global_colors_info=&#8221;{}&#8221; custom_padding__hover=&#8221;|||&#8221;][et_pb_text admin_label=&#8221;Murtas em Rede por um bairro melhor&#8221; _builder_version=&#8221;4.16&#8243; text_line_height=&#8221;1.4em&#8221; background_size=&#8221;initial&#8221; background_position=&#8221;top_left&#8221; background_repeat=&#8221;repeat&#8221; z_index_tablet=&#8221;500&#8243; use_border_color=&#8221;off&#8221; global_colors_info=&#8221;{}&#8221;]<\/p>\n<h4><span style=\"color: #333333;\"><strong>Murtas em Rede por um bairro melhor<\/strong><\/span><\/h4>\n<p><span style=\"color: #808080; font-family: Calibri;\">Murtas em Rede \u00e9 um projeto desenvolvido na freguesia de Alvalade, pelo Centro Social Paroquial do Campo Grande, no \u00e2mbito do Programa municipal BIP-ZIP- Bairros e Zonas de Interven\u00e7\u00e3o Priorit\u00e1ria.<\/span><\/p>\n<p><span style=\"color: #808080; font-family: Calibri;\">O Centro Social Paroquial do Campo Grande \u00e9 o promotor do projeto Murtas em Rede \u2013 Por um Bairro Melhor, contando com uma rede de parceiros como o Agrupamento de Escolas Rainha D. Leonor, Banco do Beb\u00e9, Centro Hospitalar Psiqui\u00e1trico de Lisboa, Centro Cultura e Desporto Judo Clube de Lisboa, Funda\u00e7\u00e3o S. Jo\u00e3o de Deus, Grupo de Moradores, Junta de Freguesia de Alvalade, Santa Casa da Miseric\u00f3rdia de Lisboa, Universidade Cat\u00f3lica de Lisboa e conta ainda com dois parceiros informais Gebalis e ColorFoto.<\/span><\/p>\n<p><span style=\"color: #808080; font-family: Calibri;\">O projeto Murtas em Rede, desenvolvido na freguesia de Alvalade, pretende atrav\u00e9s de estrat\u00e9gias colaborativas, fomentar um processo de cidadania ativa que envolva moradores e entidades, desenvolvendo uma procura coletiva de solu\u00e7\u00f5es, com vista \u00e0 melhoria da qualidade de vida do bairro e das condi\u00e7\u00f5es de vida pessoal. Desta forma, o projeto est\u00e1 desenhado em 3 n\u00edveis: o bairro, o lote, uma fam\u00edlia\/um morador, com o intuito de escalar a interven\u00e7\u00e3o de um n\u00edvel mais individual para um n\u00edvel de grupo e comunidade, do qual surgem 9 atividades.<\/span><\/p>\n<p>[\/et_pb_text][et_pb_text admin_label=&#8221;Reino da Imagina\u00e7\u00e3o&#8221; _builder_version=&#8221;4.16&#8243; text_line_height=&#8221;1.4em&#8221; background_size=&#8221;initial&#8221; background_position=&#8221;top_left&#8221; background_repeat=&#8221;repeat&#8221; z_index_tablet=&#8221;500&#8243; use_border_color=&#8221;off&#8221; global_colors_info=&#8221;{}&#8221;]<\/p>\n<h4><strong>Reino da Imagina\u00e7\u00e3o<\/strong><\/h4>\n<p><span style=\"color: #808080; font-family: Calibri;\">Dirigido para crian\u00e7as de primeiro ciclo (dos 6 aos 10 anos) \u00e9 um espa\u00e7o di\u00e1rio que visa promover o acompanhamento escolar e o desenvolvimento de compet\u00eancias pessoais e sociais, atrav\u00e9s de atividades de car\u00e1cter l\u00fadico-pedag\u00f3gico, com vista \u00e0 integra\u00e7\u00e3o social das crian\u00e7as. O apoio escolar na realiza\u00e7\u00e3o dos trabalhos de casa e a articula\u00e7\u00e3o com a Escola e com as fam\u00edlias, permite construir um trabalho conjunto na melhoria dos resultados escolares das crian\u00e7as.<\/span><\/p>\n<p><span style=\"color: #808080; font-family: Calibri;\">Projeto Patrocinado pela Junta de Freguesia de Alvalade.<\/span><\/p>\n<p>[\/et_pb_text][et_pb_text admin_label=&#8221;Clubes de Bairro&#8221; _builder_version=&#8221;4.16&#8243; text_line_height=&#8221;1.4em&#8221; background_size=&#8221;initial&#8221; background_position=&#8221;top_left&#8221; background_repeat=&#8221;repeat&#8221; z_index_tablet=&#8221;500&#8243; use_border_color=&#8221;off&#8221; global_colors_info=&#8221;{}&#8221;]<\/p>\n<h4><strong>Clubes de Bairro<\/strong><\/h4>\n<p><span style=\"color: #808080; font-family: Calibri;\">Dirige-se aos adolescentes entre os 10 e os 15 anos e visa sobretudo apoi\u00e1-los no seu percurso educativo, proporcionando-lhes uma sala de estudo, mas tamb\u00e9m atividades saud\u00e1veis de tempos livres, de forma a prevenir comportamentos de risco.<\/span><\/p>\n<p>[\/et_pb_text][\/et_pb_column][et_pb_column type=&#8221;1_4&#8243; _builder_version=&#8221;4.16&#8243; custom_padding=&#8221;|||&#8221; global_colors_info=&#8221;{}&#8221; custom_padding__hover=&#8221;|||&#8221;][et_pb_social_media_follow _builder_version=&#8221;4.16&#8243; z_index_tablet=&#8221;500&#8243; global_colors_info=&#8221;{}&#8221;][et_pb_social_media_follow_network social_network=&#8221;facebook&#8221; url=&#8221;https:\/\/www.facebook.com\/murtasemrede\/&#8221; _builder_version=&#8221;4.16&#8243; background_color=&#8221;#3b5998&#8243; global_colors_info=&#8221;{}&#8221; follow_button=&#8221;off&#8221; url_new_window=&#8221;on&#8221;]Facebook<br \/>\n[\/et_pb_social_media_follow_network][\/et_pb_social_media_follow][et_pb_text _builder_version=&#8221;4.16&#8243; z_index_tablet=&#8221;500&#8243; global_colors_info=&#8221;{}&#8221;]<\/p>\n<p><a href=\"https:\/\/www.facebook.com\/murtasemrede\/\" target=\"_blank\" rel=\"noopener noreferrer\">Murtas em Rede &#8211; por um bairro melhor!<\/a><\/p>\n<p>[\/et_pb_text][et_pb_social_media_follow _builder_version=&#8221;4.16&#8243; z_index_tablet=&#8221;500&#8243; global_colors_info=&#8221;{}&#8221;][et_pb_social_media_follow_network social_network=&#8221;facebook&#8221; url=&#8221;https:\/\/www.facebook.com\/romicosturandocaminhos\/&#8221; _builder_version=&#8221;4.16&#8243; background_color=&#8221;#3b5998&#8243; global_colors_info=&#8221;{}&#8221; follow_button=&#8221;off&#8221; url_new_window=&#8221;on&#8221;]Facebook<br \/>\n[\/et_pb_social_media_follow_network][\/et_pb_social_media_follow][et_pb_text _builder_version=&#8221;4.16&#8243; z_index_tablet=&#8221;500&#8243; global_colors_info=&#8221;{}&#8221;]<\/p>\n<p><a href=\"https:\/\/www.facebook.com\/romicosturandocaminhos\/\" target=\"_blank\" rel=\"noopener noreferrer\">Romi &#8211; costurando caminhos<\/a><\/p>\n<p>[\/et_pb_text][\/et_pb_column][\/et_pb_row][\/et_pb_section]<\/p>\n","protected":false},"excerpt":{"rendered":"<p>Interven\u00e7\u00e3o Comunit\u00e1ria A\u00a0interven\u00e7\u00e3o\u00a0comunit\u00e1ria do Centro Social Paroquial do Campo Grande tem como principal objetivo apoiar fam\u00edlias em situa\u00e7\u00e3o de maior vulnerabilidade socioecon\u00f3mica, promovendo a sua integra\u00e7\u00e3o social e o acesso a direitos fundamentais. Atuamos como ponte entre as fam\u00edlias e os v\u00e1rios servi\u00e7os da comunidade \u2013 sa\u00fade, educa\u00e7\u00e3o, seguran\u00e7a social e outros \u2013 ajudando no [&hellip;]<\/p>\n","protected":false},"author":2,"featured_media":0,"parent":0,"menu_order":0,"comment_status":"closed","ping_status":"closed","template":"","meta":{"_et_pb_use_builder":"on","_et_pb_old_content":"","_et_gb_content_width":"","footnotes":""},"class_list":["post-863","page","type-page","status-publish","hentry"],"_links":{"self":[{"href":"https:\/\/igrejacampogrande.pt\/cspcg\/wp-json\/wp\/v2\/pages\/863","targetHints":{"allow":["GET"]}}],"collection":[{"href":"https:\/\/igrejacampogrande.pt\/cspcg\/wp-json\/wp\/v2\/pages"}],"about":[{"href":"https:\/\/igrejacampogrande.pt\/cspcg\/wp-json\/wp\/v2\/types\/page"}],"author":[{"embeddable":true,"href":"https:\/\/igrejacampogrande.pt\/cspcg\/wp-json\/wp\/v2\/users\/2"}],"replies":[{"embeddable":true,"href":"https:\/\/igrejacampogrande.pt\/cspcg\/wp-json\/wp\/v2\/comments?post=863"}],"version-history":[{"count":37,"href":"https:\/\/igrejacampogrande.pt\/cspcg\/wp-json\/wp\/v2\/pages\/863\/revisions"}],"predecessor-version":[{"id":5683,"href":"https:\/\/igrejacampogrande.pt\/cspcg\/wp-json\/wp\/v2\/pages\/863\/revisions\/5683"}],"wp:attachment":[{"href":"https:\/\/igrejacampogrande.pt\/cspcg\/wp-json\/wp\/v2\/media?parent=863"}],"curies":[{"name":"wp","href":"https:\/\/api.w.org\/{rel}","templated":true}]}}