{"id":860,"date":"2015-05-10T15:30:05","date_gmt":"2015-05-10T15:30:05","guid":{"rendered":"http:\/\/www.igrejacampogrande.pt\/cspcg\/?page_id=20"},"modified":"2023-02-26T23:37:27","modified_gmt":"2023-02-26T22:37:27","slug":"area-senior","status":"publish","type":"page","link":"https:\/\/igrejacampogrande.pt\/cspcg\/area-senior\/","title":{"rendered":"\u00c1rea S\u00e9nior"},"content":{"rendered":"<p>[et_pb_section fb_built=&#8221;1&#8243; fullwidth=&#8221;on&#8221; _builder_version=&#8221;4.16&#8243; global_colors_info=&#8221;{}&#8221;][et_pb_fullwidth_image src=&#8221;https:\/\/igrejacampogrande.pt\/cspcg\/wp-content\/uploads\/2020\/06\/cspcg.banner.senior.jpg&#8221; _builder_version=&#8221;4.16&#8243; z_index_tablet=&#8221;500&#8243; global_colors_info=&#8221;{}&#8221;][\/et_pb_fullwidth_image][\/et_pb_section][et_pb_section fb_built=&#8221;1&#8243; admin_label=&#8221;section&#8221; _builder_version=&#8221;4.16&#8243; global_colors_info=&#8221;{}&#8221;][et_pb_row _builder_version=&#8221;4.16&#8243; background_size=&#8221;initial&#8221; background_position=&#8221;top_left&#8221; background_repeat=&#8221;repeat&#8221; global_colors_info=&#8221;{}&#8221;][et_pb_column type=&#8221;4_4&#8243; _builder_version=&#8221;4.16&#8243; custom_padding=&#8221;|||&#8221; global_colors_info=&#8221;{}&#8221; custom_padding__hover=&#8221;|||&#8221;][et_pb_text _builder_version=&#8221;4.16&#8243; background_size=&#8221;initial&#8221; background_position=&#8221;top_left&#8221; background_repeat=&#8221;repeat&#8221; z_index_tablet=&#8221;500&#8243; use_border_color=&#8221;off&#8221; global_colors_info=&#8221;{}&#8221;]<\/p>\n<p>O Centro Social e Paroquial do Campo Grande promove um apoio multidisciplinar \u00e0s Pessoas S\u00e9niores, promovendo um envelhecimento saud\u00e1vel e ativo, nas dimens\u00f5es f\u00edsicas, funcionais, ps\u00edquicas, sociais e espirituais.<\/p>\n<p class=\"p1\">Desenvolvem estrat\u00e9gias preventivas e\/ou reabilitadoras de independ\u00eancia, autonomia e autodetermina\u00e7\u00e3o, nas Val\u00eancias de Centro de Dia e de Servi\u00e7o de Apoio Domicili\u00e1rio.<\/p>\n<p class=\"p1\">\u00c9 desenvolvido um trabalho e uma interven\u00e7\u00e3o adequada \u00e0 individualidade da Pessoa e Fam\u00edlia mas tamb\u00e9m \u00e0 especificidade da situa\u00e7\u00e3o. As suas atividades multidisciplinares promovem um bem-estar f\u00edsico, psicol\u00f3gico, social e espiritual, com olhar atento individualizado e focado no utente.<\/p>\n<p class=\"p1\">Existe e \u00e9 fomentada uma rela\u00e7\u00e3o de proximidade com os utentes, as fam\u00edlias, os parceiros e as comunidades e uma rela\u00e7\u00e3o de presen\u00e7a adaptativa e flex\u00edvel relativamente \u00e0s circunst\u00e2ncias, tendo presente o caso da adapta\u00e7\u00e3o que foi exigida pela Pandemia Covid-19.<\/p>\n<p class=\"p1\">A \u00c1rea S\u00e9nior interv\u00e9m com os principais objetivos de melhorar a sua qualidade de vida, atenuar situa\u00e7\u00f5es de isolamento social e solid\u00e3o, potenciar uma participa\u00e7\u00e3o ativa e autonomia e tamb\u00e9m as suas capacidades e compet\u00eancias.<\/p>\n<p><span style=\"color: #00aeef;\"><strong><a style=\"color: #00aeef;\" href=\"https:\/\/igrejacampogrande.pt\/cspcg\/wp-content\/uploads\/2015\/05\/Ficha-de-Inscri\u00e7\u00e3o-\u00c1rea-S\u00e9nior.docx\" target=\"_blank\" rel=\"noopener\"><span style=\"color: #2171b9;\">Ficha de Inscri\u00e7\u00e3o<\/span>\u00a0<\/a><\/strong><\/span><\/p>\n<p>[\/et_pb_text][\/et_pb_column][\/et_pb_row][et_pb_row column_structure=&#8221;1_5,1_5,1_5,1_5,1_5&#8243; use_custom_gutter=&#8221;on&#8221; gutter_width=&#8221;2&#8243; admin_label=&#8221;Val\u00eancias&#8221; _builder_version=&#8221;4.16&#8243; global_colors_info=&#8221;{}&#8221;][et_pb_column type=&#8221;1_5&#8243; _builder_version=&#8221;4.16&#8243; custom_padding=&#8221;|||&#8221; global_colors_info=&#8221;{}&#8221; custom_padding__hover=&#8221;|||&#8221;][et_pb_image src=&#8221;https:\/\/igrejacampogrande.pt\/cspcg\/wp-content\/uploads\/2021\/08\/cspcg-apoioDomiciliario-700-800.jpg&#8221; title_text=&#8221;cspcg-apoioDomiciliario-700-800&#8243; url=&#8221;https:\/\/igrejacampogrande.pt\/cspcg\/area-senior\/apoiodomiciliario\/&#8221; show_bottom_space=&#8221;off&#8221; force_fullwidth=&#8221;on&#8221; align_tablet=&#8221;center&#8221; align_phone=&#8221;&#8221; align_last_edited=&#8221;on|desktop&#8221; admin_label=&#8221;Apoio Domicili\u00e1rio &#8211; imagem&#8221; _builder_version=&#8221;4.16&#8243; animation_style=&#8221;slide&#8221; animation_direction=&#8221;bottom&#8221; animation_intensity_slide=&#8221;12%&#8221; border_radii=&#8221;|25px|25px||&#8221; locked=&#8221;off&#8221; global_colors_info=&#8221;{}&#8221;][\/et_pb_image][et_pb_text _builder_version=&#8221;4.20.0&#8243; _module_preset=&#8221;default&#8221; hover_enabled=&#8221;0&#8243; sticky_enabled=&#8221;0&#8243; text_orientation=&#8221;center&#8221; link_option_url=&#8221;https:\/\/igrejacampogrande.pt\/cspcg\/area-senior\/apoiodomiciliario\/&#8221;]<\/p>\n<p>Apoio Domicili\u00e1rio<\/p>\n<p>[\/et_pb_text][\/et_pb_column][et_pb_column type=&#8221;1_5&#8243; _builder_version=&#8221;4.16&#8243; custom_padding=&#8221;|||&#8221; global_colors_info=&#8221;{}&#8221; custom_padding__hover=&#8221;|||&#8221;][et_pb_image src=&#8221;https:\/\/igrejacampogrande.pt\/cspcg\/wp-content\/uploads\/2021\/08\/cspcg-centroDia-700-800.jpg&#8221; title_text=&#8221;cspcg-centroDia-700-800&#8243; url=&#8221;https:\/\/igrejacampogrande.pt\/cspcg\/area-senior\/centro-de-dia\/&#8221; show_bottom_space=&#8221;off&#8221; force_fullwidth=&#8221;on&#8221; align_tablet=&#8221;center&#8221; align_phone=&#8221;&#8221; align_last_edited=&#8221;on|desktop&#8221; admin_label=&#8221;Centro de Dia &#8211; imagem&#8221; _builder_version=&#8221;4.16&#8243; animation_style=&#8221;slide&#8221; animation_direction=&#8221;bottom&#8221; animation_delay=&#8221;100ms&#8221; animation_intensity_slide=&#8221;12%&#8221; border_radii=&#8221;|25px|25px||&#8221; locked=&#8221;off&#8221; global_colors_info=&#8221;{}&#8221;][\/et_pb_image][et_pb_text _builder_version=&#8221;4.20.0&#8243; _module_preset=&#8221;default&#8221; link_option_url=&#8221;https:\/\/igrejacampogrande.pt\/cspcg\/area-senior\/centro-de-dia\/&#8221; hover_enabled=&#8221;0&#8243; sticky_enabled=&#8221;0&#8243; text_orientation=&#8221;center&#8221;]<\/p>\n<p>Centro de Dia<\/p>\n<p>[\/et_pb_text][\/et_pb_column][et_pb_column type=&#8221;1_5&#8243; _builder_version=&#8221;4.16&#8243; custom_padding=&#8221;|||&#8221; global_colors_info=&#8221;{}&#8221; custom_padding__hover=&#8221;|||&#8221;][et_pb_image src=&#8221;https:\/\/igrejacampogrande.pt\/cspcg\/wp-content\/uploads\/2021\/08\/cspcg-clubeSenior-700-800.jpg&#8221; title_text=&#8221;cspcg-clubeSenior-700-800&#8243; url=&#8221;https:\/\/igrejacampogrande.pt\/cspcg\/area-senior\/clube-senior\/&#8221; show_bottom_space=&#8221;off&#8221; force_fullwidth=&#8221;on&#8221; align_tablet=&#8221;center&#8221; align_phone=&#8221;&#8221; align_last_edited=&#8221;on|desktop&#8221; admin_label=&#8221;Clube S\u00e9nior &#8211; imagem&#8221; _builder_version=&#8221;4.16&#8243; animation_style=&#8221;slide&#8221; animation_direction=&#8221;bottom&#8221; animation_delay=&#8221;100ms&#8221; animation_intensity_slide=&#8221;12%&#8221; border_radii=&#8221;|25px|25px||&#8221; locked=&#8221;off&#8221; global_colors_info=&#8221;{}&#8221;][\/et_pb_image][et_pb_text _builder_version=&#8221;4.20.0&#8243; _module_preset=&#8221;default&#8221; link_option_url=&#8221;https:\/\/igrejacampogrande.pt\/cspcg\/area-senior\/clube-senior\/&#8221; hover_enabled=&#8221;0&#8243; sticky_enabled=&#8221;0&#8243; text_orientation=&#8221;center&#8221;]<\/p>\n<p>Clube S\u00e9nior<\/p>\n<p>[\/et_pb_text][\/et_pb_column][et_pb_column type=&#8221;1_5&#8243; _builder_version=&#8221;4.16&#8243; custom_padding=&#8221;|||&#8221; global_colors_info=&#8221;{}&#8221; custom_padding__hover=&#8221;|||&#8221;][et_pb_image src=&#8221;https:\/\/igrejacampogrande.pt\/cspcg\/wp-content\/uploads\/2021\/08\/cspcg-espacoAITEC-700-800.jpg&#8221; title_text=&#8221;cspcg-espacoAITEC-700-800&#8243; url=&#8221;https:\/\/igrejacampogrande.pt\/cspcg\/area-senior\/ai-tec\/&#8221; show_bottom_space=&#8221;off&#8221; force_fullwidth=&#8221;on&#8221; align_tablet=&#8221;center&#8221; align_phone=&#8221;&#8221; align_last_edited=&#8221;on|desktop&#8221; admin_label=&#8221;Espa\u00e7o Ai-Tec &#8211; imagem&#8221; _builder_version=&#8221;4.16&#8243; animation_style=&#8221;slide&#8221; animation_direction=&#8221;bottom&#8221; animation_delay=&#8221;100ms&#8221; animation_intensity_slide=&#8221;12%&#8221; border_radii=&#8221;|25px|25px||&#8221; locked=&#8221;off&#8221; global_colors_info=&#8221;{}&#8221;][\/et_pb_image][et_pb_text _builder_version=&#8221;4.20.0&#8243; _module_preset=&#8221;default&#8221; link_option_url=&#8221;https:\/\/igrejacampogrande.pt\/cspcg\/area-senior\/ai-tec\/&#8221; hover_enabled=&#8221;0&#8243; sticky_enabled=&#8221;0&#8243; text_orientation=&#8221;center&#8221;]<\/p>\n<p>Espa\u00e7o Ai-Tec<\/p>\n<p>[\/et_pb_text][\/et_pb_column][et_pb_column type=&#8221;1_5&#8243; _builder_version=&#8221;4.16&#8243; custom_padding=&#8221;|||&#8221; global_colors_info=&#8221;{}&#8221; custom_padding__hover=&#8221;|||&#8221;][et_pb_image src=&#8221;https:\/\/igrejacampogrande.pt\/cspcg\/wp-content\/uploads\/2023\/02\/cspcg-programaSempreAcompanhados-equipa-700-800.jpg&#8221; title_text=&#8221;cspcg-programaSempreAcompanhados-equipa-700-800&#8243; url=&#8221;https:\/\/igrejacampogrande.pt\/cspcg\/area-senior\/programa-sempre-acompanhados\/&#8221; show_bottom_space=&#8221;off&#8221; force_fullwidth=&#8221;on&#8221; align_tablet=&#8221;center&#8221; align_phone=&#8221;&#8221; align_last_edited=&#8221;on|desktop&#8221; admin_label=&#8221;Sempre acompanhados &#8211; imagem&#8221; _builder_version=&#8221;4.20.0&#8243; animation_style=&#8221;slide&#8221; animation_direction=&#8221;bottom&#8221; animation_delay=&#8221;100ms&#8221; animation_intensity_slide=&#8221;12%&#8221; hover_enabled=&#8221;0&#8243; border_radii=&#8221;|25px|25px||&#8221; locked=&#8221;off&#8221; global_colors_info=&#8221;{}&#8221; sticky_enabled=&#8221;0&#8243;][\/et_pb_image][et_pb_text _builder_version=&#8221;4.20.0&#8243; _module_preset=&#8221;default&#8221; text_orientation=&#8221;center&#8221; link_option_url=&#8221;https:\/\/igrejacampogrande.pt\/cspcg\/area-senior\/programa-sempre-acompanhados\/&#8221; hover_enabled=&#8221;0&#8243; sticky_enabled=&#8221;0&#8243;]<\/p>\n<p>Programa Sempre Acompanhados<\/p>\n<p>[\/et_pb_text][\/et_pb_column][\/et_pb_row][\/et_pb_section]<\/p>\n","protected":false},"excerpt":{"rendered":"<p>O Centro Social e Paroquial do Campo Grande promove um apoio multidisciplinar \u00e0s Pessoas S\u00e9niores, promovendo um envelhecimento saud\u00e1vel e ativo, nas dimens\u00f5es f\u00edsicas, funcionais, ps\u00edquicas, sociais e espirituais. Desenvolvem estrat\u00e9gias preventivas e\/ou reabilitadoras de independ\u00eancia, autonomia e autodetermina\u00e7\u00e3o, nas Val\u00eancias de Centro de Dia e de Servi\u00e7o de Apoio Domicili\u00e1rio. \u00c9 desenvolvido um trabalho [&hellip;]<\/p>\n","protected":false},"author":2,"featured_media":0,"parent":0,"menu_order":0,"comment_status":"closed","ping_status":"closed","template":"","meta":{"_et_pb_use_builder":"on","_et_pb_old_content":"","_et_gb_content_width":"","footnotes":""},"class_list":["post-860","page","type-page","status-publish","hentry"],"_links":{"self":[{"href":"https:\/\/igrejacampogrande.pt\/cspcg\/wp-json\/wp\/v2\/pages\/860","targetHints":{"allow":["GET"]}}],"collection":[{"href":"https:\/\/igrejacampogrande.pt\/cspcg\/wp-json\/wp\/v2\/pages"}],"about":[{"href":"https:\/\/igrejacampogrande.pt\/cspcg\/wp-json\/wp\/v2\/types\/page"}],"author":[{"embeddable":true,"href":"https:\/\/igrejacampogrande.pt\/cspcg\/wp-json\/wp\/v2\/users\/2"}],"replies":[{"embeddable":true,"href":"https:\/\/igrejacampogrande.pt\/cspcg\/wp-json\/wp\/v2\/comments?post=860"}],"version-history":[{"count":56,"href":"https:\/\/igrejacampogrande.pt\/cspcg\/wp-json\/wp\/v2\/pages\/860\/revisions"}],"predecessor-version":[{"id":5110,"href":"https:\/\/igrejacampogrande.pt\/cspcg\/wp-json\/wp\/v2\/pages\/860\/revisions\/5110"}],"wp:attachment":[{"href":"https:\/\/igrejacampogrande.pt\/cspcg\/wp-json\/wp\/v2\/media?parent=860"}],"curies":[{"name":"wp","href":"https:\/\/api.w.org\/{rel}","templated":true}]}}