{"id":5753,"date":"2026-03-23T17:26:51","date_gmt":"2026-03-23T16:26:51","guid":{"rendered":"https:\/\/igrejacampogrande.pt\/cspcg\/?page_id=5753"},"modified":"2026-03-23T17:32:05","modified_gmt":"2026-03-23T16:32:05","slug":"prr","status":"publish","type":"page","link":"https:\/\/igrejacampogrande.pt\/cspcg\/prr\/","title":{"rendered":"PRR"},"content":{"rendered":"<p>[et_pb_section fb_built=&#8221;1&#8243; _builder_version=&#8221;4.16&#8243; global_colors_info=&#8221;{}&#8221; theme_builder_area=&#8221;post_content&#8221;][et_pb_row _builder_version=&#8221;4.16&#8243; background_size=&#8221;initial&#8221; background_position=&#8221;top_left&#8221; background_repeat=&#8221;repeat&#8221; global_colors_info=&#8221;{}&#8221; theme_builder_area=&#8221;post_content&#8221;][et_pb_column type=&#8221;4_4&#8243; _builder_version=&#8221;4.16&#8243; custom_padding=&#8221;|||&#8221; global_colors_info=&#8221;{}&#8221; custom_padding__hover=&#8221;|||&#8221; theme_builder_area=&#8221;post_content&#8221;][et_pb_text admin_label=&#8221;Text-creche-Proporcionamos viv\u00eancias&#8221; _builder_version=&#8221;4.27.4&#8243; text_line_height=&#8221;1em&#8221; background_size=&#8221;initial&#8221; background_position=&#8221;top_left&#8221; background_repeat=&#8221;repeat&#8221; hover_enabled=&#8221;0&#8243; z_index_tablet=&#8221;500&#8243; use_border_color=&#8221;off&#8221; global_colors_info=&#8221;{}&#8221; theme_builder_area=&#8221;post_content&#8221; sticky_enabled=&#8221;0&#8243;]<\/p>\n<h1><span style=\"color: #369d1d;\"><strong>Construir o futuro<\/strong><\/span><\/h1>\n<hr \/>\n<p><span>Projeto n\u00ba <strong>PRR-RE-C03-i01-11-000196<\/strong> &#8211; Fornecimento e Instala\u00e7\u00e3o de Equipamentos e Adequa\u00e7\u00e3o das Instala\u00e7\u00f5es El\u00e9ctricas da Copa e Lavandaria da SAD<\/span><\/p>\n<p><span>O presente projeto foi cofinanciado pelo Plano de Recupera\u00e7\u00e3o e Resili\u00eancia (PRR) no \u00e2mbito do investimento C03- i01 \u2013 Nova Gera\u00e7\u00e3o de Equipamentos e Respostas Sociais.<\/span><\/p>\n<p><span>O projeto centrou-se na instala\u00e7\u00e3o de equipamentos mais modernos e energeticamente eficazes nos espa\u00e7os da lavandaria e cozinha do Centro Social Paroquial do Campo Grande.<\/span><\/p>\n<p><span>Esta interven\u00e7\u00e3o permitiu um aumento de capacidade de resposta do SAD &#8211; Servi\u00e7o de Apoio Domicili\u00e1rio, e foi realizada sem qualquer imprevisto, tendo sido conclu\u00edda dentro dos prazos esperados.<\/span><\/p>\n<p><span>Data de in\u00edcio: 07\/03\/2025 \u00a0&#8211;\u00a0 Data fim: 31\/03\/2026<\/span><\/p>\n<p><span><b>Valor do financiamento: 60.150,00 \u20ac<\/b><\/span><\/p>\n<p>[\/et_pb_text][\/et_pb_column][\/et_pb_row][\/et_pb_section]<\/p>\n","protected":false},"excerpt":{"rendered":"<p>Construir o futuro Projeto n\u00ba PRR-RE-C03-i01-11-000196 &#8211; Fornecimento e Instala\u00e7\u00e3o de Equipamentos e Adequa\u00e7\u00e3o das Instala\u00e7\u00f5es El\u00e9ctricas da Copa e Lavandaria da SAD O presente projeto foi cofinanciado pelo Plano de Recupera\u00e7\u00e3o e Resili\u00eancia (PRR) no \u00e2mbito do investimento C03- i01 \u2013 Nova Gera\u00e7\u00e3o de Equipamentos e Respostas Sociais. O projeto centrou-se na instala\u00e7\u00e3o de [&hellip;]<\/p>\n","protected":false},"author":9,"featured_media":0,"parent":0,"menu_order":0,"comment_status":"closed","ping_status":"closed","template":"","meta":{"_et_pb_use_builder":"on","_et_pb_old_content":"<!-- wp:divi\/placeholder \/-->","_et_gb_content_width":"","footnotes":""},"class_list":["post-5753","page","type-page","status-publish","hentry"],"_links":{"self":[{"href":"https:\/\/igrejacampogrande.pt\/cspcg\/wp-json\/wp\/v2\/pages\/5753","targetHints":{"allow":["GET"]}}],"collection":[{"href":"https:\/\/igrejacampogrande.pt\/cspcg\/wp-json\/wp\/v2\/pages"}],"about":[{"href":"https:\/\/igrejacampogrande.pt\/cspcg\/wp-json\/wp\/v2\/types\/page"}],"author":[{"embeddable":true,"href":"https:\/\/igrejacampogrande.pt\/cspcg\/wp-json\/wp\/v2\/users\/9"}],"replies":[{"embeddable":true,"href":"https:\/\/igrejacampogrande.pt\/cspcg\/wp-json\/wp\/v2\/comments?post=5753"}],"version-history":[{"count":3,"href":"https:\/\/igrejacampogrande.pt\/cspcg\/wp-json\/wp\/v2\/pages\/5753\/revisions"}],"predecessor-version":[{"id":5756,"href":"https:\/\/igrejacampogrande.pt\/cspcg\/wp-json\/wp\/v2\/pages\/5753\/revisions\/5756"}],"wp:attachment":[{"href":"https:\/\/igrejacampogrande.pt\/cspcg\/wp-json\/wp\/v2\/media?parent=5753"}],"curies":[{"name":"wp","href":"https:\/\/api.w.org\/{rel}","templated":true}]}}