{"id":5711,"date":"2025-11-07T14:38:51","date_gmt":"2025-11-07T13:38:51","guid":{"rendered":"https:\/\/igrejacampogrande.pt\/cspcg\/?page_id=5711"},"modified":"2025-11-07T14:42:59","modified_gmt":"2025-11-07T13:42:59","slug":"apoio-alimentar","status":"publish","type":"page","link":"https:\/\/igrejacampogrande.pt\/cspcg\/apoio-alimentar\/","title":{"rendered":"Apoio Alimentar"},"content":{"rendered":"<p>[et_pb_section fb_built=&#8221;1&#8243; admin_label=&#8221;section&#8221; _builder_version=&#8221;4.16&#8243; global_colors_info=&#8221;{}&#8221;][et_pb_row admin_label=&#8221;row&#8221; _builder_version=&#8221;4.16&#8243; background_size=&#8221;initial&#8221; background_position=&#8221;top_left&#8221; background_repeat=&#8221;repeat&#8221; global_colors_info=&#8221;{}&#8221;][et_pb_column type=&#8221;4_4&#8243; _builder_version=&#8221;4.16&#8243; custom_padding=&#8221;|||&#8221; global_colors_info=&#8221;{}&#8221; custom_padding__hover=&#8221;|||&#8221;][et_pb_image src=&#8221;https:\/\/igrejacampogrande.pt\/cspcg\/wp-content\/uploads\/2025\/11\/apoio.png&#8221; title_text=&#8221;apoio&#8221; align_tablet=&#8221;center&#8221; align_phone=&#8221;&#8221; align_last_edited=&#8221;on|desktop&#8221; _builder_version=&#8221;4.27.4&#8243; z_index_tablet=&#8221;500&#8243; global_colors_info=&#8221;{}&#8221;][\/et_pb_image][\/et_pb_column][\/et_pb_row][et_pb_row column_structure=&#8221;3_4,1_4&#8243; _builder_version=&#8221;4.16&#8243; background_size=&#8221;initial&#8221; background_position=&#8221;top_left&#8221; background_repeat=&#8221;repeat&#8221; global_colors_info=&#8221;{}&#8221;][et_pb_column type=&#8221;3_4&#8243; _builder_version=&#8221;4.16&#8243; custom_padding=&#8221;|||&#8221; global_colors_info=&#8221;{}&#8221; custom_padding__hover=&#8221;|||&#8221;][et_pb_text disabled_on=&#8221;off|off|off&#8221; admin_label=&#8221;Interven\u00e7\u00e3o Comunit\u00e1ria | Atendimento Social&#8221; _builder_version=&#8221;4.27.4&#8243; header_3_text_color=&#8221;#0C71C3&#8243; background_size=&#8221;initial&#8221; background_position=&#8221;top_left&#8221; background_repeat=&#8221;repeat&#8221; z_index_tablet=&#8221;500&#8243; use_border_color=&#8221;off&#8221; global_colors_info=&#8221;{}&#8221;]<\/p>\n<h3><strong>Servi\u00e7os de Apoio a Comunidade<\/strong><\/h3>\n<p><span style=\"color: #0c71c3;\"><strong><\/strong><\/span><\/p>\n<p><span style=\"color: #0c71c3;\"><strong><\/strong><\/span><\/p>\n<p><span style=\"color: #0c71c3;\" class=\"apoio\"><strong>Apoio Alimentar\u00a0<\/strong><\/span>(parceria com o Banco Alimentar) &#8211; <span>Assistentes Sociais Andreia Carvalho e Margarida Pinto.<\/span><\/p>\n<p>Em parceria com o Banco Alimentar contra a fome e com o Apoio dos paroquianos da Par\u00f3quia do Campo Grande e dos Utentes do CSPCG, distribu\u00edmos cabazes para fam\u00edlias que deles precisem. O apoio pode ser duradouro ou pontual.<\/p>\n<p>Todas as fam\u00edlias apoiadas residem na Freguesia de Alvalade, e v\u00eam a um Atendimento Social previamente agendado com as Assistentes Sociais.<\/p>\n<p><span style=\"color: #0c71c3;\"><strong><\/strong><\/span><\/p>\n<p>&nbsp;<\/p>\n<p>[\/et_pb_text][\/et_pb_column][et_pb_column type=&#8221;1_4&#8243; _builder_version=&#8221;4.16&#8243; custom_padding=&#8221;|||&#8221; global_colors_info=&#8221;{}&#8221; custom_padding__hover=&#8221;|||&#8221;][et_pb_text _builder_version=&#8221;4.22.1&#8243; text_line_height=&#8221;1.4em&#8221; background_size=&#8221;initial&#8221; background_position=&#8221;top_left&#8221; background_repeat=&#8221;repeat&#8221; z_index_tablet=&#8221;500&#8243; use_border_color=&#8221;off&#8221; global_colors_info=&#8221;{}&#8221;]<\/p>\n<p><strong>Hor\u00e1rio<\/strong><\/p>\n<p>Atendimento Social<\/p>\n<p>Com marca\u00e7\u00e3o<\/p>\n<p><strong>Contacte<\/strong><\/p>\n<p><span>Andreia Carvalho<\/span><\/p>\n<p>Assistente Social<\/p>\n<p><span>913 551 281<\/span><\/p>\n<p><a href=\"mailto:intervencaocomunitaria@cspcg.pt\" target=\"_blank\" rel=\"noopener\">intervencaocomunitaria@cspcg.<wbr \/>pt<\/a><\/p>\n<p>&nbsp;<\/p>\n<p>[\/et_pb_text][\/et_pb_column][\/et_pb_row][\/et_pb_section]<\/p>\n","protected":false},"excerpt":{"rendered":"<p>Servi\u00e7os de Apoio a Comunidade Apoio Alimentar\u00a0(parceria com o Banco Alimentar) &#8211; Assistentes Sociais Andreia Carvalho e Margarida Pinto. Em parceria com o Banco Alimentar contra a fome e com o Apoio dos paroquianos da Par\u00f3quia do Campo Grande e dos Utentes do CSPCG, distribu\u00edmos cabazes para fam\u00edlias que deles precisem. O apoio pode ser [&hellip;]<\/p>\n","protected":false},"author":9,"featured_media":0,"parent":0,"menu_order":0,"comment_status":"closed","ping_status":"closed","template":"","meta":{"_et_pb_use_builder":"on","_et_pb_old_content":"","_et_gb_content_width":"","footnotes":""},"class_list":["post-5711","page","type-page","status-publish","hentry"],"_links":{"self":[{"href":"https:\/\/igrejacampogrande.pt\/cspcg\/wp-json\/wp\/v2\/pages\/5711","targetHints":{"allow":["GET"]}}],"collection":[{"href":"https:\/\/igrejacampogrande.pt\/cspcg\/wp-json\/wp\/v2\/pages"}],"about":[{"href":"https:\/\/igrejacampogrande.pt\/cspcg\/wp-json\/wp\/v2\/types\/page"}],"author":[{"embeddable":true,"href":"https:\/\/igrejacampogrande.pt\/cspcg\/wp-json\/wp\/v2\/users\/9"}],"replies":[{"embeddable":true,"href":"https:\/\/igrejacampogrande.pt\/cspcg\/wp-json\/wp\/v2\/comments?post=5711"}],"version-history":[{"count":2,"href":"https:\/\/igrejacampogrande.pt\/cspcg\/wp-json\/wp\/v2\/pages\/5711\/revisions"}],"predecessor-version":[{"id":5720,"href":"https:\/\/igrejacampogrande.pt\/cspcg\/wp-json\/wp\/v2\/pages\/5711\/revisions\/5720"}],"wp:attachment":[{"href":"https:\/\/igrejacampogrande.pt\/cspcg\/wp-json\/wp\/v2\/media?parent=5711"}],"curies":[{"name":"wp","href":"https:\/\/api.w.org\/{rel}","templated":true}]}}