{"id":5669,"date":"2025-11-06T17:32:20","date_gmt":"2025-11-06T16:32:20","guid":{"rendered":"https:\/\/igrejacampogrande.pt\/cspcg\/?page_id=5669"},"modified":"2025-11-06T17:38:46","modified_gmt":"2025-11-06T16:38:46","slug":"pro-infancia","status":"publish","type":"page","link":"https:\/\/igrejacampogrande.pt\/cspcg\/pro-infancia\/","title":{"rendered":"Pr\u00f3 Inf\u00e2ncia"},"content":{"rendered":"<p>[et_pb_section fb_built=&#8221;1&#8243; admin_label=&#8221;section&#8221; _builder_version=&#8221;4.16&#8243; global_colors_info=&#8221;{}&#8221;][et_pb_row admin_label=&#8221;row&#8221; _builder_version=&#8221;4.16&#8243; background_size=&#8221;initial&#8221; background_position=&#8221;top_left&#8221; background_repeat=&#8221;repeat&#8221; global_colors_info=&#8221;{}&#8221;][et_pb_column type=&#8221;4_4&#8243; _builder_version=&#8221;4.16&#8243; custom_padding=&#8221;|||&#8221; global_colors_info=&#8221;{}&#8221; custom_padding__hover=&#8221;|||&#8221;][et_pb_image src=&#8221;https:\/\/igrejacampogrande.pt\/cspcg\/wp-content\/uploads\/2025\/11\/2149073585.jpg&#8221; align_tablet=&#8221;center&#8221; align_phone=&#8221;&#8221; align_last_edited=&#8221;on|desktop&#8221; _builder_version=&#8221;4.27.4&#8243; hover_enabled=&#8221;0&#8243; z_index_tablet=&#8221;500&#8243; global_colors_info=&#8221;{}&#8221; title_text=&#8221;crian\u00e7as brincando&#8221; sticky_enabled=&#8221;0&#8243;][\/et_pb_image][\/et_pb_column][\/et_pb_row][et_pb_row column_structure=&#8221;3_4,1_4&#8243; _builder_version=&#8221;4.16&#8243; background_size=&#8221;initial&#8221; background_position=&#8221;top_left&#8221; background_repeat=&#8221;repeat&#8221; global_colors_info=&#8221;{}&#8221;][et_pb_column type=&#8221;3_4&#8243; _builder_version=&#8221;4.16&#8243; custom_padding=&#8221;|||&#8221; global_colors_info=&#8221;{}&#8221; custom_padding__hover=&#8221;|||&#8221;][et_pb_text admin_label=&#8221;Interven\u00e7\u00e3o Comunit\u00e1ria | Atendimento Social&#8221; _builder_version=&#8221;4.22.1&#8243; header_3_text_color=&#8221;#0C71C3&#8243; background_size=&#8221;initial&#8221; background_position=&#8221;top_left&#8221; background_repeat=&#8221;repeat&#8221; z_index_tablet=&#8221;500&#8243; use_border_color=&#8221;off&#8221; global_colors_info=&#8221;{}&#8221;]<\/p>\n<h3><strong><\/strong><\/h3>\n<h3><strong>Proinf\u00e2ncia<\/strong><\/h3>\n<p>O Programa ProInf\u00e2ncia \u00e9 uma iniciativa da Funda\u00e7\u00e3o \u201cla Caixa\u201d que tem como objetivo combater a pobreza infantil e promover a inclus\u00e3o social de crian\u00e7as, jovens e fam\u00edlias em situa\u00e7\u00e3o de vulnerabilidade socioecon\u00f3mica.<\/p>\n<p>At\u00e9 2024, o programa acompanhou cerca de 1.245 crian\u00e7as e adolescentes e 821 fam\u00edlias, mobilizando 50 entidades sociais em m\u00faltiplas redes territoriais.<\/p>\n<p><strong><\/strong><\/p>\n<p><span style=\"color: #0c71c3;\"><strong>A quem se dirige<\/strong><\/span><br \/>\nO programa destina-se a crian\u00e7as, jovens e fam\u00edlias em situa\u00e7\u00e3o de pobreza ou vulnerabilidade social, com idades entre 0 e 18 anos. Para integrar o programa, as fam\u00edlias s\u00e3o avaliadas atrav\u00e9s de uma classifica\u00e7\u00e3o econ\u00f3mica interna, garantindo que o apoio chega a quem mais precisa.<\/p>\n<p><strong><\/strong><\/p>\n<p><span style=\"color: #0c71c3;\"><strong>Servi\u00e7os<\/strong><\/span><br \/>\nO ProInf\u00e2ncia disponibiliza um conjunto de servi\u00e7os totalmente gratuitos, pensados para responder \u00e0s necessidades espec\u00edficas de cada crian\u00e7a e fam\u00edlia, em articula\u00e7\u00e3o com escolas, servi\u00e7os de sa\u00fade e outras entidades da comunidade.<\/p>\n<p><u>Carteira de Servi\u00e7os<\/u><\/p>\n<ul>\n<li>Refor\u00e7o educativo: apoio escolar, grupos de estudo, terapia da fala, desenvolvimento psicomotor<\/li>\n<li>Educa\u00e7\u00e3o n\u00e3o formal: atividades de tempos livres, acampamentos, atividades culturais e recreativas<\/li>\n<li>Apoio educativo familiar: oficinas parentais, orienta\u00e7\u00e3o aos respons\u00e1veis, envolvimento familiar<\/li>\n<li>Apoios psicossociais: interven\u00e7\u00f5es psicol\u00f3gicas, terapias, acompanhamento individual e familiar<\/li>\n<\/ul>\n<p><u>Carteira de Bens<\/u><\/p>\n<ul>\n<li>Material escolar<\/li>\n<li>Alimenta\u00e7\u00e3o e produtos de higiene<\/li>\n<li>Outros bens essenciais<\/li>\n<\/ul>\n<p>&nbsp;<\/p>\n<p><span style=\"color: #0c71c3;\"><strong>Rede ProInf\u00e2ncia \u2013 Alvalade<\/strong><\/span><\/p>\n<p>A Rede ProInf\u00e2ncia \u2013 Alvalade \u00e9 composta por oito entidades que trabalham em parceria para garantir a oferta destes servi\u00e7os de forma gratuita \u00e0s fam\u00edlias.<\/p>\n<p>O Centro Social Paroquial do Campo Grande \u00e9 a entidade coordenadora e de refer\u00eancia da rede, assegurando a articula\u00e7\u00e3o de todas as entidades.<\/p>\n<p>As entidades colaboradoras respons\u00e1veis pela execu\u00e7\u00e3o dos servi\u00e7os s\u00e3o:<\/p>\n<ul>\n<li>Centro Social Paroquial do Campo Grande<\/li>\n<li>Associa\u00e7\u00e3o de Trabalhadores do LNEC<\/li>\n<li>Cl\u00ednica Afonso Her\u00e9dia<\/li>\n<li>MUSSOC<\/li>\n<li>Humanus &#8211; Associa\u00e7\u00e3o Humanidades<\/li>\n<li>Banco do Beb\u00e9<\/li>\n<li>Special Olympics Portugal<\/li>\n<li>Associa\u00e7\u00e3o Santa Teresa de Jesus<\/li>\n<\/ul>\n<p>&nbsp;[\/et_pb_text][\/et_pb_column][et_pb_column type=&#8221;1_4&#8243; _builder_version=&#8221;4.16&#8243; custom_padding=&#8221;|||&#8221; global_colors_info=&#8221;{}&#8221; custom_padding__hover=&#8221;|||&#8221;][et_pb_text _builder_version=&#8221;4.27.4&#8243; text_line_height=&#8221;1.4em&#8221; background_size=&#8221;initial&#8221; background_position=&#8221;top_left&#8221; background_repeat=&#8221;repeat&#8221; hover_enabled=&#8221;0&#8243; z_index_tablet=&#8221;500&#8243; use_border_color=&#8221;off&#8221; global_colors_info=&#8221;{}&#8221; disabled_on=&#8221;off|off|off&#8221; sticky_enabled=&#8221;0&#8243;]<\/p>\n<p><strong>Hor\u00e1rio<\/strong><\/p>\n<p>Atendimento Social<\/p>\n<p>Com marca\u00e7\u00e3o<\/p>\n<p><strong>Contacte<\/strong><\/p>\n<p><span>Andreia Carvalho<\/span><\/p>\n<p>Assistente Social<\/p>\n<p><span>913 551 281<\/span><\/p>\n<p><a href=\"mailto:intervencaocomunitaria@cspcg.pt\" target=\"_blank\" rel=\"noopener\">intervencaocomunitaria@cspcg.<wbr \/>pt<\/a><\/p>\n<p>&nbsp;<\/p>\n<p>[\/et_pb_text][\/et_pb_column][\/et_pb_row][\/et_pb_section]<\/p>\n","protected":false},"excerpt":{"rendered":"<p>Proinf\u00e2ncia O Programa ProInf\u00e2ncia \u00e9 uma iniciativa da Funda\u00e7\u00e3o \u201cla Caixa\u201d que tem como objetivo combater a pobreza infantil e promover a inclus\u00e3o social de crian\u00e7as, jovens e fam\u00edlias em situa\u00e7\u00e3o de vulnerabilidade socioecon\u00f3mica. At\u00e9 2024, o programa acompanhou cerca de 1.245 crian\u00e7as e adolescentes e 821 fam\u00edlias, mobilizando 50 entidades sociais em m\u00faltiplas redes [&hellip;]<\/p>\n","protected":false},"author":9,"featured_media":0,"parent":0,"menu_order":0,"comment_status":"closed","ping_status":"closed","template":"","meta":{"_et_pb_use_builder":"on","_et_pb_old_content":"","_et_gb_content_width":"","footnotes":""},"class_list":["post-5669","page","type-page","status-publish","hentry"],"_links":{"self":[{"href":"https:\/\/igrejacampogrande.pt\/cspcg\/wp-json\/wp\/v2\/pages\/5669","targetHints":{"allow":["GET"]}}],"collection":[{"href":"https:\/\/igrejacampogrande.pt\/cspcg\/wp-json\/wp\/v2\/pages"}],"about":[{"href":"https:\/\/igrejacampogrande.pt\/cspcg\/wp-json\/wp\/v2\/types\/page"}],"author":[{"embeddable":true,"href":"https:\/\/igrejacampogrande.pt\/cspcg\/wp-json\/wp\/v2\/users\/9"}],"replies":[{"embeddable":true,"href":"https:\/\/igrejacampogrande.pt\/cspcg\/wp-json\/wp\/v2\/comments?post=5669"}],"version-history":[{"count":5,"href":"https:\/\/igrejacampogrande.pt\/cspcg\/wp-json\/wp\/v2\/pages\/5669\/revisions"}],"predecessor-version":[{"id":5679,"href":"https:\/\/igrejacampogrande.pt\/cspcg\/wp-json\/wp\/v2\/pages\/5669\/revisions\/5679"}],"wp:attachment":[{"href":"https:\/\/igrejacampogrande.pt\/cspcg\/wp-json\/wp\/v2\/media?parent=5669"}],"curies":[{"name":"wp","href":"https:\/\/api.w.org\/{rel}","templated":true}]}}