{"id":5114,"date":"2023-02-26T23:49:15","date_gmt":"2023-02-26T22:49:15","guid":{"rendered":"https:\/\/igrejacampogrande.pt\/cspcg\/?page_id=5114"},"modified":"2023-02-26T23:49:15","modified_gmt":"2023-02-26T22:49:15","slug":"cuidar-de-quem-cuida","status":"publish","type":"page","link":"https:\/\/igrejacampogrande.pt\/cspcg\/area-senior\/apoiodomiciliario\/cuidar-de-quem-cuida\/","title":{"rendered":"Cuidar de quem cuida"},"content":{"rendered":"<p>[et_pb_section fb_built=&#8221;1&#8243; _builder_version=&#8221;4.16&#8243; custom_padding=&#8221;||2px|||&#8221; global_colors_info=&#8221;{}&#8221; theme_builder_area=&#8221;post_content&#8221;][et_pb_row _builder_version=&#8221;4.16&#8243; background_size=&#8221;initial&#8221; background_position=&#8221;top_left&#8221; background_repeat=&#8221;repeat&#8221; global_colors_info=&#8221;{}&#8221; theme_builder_area=&#8221;post_content&#8221;][et_pb_column type=&#8221;4_4&#8243; _builder_version=&#8221;4.16&#8243; custom_padding=&#8221;|||&#8221; global_colors_info=&#8221;{}&#8221; custom_padding__hover=&#8221;|||&#8221; theme_builder_area=&#8221;post_content&#8221;][et_pb_text admin_label=&#8221;Text-clube S\u00c9NIOR&#8221; _builder_version=&#8221;4.20.0&#8243; background_size=&#8221;initial&#8221; background_position=&#8221;top_left&#8221; background_repeat=&#8221;repeat&#8221; hover_enabled=&#8221;0&#8243; z_index_tablet=&#8221;500&#8243; use_border_color=&#8221;off&#8221; global_colors_info=&#8221;{}&#8221; theme_builder_area=&#8221;post_content&#8221; sticky_enabled=&#8221;0&#8243;]<\/p>\n<h1><span style=\"color: #0c71c3;\"><strong>CUIDAR DE QUEM CUIDA<\/strong><\/span><\/h1>\n<hr \/>\n<p>[\/et_pb_text][\/et_pb_column][\/et_pb_row][et_pb_row _builder_version=&#8221;4.16&#8243; background_size=&#8221;initial&#8221; background_position=&#8221;top_left&#8221; background_repeat=&#8221;repeat&#8221; global_colors_info=&#8221;{}&#8221; theme_builder_area=&#8221;post_content&#8221;][et_pb_column type=&#8221;4_4&#8243; _builder_version=&#8221;4.16&#8243; custom_padding=&#8221;|||&#8221; global_colors_info=&#8221;{}&#8221; custom_padding__hover=&#8221;|||&#8221; theme_builder_area=&#8221;post_content&#8221;][et_pb_text admin_label=&#8221;Text-clube S\u00c9NIOR&#8221; _builder_version=&#8221;4.20.0&#8243; background_size=&#8221;initial&#8221; background_position=&#8221;top_left&#8221; background_repeat=&#8221;repeat&#8221; hover_enabled=&#8221;0&#8243; z_index_tablet=&#8221;500&#8243; use_border_color=&#8221;off&#8221; global_colors_info=&#8221;{}&#8221; theme_builder_area=&#8221;post_content&#8221; sticky_enabled=&#8221;0&#8243;]<\/p>\n<p>A Forma\u00e7\u00e3o de Cuidadores no Domic\u00edlio tem como objetivo a capacita\u00e7\u00e3o e refor\u00e7o de compet\u00eancias para cuidadores formais e informais de seniores. Melhore a sua qualidade de vida e da pessoa idosa de quem cuida.<\/p>\n<p>Como podemos cuidar de si para que possa cuidar do outro?<br \/>Tem d\u00favidas como melhor realizar os cuidados ao seu familiar ?<br \/>Como cuidador est\u00e1 perante uma nova realidade, sua e do seu familiar ?<br \/>Tem um cuidador formal, mas gostava de melhorar o seu desempenho nos cuidados que lhe presta?<\/p>\n<p>Ser cuidador \u00e9 desgastante, n\u00f3s ajudamos!<\/p>\n<p>M\u00f3dulos da Forma\u00e7\u00e3o:<\/p>\n<p>1 &#8211; Cuidados de higiene a S\u00e9nior semiaut\u00f3nomo ou acamado<br \/>2 &#8211; Melhor utiliza\u00e7\u00e3o de Ajudas t\u00e9cnicas<br \/>3 &#8211; Posicionamentos de preven\u00e7\u00e3o e conforto<br \/>4 -Avalia\u00e7\u00e3o de valores (TA, Glic\u00e9mia, Oxig\u00e9nio, temperatura), prepara\u00e7\u00e3o\/administra\u00e7\u00e3o medica\u00e7\u00e3o, identifica\u00e7\u00e3o altera\u00e7\u00f5es na pele, urina e fezes.<br \/>5 &#8211; Estrat\u00e9gias de comunica\u00e7\u00e3o \/dicas de como lidar com diversas patologias<\/p>\n<p>Contacte e inscreva-se:<br \/><a href=\"mailto:fernanda.nascimento@cspcg.pt\" target=\"_blank\" rel=\"noopener\">fernanda.nascimento@cspcg.pt<\/a><br \/>965 435 940 | 911 040 008<\/p>\n<p>[\/et_pb_text][\/et_pb_column][\/et_pb_row][\/et_pb_section][et_pb_section fb_built=&#8221;1&#8243; _builder_version=&#8221;4.16&#8243; _module_preset=&#8221;default&#8221; custom_padding=&#8221;0px|||||&#8221; global_colors_info=&#8221;{}&#8221; theme_builder_area=&#8221;post_content&#8221;][et_pb_row _builder_version=&#8221;4.19.0&#8243; _module_preset=&#8221;default&#8221; global_colors_info=&#8221;{}&#8221; theme_builder_area=&#8221;post_content&#8221;][et_pb_column type=&#8221;4_4&#8243; _builder_version=&#8221;4.19.0&#8243; _module_preset=&#8221;default&#8221; global_colors_info=&#8221;{}&#8221; theme_builder_area=&#8221;post_content&#8221;][et_pb_image src=&#8221;https:\/\/igrejacampogrande.pt\/cspcg\/wp-content\/uploads\/2023\/02\/cspcg-cuidarQuemCuida-1200-1200.jpg&#8221; title_text=&#8221;cspcg-cuidarQuemCuida-1200-1200&#8243; align=&#8221;center&#8221; force_fullwidth=&#8221;on&#8221; _builder_version=&#8221;4.20.0&#8243; _module_preset=&#8221;default&#8221; hover_enabled=&#8221;0&#8243; global_colors_info=&#8221;{}&#8221; theme_builder_area=&#8221;post_content&#8221; sticky_enabled=&#8221;0&#8243;][\/et_pb_image][\/et_pb_column][\/et_pb_row][\/et_pb_section]<\/p>\n","protected":false},"excerpt":{"rendered":"<p>CUIDAR DE QUEM CUIDA A Forma\u00e7\u00e3o de Cuidadores no Domic\u00edlio tem como objetivo a capacita\u00e7\u00e3o e refor\u00e7o de compet\u00eancias para cuidadores formais e informais de seniores. Melhore a sua qualidade de vida e da pessoa idosa de quem cuida. Como podemos cuidar de si para que possa cuidar do outro?Tem d\u00favidas como melhor realizar os [&hellip;]<\/p>\n","protected":false},"author":7,"featured_media":0,"parent":1183,"menu_order":0,"comment_status":"closed","ping_status":"closed","template":"","meta":{"_et_pb_use_builder":"on","_et_pb_old_content":"","_et_gb_content_width":"","footnotes":""},"class_list":["post-5114","page","type-page","status-publish","hentry"],"_links":{"self":[{"href":"https:\/\/igrejacampogrande.pt\/cspcg\/wp-json\/wp\/v2\/pages\/5114","targetHints":{"allow":["GET"]}}],"collection":[{"href":"https:\/\/igrejacampogrande.pt\/cspcg\/wp-json\/wp\/v2\/pages"}],"about":[{"href":"https:\/\/igrejacampogrande.pt\/cspcg\/wp-json\/wp\/v2\/types\/page"}],"author":[{"embeddable":true,"href":"https:\/\/igrejacampogrande.pt\/cspcg\/wp-json\/wp\/v2\/users\/7"}],"replies":[{"embeddable":true,"href":"https:\/\/igrejacampogrande.pt\/cspcg\/wp-json\/wp\/v2\/comments?post=5114"}],"version-history":[{"count":2,"href":"https:\/\/igrejacampogrande.pt\/cspcg\/wp-json\/wp\/v2\/pages\/5114\/revisions"}],"predecessor-version":[{"id":5117,"href":"https:\/\/igrejacampogrande.pt\/cspcg\/wp-json\/wp\/v2\/pages\/5114\/revisions\/5117"}],"up":[{"embeddable":true,"href":"https:\/\/igrejacampogrande.pt\/cspcg\/wp-json\/wp\/v2\/pages\/1183"}],"wp:attachment":[{"href":"https:\/\/igrejacampogrande.pt\/cspcg\/wp-json\/wp\/v2\/media?parent=5114"}],"curies":[{"name":"wp","href":"https:\/\/api.w.org\/{rel}","templated":true}]}}