{"id":5099,"date":"2023-02-26T23:25:53","date_gmt":"2023-02-26T22:25:53","guid":{"rendered":"https:\/\/igrejacampogrande.pt\/cspcg\/?page_id=5099"},"modified":"2025-10-24T19:59:14","modified_gmt":"2025-10-24T18:59:14","slug":"programa-sempre-acompanhados","status":"publish","type":"page","link":"https:\/\/igrejacampogrande.pt\/cspcg\/area-senior\/programa-sempre-acompanhados\/","title":{"rendered":"Programa Sempre Acompanhados"},"content":{"rendered":"<p>[et_pb_section fb_built=&#8221;1&#8243; _builder_version=&#8221;4.16&#8243; custom_padding=&#8221;||2px|||&#8221; global_colors_info=&#8221;{}&#8221;][et_pb_row _builder_version=&#8221;4.16&#8243; background_size=&#8221;initial&#8221; background_position=&#8221;top_left&#8221; background_repeat=&#8221;repeat&#8221; global_colors_info=&#8221;{}&#8221;][et_pb_column type=&#8221;4_4&#8243; _builder_version=&#8221;4.16&#8243; custom_padding=&#8221;|||&#8221; global_colors_info=&#8221;{}&#8221; custom_padding__hover=&#8221;|||&#8221;][et_pb_text admin_label=&#8221;Text-clube S\u00c9NIOR&#8221; _builder_version=&#8221;4.20.0&#8243; background_size=&#8221;initial&#8221; background_position=&#8221;top_left&#8221; background_repeat=&#8221;repeat&#8221; z_index_tablet=&#8221;500&#8243; use_border_color=&#8221;off&#8221; global_colors_info=&#8221;{}&#8221;]<\/p>\n<h1><span style=\"color: #0c71c3;\"><strong>PROGRAMA SEMPRE ACOMPANHADOS<\/strong><\/span><\/h1>\n<hr \/>\n<p>[\/et_pb_text][\/et_pb_column][\/et_pb_row][et_pb_row column_structure=&#8221;2_3,1_3&#8243; _builder_version=&#8221;4.16&#8243; background_size=&#8221;initial&#8221; background_position=&#8221;top_left&#8221; background_repeat=&#8221;repeat&#8221; global_colors_info=&#8221;{}&#8221;][et_pb_column type=&#8221;2_3&#8243; _builder_version=&#8221;4.16&#8243; custom_padding=&#8221;|||&#8221; global_colors_info=&#8221;{}&#8221; custom_padding__hover=&#8221;|||&#8221;][et_pb_text admin_label=&#8221;Text-clube S\u00c9NIOR&#8221; _builder_version=&#8221;4.22.1&#8243; background_size=&#8221;initial&#8221; background_position=&#8221;top_left&#8221; background_repeat=&#8221;repeat&#8221; hover_enabled=&#8221;0&#8243; z_index_tablet=&#8221;500&#8243; use_border_color=&#8221;off&#8221; global_colors_info=&#8221;{}&#8221; sticky_enabled=&#8221;0&#8243;]<\/p>\n<p>O Programa Sempre Acompanhados, da Funda\u00e7\u00e3o \u00abla Caixa\u00bb, procura responder ao desafio da solid\u00e3o numa perspetiva de preven\u00e7\u00e3o, atrav\u00e9s de uma metodologia inovadora que envolve a comunidade e promove a\u00e7\u00f5es de informa\u00e7\u00e3o e sensibiliza\u00e7\u00e3o.<\/p>\n<p>A sua miss\u00e3o \u00e9 capacitar os seniores, envolver as comunidades e sensibilizar os cidad\u00e3os para criar rela\u00e7\u00f5es de bem-estar e apoio, reduzindo situa\u00e7\u00f5es de solid\u00e3o entre a popula\u00e7\u00e3o de idade maior.<\/p>\n<p>A implementa\u00e7\u00e3o do programa, dinamizada por Ana In\u00e1cio e Madalena Furtado, conta com uma equipa especializada em colabora\u00e7\u00e3o com a C\u00e2mara Municipal de Lisboa e entidades locais, atuando em tr\u00eas eixos: a pessoa, a comunidade e a sociedade.<\/p>\n<p>O processo inicia-se quando um s\u00e9nior \u00e9 sinalizado ou manifesta interesse em participar; segue-se uma entrevista e avalia\u00e7\u00e3o individual que permitem definir, em conjunto, um plano de acompanhamento para minimizar a solid\u00e3o e dar novo sentido \u00e0 vida dessa pessoa.<\/p>\n<p>[\/et_pb_text][\/et_pb_column][et_pb_column type=&#8221;1_3&#8243; _builder_version=&#8221;4.16&#8243; custom_padding=&#8221;|||&#8221; global_colors_info=&#8221;{}&#8221; custom_padding__hover=&#8221;|||&#8221;][et_pb_image src=&#8221;https:\/\/igrejacampogrande.pt\/cspcg\/wp-content\/uploads\/2023\/02\/cspcg-programaSempreAcompanhados-equipa-600-740.jpg&#8221; title_text=&#8221;cspcg-programaSempreAcompanhados-equipa-600-740&#8243; _builder_version=&#8221;4.20.0&#8243; _module_preset=&#8221;default&#8221; global_colors_info=&#8221;{}&#8221;][\/et_pb_image][\/et_pb_column][\/et_pb_row][\/et_pb_section][et_pb_section fb_built=&#8221;1&#8243; _builder_version=&#8221;4.16&#8243; _module_preset=&#8221;default&#8221; custom_padding=&#8221;0px|||||&#8221; global_colors_info=&#8221;{}&#8221;][et_pb_row _builder_version=&#8221;4.19.0&#8243; _module_preset=&#8221;default&#8221; global_colors_info=&#8221;{}&#8221;][et_pb_column type=&#8221;4_4&#8243; _builder_version=&#8221;4.19.0&#8243; _module_preset=&#8221;default&#8221; global_colors_info=&#8221;{}&#8221;][et_pb_image src=&#8221;https:\/\/igrejacampogrande.pt\/cspcg\/wp-content\/uploads\/2023\/02\/cspcg-programaSempreAcompanhados-1200-840.jpg&#8221; title_text=&#8221;cspcg-programaSempreAcompanhados-1200-840&#8243; align=&#8221;center&#8221; force_fullwidth=&#8221;on&#8221; _builder_version=&#8221;4.20.0&#8243; _module_preset=&#8221;default&#8221; global_colors_info=&#8221;{}&#8221;][\/et_pb_image][\/et_pb_column][\/et_pb_row][\/et_pb_section]<\/p>\n","protected":false},"excerpt":{"rendered":"<p>PROGRAMA SEMPRE ACOMPANHADOS O Programa Sempre Acompanhados, da Funda\u00e7\u00e3o \u00abla Caixa\u00bb, procura responder ao desafio da solid\u00e3o numa perspetiva de preven\u00e7\u00e3o, atrav\u00e9s de uma metodologia inovadora que envolve a comunidade e promove a\u00e7\u00f5es de informa\u00e7\u00e3o e sensibiliza\u00e7\u00e3o. A sua miss\u00e3o \u00e9 capacitar os seniores, envolver as comunidades e sensibilizar os cidad\u00e3os para criar rela\u00e7\u00f5es de [&hellip;]<\/p>\n","protected":false},"author":7,"featured_media":0,"parent":860,"menu_order":0,"comment_status":"closed","ping_status":"closed","template":"","meta":{"_et_pb_use_builder":"on","_et_pb_old_content":"","_et_gb_content_width":"","footnotes":""},"class_list":["post-5099","page","type-page","status-publish","hentry"],"_links":{"self":[{"href":"https:\/\/igrejacampogrande.pt\/cspcg\/wp-json\/wp\/v2\/pages\/5099","targetHints":{"allow":["GET"]}}],"collection":[{"href":"https:\/\/igrejacampogrande.pt\/cspcg\/wp-json\/wp\/v2\/pages"}],"about":[{"href":"https:\/\/igrejacampogrande.pt\/cspcg\/wp-json\/wp\/v2\/types\/page"}],"author":[{"embeddable":true,"href":"https:\/\/igrejacampogrande.pt\/cspcg\/wp-json\/wp\/v2\/users\/7"}],"replies":[{"embeddable":true,"href":"https:\/\/igrejacampogrande.pt\/cspcg\/wp-json\/wp\/v2\/comments?post=5099"}],"version-history":[{"count":4,"href":"https:\/\/igrejacampogrande.pt\/cspcg\/wp-json\/wp\/v2\/pages\/5099\/revisions"}],"predecessor-version":[{"id":5656,"href":"https:\/\/igrejacampogrande.pt\/cspcg\/wp-json\/wp\/v2\/pages\/5099\/revisions\/5656"}],"up":[{"embeddable":true,"href":"https:\/\/igrejacampogrande.pt\/cspcg\/wp-json\/wp\/v2\/pages\/860"}],"wp:attachment":[{"href":"https:\/\/igrejacampogrande.pt\/cspcg\/wp-json\/wp\/v2\/media?parent=5099"}],"curies":[{"name":"wp","href":"https:\/\/api.w.org\/{rel}","templated":true}]}}