{"id":2907,"date":"2020-06-16T16:34:53","date_gmt":"2020-06-16T16:34:53","guid":{"rendered":"https:\/\/igrejacampogrande.pt\/cspcg\/?page_id=2907"},"modified":"2021-03-01T23:26:39","modified_gmt":"2021-03-01T22:26:39","slug":"juventude","status":"publish","type":"page","link":"https:\/\/igrejacampogrande.pt\/cspcg\/juventude\/","title":{"rendered":"Juventude"},"content":{"rendered":"<p>[et_pb_section fb_built=&#8221;1&#8243; fullwidth=&#8221;on&#8221; _builder_version=&#8221;3.22&#8243;][et_pb_fullwidth_image src=&#8221;https:\/\/igrejacampogrande.pt\/cspcg\/wp-content\/uploads\/2020\/06\/cspcg.banner.juventude.jpg&#8221; admin_label=&#8221;Fullwidth Image-escola&#8221; _builder_version=&#8221;3.22.7&#8243; z_index_tablet=&#8221;500&#8243;][\/et_pb_fullwidth_image][\/et_pb_section][et_pb_section fb_built=&#8221;1&#8243; _builder_version=&#8221;3.22&#8243;][et_pb_row _builder_version=&#8221;3.25&#8243; background_size=&#8221;initial&#8221; background_position=&#8221;top_left&#8221; background_repeat=&#8221;repeat&#8221; column_structure=&#8221;3_5,2_5&#8243;][et_pb_column type=&#8221;3_5&#8243; _builder_version=&#8221;3.25&#8243; custom_padding=&#8221;|||&#8221; custom_padding__hover=&#8221;|||&#8221;][et_pb_text _builder_version=&#8221;3.27.4&#8243; z_index_tablet=&#8221;500&#8243;]<\/p>\n<p>O <strong>Espa\u00e7o Boomerang<\/strong> do Centro Social Paroquial do Campo Grande tem como finalidade\u00a0contribuir para o bem-estar de cada jovem, entendido como a realiza\u00e7\u00e3o do seu\u00a0potencial atrav\u00e9s do desenvolvimento f\u00edsico, emocional, mental e espiritual, em rela\u00e7\u00e3o\u00a0a si pr\u00f3prio, aos outros e ao mundo que o rodeia.<\/p>\n<p>Numa idade onde a constru\u00e7\u00e3o da\u00a0identidade pessoal \u00e9 um dos focos mais importantes, pretende-se sensibilizar os\u00a0jovens para a import\u00e2ncia de conhecer-se a si mesmos, \u00e0s suas capacidades,\u00a0talentos, aptid\u00f5es, mas tamb\u00e9m \u00e0s suas limita\u00e7\u00f5es, dificuldades, aceitando-se como\u00a0s\u00e3o, mas trabalhando-se para o tipo de pessoa que querem ser, numa consci\u00eancia\u00a0critica do que vivem e do mundo \u00e0 sua volta.<\/p>\n<p>[\/et_pb_text][\/et_pb_column][et_pb_column type=&#8221;2_5&#8243; _builder_version=&#8221;3.25&#8243; custom_padding=&#8221;|||&#8221; custom_padding__hover=&#8221;|||&#8221;][et_pb_image src=&#8221;https:\/\/igrejacampogrande.pt\/cspcg\/wp-content\/uploads\/2020\/06\/cspcg-botoao-espaco-boomerang.jpg&#8221; url=&#8221;https:\/\/igrejacampogrande.pt\/cspcg\/juventude\/espaco-boomerang\/&#8221; url_new_window=&#8221;on&#8221; use_overlay=&#8221;on&#8221; overlay_icon_color=&#8221;#0c71c3&#8243; hover_overlay_color=&#8221;#ffffff&#8221; hover_icon=&#8221;%%47%%&#8221; align_tablet=&#8221;center&#8221; align_phone=&#8221;&#8221; align_last_edited=&#8221;on|desktop&#8221; admin_label=&#8221;imagem-espa\u00e7o-boomerang&#8221; _builder_version=&#8221;3.23&#8243; z_index_tablet=&#8221;500&#8243; saved_tabs=&#8221;all&#8221;][\/et_pb_image][\/et_pb_column][\/et_pb_row][\/et_pb_section]<\/p>\n","protected":false},"excerpt":{"rendered":"<p>O Espa\u00e7o Boomerang do Centro Social Paroquial do Campo Grande tem como finalidade\u00a0contribuir para o bem-estar de cada jovem, entendido como a realiza\u00e7\u00e3o do seu\u00a0potencial atrav\u00e9s do desenvolvimento f\u00edsico, emocional, mental e espiritual, em rela\u00e7\u00e3o\u00a0a si pr\u00f3prio, aos outros e ao mundo que o rodeia. Numa idade onde a constru\u00e7\u00e3o da\u00a0identidade pessoal \u00e9 um dos [&hellip;]<\/p>\n","protected":false},"author":6,"featured_media":0,"parent":0,"menu_order":0,"comment_status":"closed","ping_status":"closed","template":"","meta":{"_et_pb_use_builder":"on","_et_pb_old_content":"","_et_gb_content_width":"","footnotes":""},"class_list":["post-2907","page","type-page","status-publish","hentry"],"_links":{"self":[{"href":"https:\/\/igrejacampogrande.pt\/cspcg\/wp-json\/wp\/v2\/pages\/2907","targetHints":{"allow":["GET"]}}],"collection":[{"href":"https:\/\/igrejacampogrande.pt\/cspcg\/wp-json\/wp\/v2\/pages"}],"about":[{"href":"https:\/\/igrejacampogrande.pt\/cspcg\/wp-json\/wp\/v2\/types\/page"}],"author":[{"embeddable":true,"href":"https:\/\/igrejacampogrande.pt\/cspcg\/wp-json\/wp\/v2\/users\/6"}],"replies":[{"embeddable":true,"href":"https:\/\/igrejacampogrande.pt\/cspcg\/wp-json\/wp\/v2\/comments?post=2907"}],"version-history":[{"count":10,"href":"https:\/\/igrejacampogrande.pt\/cspcg\/wp-json\/wp\/v2\/pages\/2907\/revisions"}],"predecessor-version":[{"id":4278,"href":"https:\/\/igrejacampogrande.pt\/cspcg\/wp-json\/wp\/v2\/pages\/2907\/revisions\/4278"}],"wp:attachment":[{"href":"https:\/\/igrejacampogrande.pt\/cspcg\/wp-json\/wp\/v2\/media?parent=2907"}],"curies":[{"name":"wp","href":"https:\/\/api.w.org\/{rel}","templated":true}]}}