{"id":2771,"date":"2020-06-05T12:20:17","date_gmt":"2020-06-05T12:20:17","guid":{"rendered":"https:\/\/igrejacampogrande.pt\/cspcg\/?page_id=2771"},"modified":"2020-06-05T12:38:22","modified_gmt":"2020-06-05T12:38:22","slug":"termos-de-utilizacao-cookies","status":"publish","type":"page","link":"https:\/\/igrejacampogrande.pt\/cspcg\/termos-de-utilizacao-cookies\/","title":{"rendered":"Termos de Utiliza\u00e7\u00e3o &#8211; Cookies"},"content":{"rendered":"<p>[et_pb_section bb_built=&#8221;1&#8243; inner_width=&#8221;auto&#8221; inner_max_width=&#8221;none&#8221;][et_pb_row][et_pb_column type=&#8221;4_4&#8243;][et_pb_text _builder_version=&#8221;3.22.7&#8243; text_text_shadow_horizontal_length=&#8221;text_text_shadow_style,%91object Object%93&#8243; text_text_shadow_vertical_length=&#8221;text_text_shadow_style,%91object Object%93&#8243; text_text_shadow_blur_strength=&#8221;text_text_shadow_style,%91object Object%93&#8243; link_text_shadow_horizontal_length=&#8221;link_text_shadow_style,%91object Object%93&#8243; link_text_shadow_vertical_length=&#8221;link_text_shadow_style,%91object Object%93&#8243; link_text_shadow_blur_strength=&#8221;link_text_shadow_style,%91object Object%93&#8243; ul_text_shadow_horizontal_length=&#8221;ul_text_shadow_style,%91object Object%93&#8243; ul_text_shadow_vertical_length=&#8221;ul_text_shadow_style,%91object Object%93&#8243; ul_text_shadow_blur_strength=&#8221;ul_text_shadow_style,%91object Object%93&#8243; ol_text_shadow_horizontal_length=&#8221;ol_text_shadow_style,%91object Object%93&#8243; ol_text_shadow_vertical_length=&#8221;ol_text_shadow_style,%91object Object%93&#8243; ol_text_shadow_blur_strength=&#8221;ol_text_shadow_style,%91object Object%93&#8243; quote_text_shadow_horizontal_length=&#8221;quote_text_shadow_style,%91object Object%93&#8243; quote_text_shadow_vertical_length=&#8221;quote_text_shadow_style,%91object Object%93&#8243; quote_text_shadow_blur_strength=&#8221;quote_text_shadow_style,%91object Object%93&#8243; header_text_shadow_horizontal_length=&#8221;header_text_shadow_style,%91object Object%93&#8243; header_text_shadow_vertical_length=&#8221;header_text_shadow_style,%91object Object%93&#8243; header_text_shadow_blur_strength=&#8221;header_text_shadow_style,%91object Object%93&#8243; header_2_text_shadow_horizontal_length=&#8221;header_2_text_shadow_style,%91object Object%93&#8243; header_2_text_shadow_vertical_length=&#8221;header_2_text_shadow_style,%91object Object%93&#8243; header_2_text_shadow_blur_strength=&#8221;header_2_text_shadow_style,%91object Object%93&#8243; header_3_text_shadow_horizontal_length=&#8221;header_3_text_shadow_style,%91object Object%93&#8243; header_3_text_shadow_vertical_length=&#8221;header_3_text_shadow_style,%91object Object%93&#8243; header_3_text_shadow_blur_strength=&#8221;header_3_text_shadow_style,%91object Object%93&#8243; header_4_text_shadow_horizontal_length=&#8221;header_4_text_shadow_style,%91object Object%93&#8243; header_4_text_shadow_vertical_length=&#8221;header_4_text_shadow_style,%91object Object%93&#8243; header_4_text_shadow_blur_strength=&#8221;header_4_text_shadow_style,%91object Object%93&#8243; header_5_text_shadow_horizontal_length=&#8221;header_5_text_shadow_style,%91object Object%93&#8243; header_5_text_shadow_vertical_length=&#8221;header_5_text_shadow_style,%91object Object%93&#8243; header_5_text_shadow_blur_strength=&#8221;header_5_text_shadow_style,%91object Object%93&#8243; header_6_text_shadow_horizontal_length=&#8221;header_6_text_shadow_style,%91object Object%93&#8243; header_6_text_shadow_vertical_length=&#8221;header_6_text_shadow_style,%91object Object%93&#8243; header_6_text_shadow_blur_strength=&#8221;header_6_text_shadow_style,%91object Object%93&#8243; z_index_tablet=&#8221;500&#8243;]<\/p>\n<h2>Termos de Utiliza\u00e7\u00e3o <em>Cookies<\/em><\/h2>\n<p>\u00a0<\/p>\n<p>Um <em><strong>cookie<\/strong><\/em> \u00e9 um pequeno ficheiro de texto que um site coloca no seu computador, telefone ou qualquer outro dispositivo com acesso \u00e0 internet, contendo informa\u00e7\u00e3o sobre a sua navega\u00e7\u00e3o nesse site.<\/p>\n<p>Os <strong><em>cookies<\/em><\/strong> ret\u00eam apenas informa\u00e7\u00e3o relacionada com as suas prefer\u00eancias. Servem para facilitar a navega\u00e7\u00e3o e torn\u00e1-la mais simples e n\u00e3o danificam o seu dispositivo. Permitem uma navega\u00e7\u00e3o mais r\u00e1pida e eficiente, eliminando a necessidade de introduzir repetidamente as mesmas informa\u00e7\u00f5es.<\/p>\n<p>S\u00e3o, normalmente classificados pelo seu ciclo de vida e dom\u00ednio a que pertencem. Respectivamente ao ciclo de vida, os <strong><em>cookies<\/em><\/strong> podem ser:<\/p>\n<ul>\n<li><strong><em>Cookies<\/em><\/strong> persistentes: ficam residentes no seu dispositivo de acesso \u00e0 internet durante um determinado per\u00edodo de tempo;<\/li>\n<li><strong><em>Cookies<\/em><\/strong> de sess\u00e3o: s\u00e3o tempor\u00e1rios e s\u00e3o apagados do seu dispositivo de acesso \u00e0 internet, quando o browser \u00e9 fechado.<\/li>\n<\/ul>\n<p>Quanto ao dom\u00ednio a que pertencem, os <em><strong>cookies<\/strong><\/em> podem ser:<\/p>\n<ul>\n<li><strong><em>Cookies<\/em> <\/strong>pr\u00f3prios (First party cookies): s\u00e3o descarregados pelo website que est\u00e1 a visitar e partilham o mesmo dom\u00ednio;<\/li>\n<li><strong><em>Cookies<\/em><\/strong> de terceiros (Third party cookies): s\u00e3o descarregados para o seu dispositivo de acesso \u00e0 internet por sites de um dom\u00ednio diferente daquele que est\u00e1 a visitar.<\/li>\n<\/ul>\n<p>No nosso site os <strong><em>cookies<\/em><\/strong> servem para:<\/p>\n<ul>\n<li>Melhorar a experi\u00eancia e a velocidade de navega\u00e7\u00e3o do visitante;<\/li>\n<li>Analisar padr\u00f5es de tr\u00e1fego na internet, permitindo-nos identificar problemas e fornecer uma experi\u00eancia de navega\u00e7\u00e3o mais segura;<\/li>\n<li>Recolher estat\u00edsticas sobre o n\u00famero de visitas e a forma como os visitantes navegam no nosso site;<\/li>\n<li>Permitir a partilha de conte\u00fado nas redes sociais.<\/li>\n<\/ul>\n<p>Os <strong><em>cookies<\/em><\/strong> podem ser desativados no seu navegador. Por\u00e9m ao faz\u00ea-lo pode impedir que alguns servi\u00e7os da web funcionem corretamente, afetando, parcial ou totalmente, a navega\u00e7\u00e3o no site.<\/p>\n<p>Se pretende bloquear ou apagar os <strong><em>cookies<\/em><\/strong> deste site, pode faz\u00ea-lo modificando a configura\u00e7\u00e3o do seu navegador.\u00a0Para saber mais sobre os <em><strong>cookies<\/strong><\/em>, incluindo a forma de ver como os <strong><em>cookies<\/em><\/strong> foram criados e como gerenciar e exclu\u00ed-los, visite <a href=\"http:\/\/www.allaboutcookies.org\">www.allaboutcookies.org<\/a>, que inclui informa\u00e7\u00f5es sobre como gerir as suas configura\u00e7\u00f5es para os v\u00e1rios fornecedores de navegadores.<\/p>\n<p>O Centro Social Paroquial do Campo Grande reserva-se o direito de alterar a presente Pol\u00edtica de <strong><em>Cookies<\/em><\/strong>, assim aconselhamos a visita frequente a esta p\u00e1gina.<\/p>\n<p>Obrigado.<\/p>\n<p>[\/et_pb_text][\/et_pb_column][\/et_pb_row][\/et_pb_section]<\/p>\n","protected":false},"excerpt":{"rendered":"<p><div class=\"et_pb_row et_pb_row_0 et_pb_row_empty\">\n\t\t\t\t\n\t\t\t\t\n\t\t\t\t\n\t\t\t\t\n\t\t\t\t\n\t\t\t<\/div> Termos de Utiliza\u00e7\u00e3o Cookies\u00a0Um cookie \u00e9 um pequeno ficheiro de texto que um site coloca no seu computador, telefone ou qualquer outro dispositivo com acesso \u00e0 internet, contendo informa\u00e7\u00e3o sobre a sua navega\u00e7\u00e3o nesse site.Os cookies ret\u00eam apenas informa\u00e7\u00e3o relacionada com as suas prefer\u00eancias. Servem para facilitar a navega\u00e7\u00e3o e torn\u00e1-la mais simples e [&hellip;]<\/p>\n","protected":false},"author":6,"featured_media":0,"parent":0,"menu_order":0,"comment_status":"closed","ping_status":"closed","template":"","meta":{"_et_pb_use_builder":"on","_et_pb_old_content":"","_et_gb_content_width":"","footnotes":""},"class_list":["post-2771","page","type-page","status-publish","hentry"],"_links":{"self":[{"href":"https:\/\/igrejacampogrande.pt\/cspcg\/wp-json\/wp\/v2\/pages\/2771","targetHints":{"allow":["GET"]}}],"collection":[{"href":"https:\/\/igrejacampogrande.pt\/cspcg\/wp-json\/wp\/v2\/pages"}],"about":[{"href":"https:\/\/igrejacampogrande.pt\/cspcg\/wp-json\/wp\/v2\/types\/page"}],"author":[{"embeddable":true,"href":"https:\/\/igrejacampogrande.pt\/cspcg\/wp-json\/wp\/v2\/users\/6"}],"replies":[{"embeddable":true,"href":"https:\/\/igrejacampogrande.pt\/cspcg\/wp-json\/wp\/v2\/comments?post=2771"}],"version-history":[{"count":4,"href":"https:\/\/igrejacampogrande.pt\/cspcg\/wp-json\/wp\/v2\/pages\/2771\/revisions"}],"predecessor-version":[{"id":2782,"href":"https:\/\/igrejacampogrande.pt\/cspcg\/wp-json\/wp\/v2\/pages\/2771\/revisions\/2782"}],"wp:attachment":[{"href":"https:\/\/igrejacampogrande.pt\/cspcg\/wp-json\/wp\/v2\/media?parent=2771"}],"curies":[{"name":"wp","href":"https:\/\/api.w.org\/{rel}","templated":true}]}}