{"id":2566,"date":"2020-06-03T18:48:33","date_gmt":"2020-06-03T18:48:33","guid":{"rendered":"https:\/\/igrejacampogrande.pt\/cspcg\/?page_id=2566"},"modified":"2025-11-05T15:24:31","modified_gmt":"2025-11-05T14:24:31","slug":"o-centro-social","status":"publish","type":"page","link":"https:\/\/igrejacampogrande.pt\/cspcg\/o-centro-social\/","title":{"rendered":"O Centro Social"},"content":{"rendered":"<p>[et_pb_section fb_built=&#8221;1&#8243; disabled_on=&#8221;on|on|on&#8221; _builder_version=&#8221;4.22.1&#8243; _module_preset=&#8221;default&#8221; background_enable_color=&#8221;off&#8221; background_image=&#8221;https:\/\/igrejacampogrande.pt\/cspcg\/wp-content\/uploads\/2023\/09\/Lisboa-Background.webp&#8221; parallax=&#8221;on&#8221; parallax_method=&#8221;off&#8221; max_width=&#8221;100%&#8221; custom_padding=&#8221;0px||0px|||&#8221; disabled=&#8221;on&#8221; locked=&#8221;off&#8221; global_colors_info=&#8221;{}&#8221;][et_pb_row disabled_on=&#8221;on|on|on&#8221; _builder_version=&#8221;4.22.1&#8243; _module_preset=&#8221;default&#8221; width_tablet=&#8221;100%&#8221; width_phone=&#8221;100%&#8221; width_last_edited=&#8221;on|desktop&#8221; max_width_tablet=&#8221;&#8221; max_width_phone=&#8221;&#8221; max_width_last_edited=&#8221;on|phone&#8221; custom_margin_tablet=&#8221;42px||||false|false&#8221; custom_margin_phone=&#8221;42px||||false|false&#8221; custom_margin_last_edited=&#8221;on|phone&#8221; custom_padding=&#8221;||||false|false&#8221; disabled=&#8221;on&#8221; global_colors_info=&#8221;{}&#8221;][et_pb_column type=&#8221;4_4&#8243; _builder_version=&#8221;4.16&#8243; _module_preset=&#8221;default&#8221; global_colors_info=&#8221;{}&#8221;][et_pb_slider _builder_version=&#8221;4.22.1&#8243; _module_preset=&#8221;default&#8221; custom_margin=&#8221;||||false|false&#8221; custom_padding=&#8221;250px||250px||false|false&#8221; global_colors_info=&#8221;{}&#8221;][et_pb_slide _builder_version=&#8221;4.22.1&#8243; _module_preset=&#8221;default&#8221; background_image=&#8221;https:\/\/igrejacampogrande.pt\/cspcg\/wp-content\/uploads\/2023\/10\/697a2d28-e859-41b4-87ad-d9d14c24444d.jpeg&#8221; background_enable_image=&#8221;on&#8221; global_colors_info=&#8221;{}&#8221; sticky_transition=&#8221;on&#8221;][\/et_pb_slide][et_pb_slide _builder_version=&#8221;4.22.1&#8243; _module_preset=&#8221;default&#8221; background_image=&#8221;https:\/\/igrejacampogrande.pt\/cspcg\/wp-content\/uploads\/2023\/10\/136f2005-2966-4d78-91f9-2c77e27fb7e2.jpeg&#8221; background_enable_image=&#8221;on&#8221; global_colors_info=&#8221;{}&#8221; sticky_transition=&#8221;on&#8221;][\/et_pb_slide][et_pb_slide _builder_version=&#8221;4.22.1&#8243; _module_preset=&#8221;default&#8221; background_image=&#8221;https:\/\/igrejacampogrande.pt\/cspcg\/wp-content\/uploads\/2023\/10\/7b4d578d-0f9d-4d6c-a8b4-c313c7949fd3.jpeg&#8221; background_enable_image=&#8221;on&#8221; global_colors_info=&#8221;{}&#8221; sticky_transition=&#8221;on&#8221;][\/et_pb_slide][et_pb_slide _builder_version=&#8221;4.22.1&#8243; _module_preset=&#8221;default&#8221; background_image=&#8221;https:\/\/igrejacampogrande.pt\/cspcg\/wp-content\/uploads\/2023\/10\/a8d4dcea-d043-48d0-b3e7-aa794b6165bb.jpeg&#8221; background_enable_image=&#8221;on&#8221; global_colors_info=&#8221;{}&#8221; sticky_transition=&#8221;on&#8221;][\/et_pb_slide][et_pb_slide _builder_version=&#8221;4.22.1&#8243; _module_preset=&#8221;default&#8221; background_image=&#8221;https:\/\/igrejacampogrande.pt\/cspcg\/wp-content\/uploads\/2023\/10\/80f71895-4f6f-40f6-a146-191c9cdc8690.jpeg&#8221; background_enable_image=&#8221;on&#8221; global_colors_info=&#8221;{}&#8221; sticky_transition=&#8221;on&#8221;][\/et_pb_slide][et_pb_slide _builder_version=&#8221;4.22.1&#8243; _module_preset=&#8221;default&#8221; background_image=&#8221;https:\/\/igrejacampogrande.pt\/cspcg\/wp-content\/uploads\/2023\/10\/2db2eb90-7c66-493f-bc8a-a124db2d37a9.jpeg&#8221; background_enable_image=&#8221;on&#8221; global_colors_info=&#8221;{}&#8221; sticky_transition=&#8221;on&#8221;][\/et_pb_slide][et_pb_slide _builder_version=&#8221;4.22.1&#8243; _module_preset=&#8221;default&#8221; background_image=&#8221;https:\/\/igrejacampogrande.pt\/cspcg\/wp-content\/uploads\/2023\/10\/98b567ac-b23f-4137-974a-2689caea1161.jpeg&#8221; background_enable_image=&#8221;on&#8221; global_colors_info=&#8221;{}&#8221; sticky_transition=&#8221;on&#8221;][\/et_pb_slide][\/et_pb_slider][\/et_pb_column][\/et_pb_row][\/et_pb_section][et_pb_section fb_built=&#8221;1&#8243; admin_label=&#8221;Hist\u00f3ria e Organiza\u00e7\u00e3o&#8221; module_id=&#8221;historia&#8221; _builder_version=&#8221;4.16.0&#8243; global_colors_info=&#8221;{}&#8221;][et_pb_row _builder_version=&#8221;4.16.0&#8243; _module_preset=&#8221;default&#8221; global_colors_info=&#8221;{}&#8221;][et_pb_column type=&#8221;4_4&#8243; _builder_version=&#8221;4.16.0&#8243; _module_preset=&#8221;default&#8221; global_colors_info=&#8221;{}&#8221;][et_pb_text admin_label=&#8221;Hist\u00f3ria e Organiza\u00e7\u00e3o &#8211; t\u00edtulo&#8221; _builder_version=&#8221;4.16.0&#8243; _module_preset=&#8221;default&#8221; header_2_font=&#8221;|800|||||||&#8221; header_2_text_align=&#8221;center&#8221; header_2_text_color=&#8221;#0c71c3&#8243; border_width_bottom=&#8221;2px&#8221; border_color_bottom=&#8221;#0c71c3&#8243; global_colors_info=&#8221;{}&#8221;]<\/p>\n<h2>Hist\u00f3ria, Estatutos &amp; Organiza\u00e7\u00e3o<\/h2>\n<p>[\/et_pb_text][\/et_pb_column][\/et_pb_row][et_pb_row column_structure=&#8221;1_2,1_2&#8243; _builder_version=&#8221;4.16&#8243; background_size=&#8221;initial&#8221; background_position=&#8221;top_left&#8221; background_repeat=&#8221;repeat&#8221; global_colors_info=&#8221;{}&#8221;][et_pb_column type=&#8221;1_2&#8243; _builder_version=&#8221;4.16&#8243; custom_padding=&#8221;|||&#8221; global_colors_info=&#8221;{}&#8221; custom_padding__hover=&#8221;|||&#8221;][et_pb_text admin_label=&#8221;Text-hist\u00f3ria&#8221; _builder_version=&#8221;4.16&#8243; z_index_tablet=&#8221;500&#8243; global_colors_info=&#8221;{}&#8221;]<\/p>\n<h4><span style=\"color: #0c71c3;\"><strong>Hist\u00f3ria<\/strong><\/span><\/h4>\n<p>O Centro Social Paroquial do Campo Grande \u00e9 uma Institui\u00e7\u00e3o Particular de Solidariedade Social (IPSS) que se integra na Pastoral Socio-Caritativa da Igreja fundada a 18 de mar\u00e7o de 1988.<\/p>\n<p>[\/et_pb_text][et_pb_text admin_label=&#8221;Text-estatutos&#8221; _builder_version=&#8221;4.16.0&#8243; z_index_tablet=&#8221;500&#8243; global_colors_info=&#8221;{}&#8221;]<\/p>\n<h4><a href=\"https:\/\/www.igrejacampogrande.pt\/cspcg\/wp-content\/uploads\/sites\/4\/2015\/05\/Estatutos-CSP-11-11-2015.pdf\" target=\"_blank\" rel=\"noopener\"><span style=\"color: #0c71c3;\"><strong>Estatutos<\/strong><\/span><\/a><\/h4>\n<p>(\u2026) O Centro Social Paroquial do Campo Grande, doravante tamb\u00e9m designado abreviadamente por Centro, e uma pessoa jur\u00eddica can\u00f3nica de natureza publica, sujeita em Direito Can\u00f3nico de obriga\u00e7\u00f5es e de direitos consent\u00e2neo com a \u00edndole de instituto da lgreja Cat\u00f3lica, para desempenhar o m\u00fanus indicado nos presentes Estatutos, em ordem ao bem publico eclesial, erecta canonicamente por decreto do Ordin\u00e1rio da Diocese de 5 de Fevereiro de 1987 com Estatutos aprovados por esta autoridade eclesi\u00e1stica. (&#8230;)\u00a0\u00a0<a href=\"https:\/\/www.igrejacampogrande.pt\/cspcg\/wp-content\/uploads\/sites\/4\/2015\/05\/Estatutos-CSP-11-11-2015.pdf\" target=\"_blank\" rel=\"noopener\">ler +\u00a0<\/a><\/p>\n<p>[\/et_pb_text][\/et_pb_column][et_pb_column type=&#8221;1_2&#8243; _builder_version=&#8221;4.16&#8243; custom_padding=&#8221;|||&#8221; global_colors_info=&#8221;{}&#8221; custom_padding__hover=&#8221;|||&#8221;][et_pb_text admin_label=&#8221;Text-organiza\u00e7\u00e3o&#8221; _builder_version=&#8221;4.16&#8243; z_index_tablet=&#8221;500&#8243; global_colors_info=&#8221;{}&#8221;]<\/p>\n<h4><span style=\"color: #0c71c3;\"><strong>Organiza\u00e7\u00e3o<\/strong><\/span><\/h4>\n<p>Somos uma Institui\u00e7\u00e3o Privada de Solidariedade Social que nasceu em 1996 ap\u00f3s longos anos de trabalho na comunidade.<\/p>\n<p>Conhecemos o nosso territ\u00f3rio e as pessoas que nele habitam.<\/p>\n<p>Trabalhamos em parceria com as for\u00e7as vivas locais para encontrar respostas sociais adequadas a cada situa\u00e7\u00e3o e, num esp\u00edrito colaborativo com os residentes e as empresas de Alvalade, bem como da comunidade volunt\u00e1ria que nos apoia.<\/p>\n<p>Mantemo-nos atentos aos sinais dos tempos e \u00e0s consequ\u00eancias das mudan\u00e7as na estrutura social. Tentamos ser inovadores no servi\u00e7o aos que nos procuram e suas fam\u00edlias, com op\u00e7\u00e3o preferencial pelos mais fragilizados e pelos mais pobres.<\/p>\n<p>[\/et_pb_text][\/et_pb_column][\/et_pb_row][\/et_pb_section][et_pb_section fb_built=&#8221;1&#8243; disabled_on=&#8221;on|on|on&#8221; _builder_version=&#8221;4.22.1&#8243; _module_preset=&#8221;default&#8221; custom_padding=&#8221;0px||0px|||&#8221; disabled=&#8221;on&#8221; global_colors_info=&#8221;{}&#8221;][et_pb_row _builder_version=&#8221;4.22.1&#8243; _module_preset=&#8221;default&#8221; global_colors_info=&#8221;{}&#8221;][et_pb_column type=&#8221;4_4&#8243; _builder_version=&#8221;4.22.1&#8243; _module_preset=&#8221;default&#8221; global_colors_info=&#8221;{}&#8221;][et_pb_slider disabled_on=&#8221;on|on|on&#8221; _builder_version=&#8221;4.22.1&#8243; _module_preset=&#8221;default&#8221; custom_margin=&#8221;||||false|false&#8221; custom_padding=&#8221;250px||250px||false|false&#8221; disabled=&#8221;on&#8221; global_colors_info=&#8221;{}&#8221;][et_pb_slide _builder_version=&#8221;4.22.1&#8243; _module_preset=&#8221;default&#8221; background_image=&#8221;https:\/\/igrejacampogrande.pt\/cspcg\/wp-content\/uploads\/2023\/10\/697a2d28-e859-41b4-87ad-d9d14c24444d.jpeg&#8221; background_enable_image=&#8221;on&#8221; global_colors_info=&#8221;{}&#8221; sticky_transition=&#8221;on&#8221;][\/et_pb_slide][et_pb_slide _builder_version=&#8221;4.22.1&#8243; _module_preset=&#8221;default&#8221; background_image=&#8221;https:\/\/igrejacampogrande.pt\/cspcg\/wp-content\/uploads\/2023\/10\/136f2005-2966-4d78-91f9-2c77e27fb7e2.jpeg&#8221; background_enable_image=&#8221;on&#8221; global_colors_info=&#8221;{}&#8221; sticky_transition=&#8221;on&#8221;][\/et_pb_slide][\/et_pb_slider][\/et_pb_column][\/et_pb_row][\/et_pb_section][et_pb_section fb_built=&#8221;1&#8243; admin_label=&#8221;Hist\u00f3ria e Organiza\u00e7\u00e3o&#8221; module_id=&#8221;principios&#8221; _builder_version=&#8221;4.16.0&#8243; global_colors_info=&#8221;{}&#8221;][et_pb_row _builder_version=&#8221;4.16.0&#8243; _module_preset=&#8221;default&#8221; global_colors_info=&#8221;{}&#8221;][et_pb_column type=&#8221;4_4&#8243; _builder_version=&#8221;4.16.0&#8243; _module_preset=&#8221;default&#8221; global_colors_info=&#8221;{}&#8221;][et_pb_text admin_label=&#8221;Princ\u00edpios &#038; Valores &#8211; t\u00edtulo&#8221; _builder_version=&#8221;4.16.0&#8243; _module_preset=&#8221;default&#8221; header_2_font=&#8221;|800|||||||&#8221; header_2_text_align=&#8221;center&#8221; header_2_text_color=&#8221;#0c71c3&#8243; border_width_bottom=&#8221;2px&#8221; border_color_bottom=&#8221;#0c71c3&#8243; global_colors_info=&#8221;{}&#8221;]<\/p>\n<h2>Princ\u00edpios &amp; Valores<\/h2>\n<p>[\/et_pb_text][et_pb_text admin_label=&#8221;Text-Princ\u00edpios &#038; Valores &#8211; Intro&#8221; _builder_version=&#8221;4.16.0&#8243; z_index_tablet=&#8221;500&#8243; global_colors_info=&#8221;{}&#8221;]<\/p>\n<p>Temos uma miss\u00e3o de solidariedade e fraternidade. Promovemos o desenvolvimento integral da pessoa, respeitando a sua dignidade, num esp\u00edrito de comunidade, proximidade e confian\u00e7a, cuidando preferencialmente dos mais vulner\u00e1veis.<\/p>\n<p>Promovemos o desenvolvimento integral da Pessoa, num esp\u00edrito de comunidade, garantido a sua dignidade e fomentando o Bem Comum, sempre numa op\u00e7\u00e3o preferencial pelos mais pobres.<\/p>\n<p>Somos uma institui\u00e7\u00e3o de refer\u00eancia, procurando dar respostas adequadas e efectivas \u00e0s necessidades da comunidade, de acordo com os valores crist\u00e3os e em colabora\u00e7\u00e3o com a sociedade.<\/p>\n<p>Desenvolvemos ac\u00e7\u00f5es sociais guiadas pelos nossos valores:<\/p>\n<p>[\/et_pb_text][\/et_pb_column][\/et_pb_row][et_pb_row column_structure=&#8221;1_3,1_3,1_3&#8243; _builder_version=&#8221;4.16&#8243; background_size=&#8221;initial&#8221; background_position=&#8221;top_left&#8221; background_repeat=&#8221;repeat&#8221; global_colors_info=&#8221;{}&#8221;][et_pb_column type=&#8221;1_3&#8243; _builder_version=&#8221;4.16&#8243; custom_padding=&#8221;|||&#8221; global_colors_info=&#8221;{}&#8221; custom_padding__hover=&#8221;|||&#8221;][et_pb_text admin_label=&#8221;Amor Crist\u00e3o&#8221; _builder_version=&#8221;4.16.0&#8243; z_index_tablet=&#8221;500&#8243; global_colors_info=&#8221;{}&#8221;]<span style=\"color: #0c71c3;\"><strong>Amor crist\u00e3o <\/strong><\/span><\/p>\n<p>\u00abAmar algu\u00e9m \u00e9 querer o seu bem e trabalhar eficazmente pelo mesmo.\u00bb Bento XVI, CV<\/p>\n<p>\u00c9 um amor que serve incondicionalmente o outro.<\/p>\n<p>Acolhe a todos, sem distin\u00e7\u00e3o, e nunca desiste de ningu\u00e9m apesar das dificuldades, apostando nas pessoas uma e outra vez.[\/et_pb_text][\/et_pb_column][et_pb_column type=&#8221;1_3&#8243; _builder_version=&#8221;4.16&#8243; custom_padding=&#8221;|||&#8221; global_colors_info=&#8221;{}&#8221; custom_padding__hover=&#8221;|||&#8221;][et_pb_text admin_label=&#8221;\u00c9tica&#8221; _builder_version=&#8221;4.16.0&#8243; z_index_tablet=&#8221;500&#8243; global_colors_info=&#8221;{}&#8221;]<span style=\"color: #0c71c3;\"><strong>\u00c9tica<\/strong><\/span><\/p>\n<p>Assumir um comportamento \u00e9tico, que respeite a pessoa e a sua identidade, em todas as etapas da nossa interven\u00e7\u00e3o.<\/p>\n<p>Viver uma \u00e9tica prop\u00edcia ao ser humano, assente nos valores crist\u00e3os.[\/et_pb_text][\/et_pb_column][et_pb_column type=&#8221;1_3&#8243; _builder_version=&#8221;4.16&#8243; custom_padding=&#8221;|||&#8221; global_colors_info=&#8221;{}&#8221; custom_padding__hover=&#8221;|||&#8221;][et_pb_text admin_label=&#8221;Solidariedade&#8221; _builder_version=&#8221;4.16.0&#8243; z_index_tablet=&#8221;500&#8243; global_colors_info=&#8221;{}&#8221;]<span style=\"color: #0c71c3;\"><strong>Solidariedade<\/strong><\/span><\/p>\n<p>\u00abA solidariedade consiste, primariamente, em que todos se sintam respons\u00e1veis por todos.\u00bb Papa Bento XVI, CV<\/p>\n<p>\u00c9 a determina\u00e7\u00e3o firme e constante, de se empenhar pelo bem de todos e de cada um.[\/et_pb_text][\/et_pb_column][\/et_pb_row][et_pb_row column_structure=&#8221;1_3,1_3,1_3&#8243; _builder_version=&#8221;4.16&#8243; background_size=&#8221;initial&#8221; background_position=&#8221;top_left&#8221; background_repeat=&#8221;repeat&#8221; global_colors_info=&#8221;{}&#8221;][et_pb_column type=&#8221;1_3&#8243; _builder_version=&#8221;4.16&#8243; custom_padding=&#8221;|||&#8221; global_colors_info=&#8221;{}&#8221; custom_padding__hover=&#8221;|||&#8221;][et_pb_text admin_label=&#8221;Sentido de miss\u00e3o&#8221; _builder_version=&#8221;4.16.0&#8243; z_index_tablet=&#8221;500&#8243; global_colors_info=&#8221;{}&#8221;]<span style=\"color: #0c71c3;\"><strong>Sentido de miss\u00e3o<\/strong><\/span><\/p>\n<p>\u00c9 estar orientado para o desenvolvimento de uma rela\u00e7\u00e3o de confian\u00e7a, que seja fruto de um verdadeiro compromisso com a comunidade, procurando solu\u00e7\u00f5es para as suas necessidades no presente, e lan\u00e7ando bases para a constru\u00e7\u00e3o de um futuro assente no bem comum.[\/et_pb_text][\/et_pb_column][et_pb_column type=&#8221;1_3&#8243; _builder_version=&#8221;4.16&#8243; custom_padding=&#8221;|||&#8221; global_colors_info=&#8221;{}&#8221; custom_padding__hover=&#8221;|||&#8221;][et_pb_text admin_label=&#8221;Proximidade&#8221; _builder_version=&#8221;4.16.0&#8243; z_index_tablet=&#8221;500&#8243; global_colors_info=&#8221;{}&#8221;]<span style=\"color: #0c71c3;\"><strong>Proximidade<\/strong><\/span><\/p>\n<p>\u201cAs alegrias e as esperan\u00e7as, as tristezas e as ang\u00fastias dos homens de hoje, sobretudo dos pobres e dos homens que sofrem, s\u00e3o tamb\u00e9m as alegrias e as esperan\u00e7as, as tristezas e as angustias dos disc\u00edpulos de Cristo.\u00bb GS 1<\/p>\n<p>Desenvolver rela\u00e7\u00f5es pr\u00f3ximas, saindo ao encontro dos outros, no lugar onde eles est\u00e3o e caminhar com eles com ternura.[\/et_pb_text][\/et_pb_column][et_pb_column type=&#8221;1_3&#8243; _builder_version=&#8221;4.16&#8243; custom_padding=&#8221;|||&#8221; global_colors_info=&#8221;{}&#8221; custom_padding__hover=&#8221;|||&#8221;][et_pb_text admin_label=&#8221;Cuidar&#8221; _builder_version=&#8221;4.16.0&#8243; z_index_tablet=&#8221;500&#8243; global_colors_info=&#8221;{}&#8221;]<span style=\"color: #0c71c3;\"><strong>Cuidar<\/strong><\/span><\/p>\n<p>Cuidar-se e cuidar uns dos outros.<\/p>\n<p>Cuidar da casa comum, construir um mundo diferente, onde ningu\u00e9m se sinta exclu\u00eddo.<\/p>\n<p>Cuidar tendo em vista a excel\u00eancia t\u00e9cnica e a humaniza\u00e7\u00e3o.[\/et_pb_text][\/et_pb_column][\/et_pb_row][\/et_pb_section][et_pb_section fb_built=&#8221;1&#8243; disabled_on=&#8221;on|on|on&#8221; _builder_version=&#8221;4.22.1&#8243; _module_preset=&#8221;default&#8221; custom_padding=&#8221;1px||2px|||&#8221; disabled=&#8221;on&#8221; global_colors_info=&#8221;{}&#8221;][et_pb_row _builder_version=&#8221;4.22.1&#8243; _module_preset=&#8221;default&#8221; global_colors_info=&#8221;{}&#8221;][et_pb_column type=&#8221;4_4&#8243; _builder_version=&#8221;4.22.1&#8243; _module_preset=&#8221;default&#8221; global_colors_info=&#8221;{}&#8221;][et_pb_slider _builder_version=&#8221;4.22.1&#8243; _module_preset=&#8221;default&#8221; custom_margin=&#8221;||||false|false&#8221; custom_padding=&#8221;250px||250px||false|false&#8221; global_colors_info=&#8221;{}&#8221;][et_pb_slide _builder_version=&#8221;4.22.1&#8243; _module_preset=&#8221;default&#8221; background_image=&#8221;https:\/\/igrejacampogrande.pt\/cspcg\/wp-content\/uploads\/2023\/10\/a8d4dcea-d043-48d0-b3e7-aa794b6165bb.jpeg&#8221; background_enable_image=&#8221;on&#8221; global_colors_info=&#8221;{}&#8221; sticky_transition=&#8221;on&#8221;][\/et_pb_slide][et_pb_slide _builder_version=&#8221;4.22.1&#8243; _module_preset=&#8221;default&#8221; background_image=&#8221;https:\/\/igrejacampogrande.pt\/cspcg\/wp-content\/uploads\/2023\/10\/98b567ac-b23f-4137-974a-2689caea1161.jpeg&#8221; background_enable_image=&#8221;on&#8221; global_colors_info=&#8221;{}&#8221; sticky_transition=&#8221;on&#8221;][\/et_pb_slide][\/et_pb_slider][\/et_pb_column][\/et_pb_row][\/et_pb_section][et_pb_section fb_built=&#8221;1&#8243; admin_label=&#8221;Relat\u00f3rio &#038; Contas&#8221; module_id=&#8221;relatorios&#8221; _builder_version=&#8221;4.16.0&#8243; global_colors_info=&#8221;{}&#8221;][et_pb_row _builder_version=&#8221;4.16.0&#8243; _module_preset=&#8221;default&#8221; global_colors_info=&#8221;{}&#8221;][et_pb_column type=&#8221;4_4&#8243; _builder_version=&#8221;4.16.0&#8243; _module_preset=&#8221;default&#8221; global_colors_info=&#8221;{}&#8221;][et_pb_text admin_label=&#8221;Relat\u00f3rio &#038; Contas e Relat\u00f3rio de Atividades &#8211; t\u00edtulo&#8221; _builder_version=&#8221;4.16.0&#8243; _module_preset=&#8221;default&#8221; header_2_font=&#8221;|800|||||||&#8221; header_2_text_align=&#8221;center&#8221; header_2_text_color=&#8221;#0c71c3&#8243; border_width_bottom=&#8221;2px&#8221; border_color_bottom=&#8221;#0c71c3&#8243; global_colors_info=&#8221;{}&#8221;]<\/p>\n<h2>Relat\u00f3rio &amp; Contas e Relat\u00f3rio de Atividades<\/h2>\n<p>[\/et_pb_text][\/et_pb_column][\/et_pb_row][et_pb_row _builder_version=&#8221;4.16&#8243; background_size=&#8221;initial&#8221; background_position=&#8221;top_left&#8221; background_repeat=&#8221;repeat&#8221; global_colors_info=&#8221;{}&#8221;][et_pb_column type=&#8221;4_4&#8243; _builder_version=&#8221;4.16&#8243; custom_padding=&#8221;|||&#8221; global_colors_info=&#8221;{}&#8221; custom_padding__hover=&#8221;|||&#8221;][et_pb_text admin_label=&#8221;2015&#8243; _builder_version=&#8221;4.16.0&#8243; z_index_tablet=&#8221;500&#8243; global_colors_info=&#8221;{}&#8221;]<\/p>\n<p style=\"text-align: center;\"><a href=\"https:\/\/igrejacampogrande.pt\/cspcg\/wp-content\/uploads\/2020\/06\/cscpg-relatorio-atividade-contas-2015.pdf\" target=\"_blank\" rel=\"noopener noreferrer\">2015<\/a><\/p>\n<p>[\/et_pb_text][et_pb_text admin_label=&#8221;2016&#8243; _builder_version=&#8221;4.16.0&#8243; z_index_tablet=&#8221;500&#8243; global_colors_info=&#8221;{}&#8221;]<\/p>\n<p style=\"text-align: center;\"><a href=\"https:\/\/igrejacampogrande.pt\/cspcg\/wp-content\/uploads\/2015\/05\/2016-Relat%C3%B3rio-de-Atividades.pdf\" target=\"_blank\" rel=\"noopener noreferrer\">2016<\/a><\/p>\n<p>[\/et_pb_text][et_pb_text admin_label=&#8221;2017&#8243; _builder_version=&#8221;4.16.0&#8243; z_index_tablet=&#8221;500&#8243; global_colors_info=&#8221;{}&#8221;]<\/p>\n<p style=\"text-align: center;\"><a href=\"https:\/\/igrejacampogrande.pt\/cspcg\/wp-content\/uploads\/2018\/07\/Relat%C3%B3rio-e-Contas-2017.compressed.pdf\" target=\"_blank\" rel=\"noopener noreferrer\">2017<\/a><\/p>\n<p>[\/et_pb_text][et_pb_text admin_label=&#8221;2018&#8243; _builder_version=&#8221;4.16.0&#8243; z_index_tablet=&#8221;500&#8243; global_colors_info=&#8221;{}&#8221;]<\/p>\n<p style=\"text-align: center;\"><a href=\"https:\/\/igrejacampogrande.pt\/cspcg\/wp-content\/uploads\/2019\/04\/Relatorio-de-atividades-contas_execicio-de-2018.pdf\" target=\"_blank\" rel=\"noopener noreferrer\">2018<\/a><\/p>\n<p>[\/et_pb_text][et_pb_text admin_label=&#8221;2019&#8243; _builder_version=&#8221;4.16.0&#8243; z_index_tablet=&#8221;500&#8243; global_colors_info=&#8221;{}&#8221;]<\/p>\n<p style=\"text-align: center;\"><a href=\"https:\/\/igrejacampogrande.pt\/cspcg\/wp-content\/uploads\/2020\/07\/CSPCG.relatorio.atividade.contas.2019.pdf\" target=\"_blank\" rel=\"noopener noreferrer\">2019<\/a><\/p>\n<p>[\/et_pb_text][et_pb_text admin_label=&#8221;2020&#8243; _builder_version=&#8221;4.16.0&#8243; z_index_tablet=&#8221;500&#8243; global_colors_info=&#8221;{}&#8221;]<\/p>\n<p style=\"text-align: center;\"><a href=\"https:\/\/igrejacampogrande.pt\/cspcg\/wp-content\/uploads\/2021\/07\/cspcg-relatorioAtividades2020.pdf\" target=\"_blank\" rel=\"noopener noreferrer\">2020<\/a><\/p>\n<p>[\/et_pb_text][et_pb_text admin_label=&#8221;2021&#8243; _builder_version=&#8221;4.16.0&#8243; link_option_url=&#8221;https:\/\/igrejacampogrande.pt\/cspcg\/wp-content\/uploads\/2022\/04\/cspcg-relatorioAtividades2021.pdf&#8221; z_index_tablet=&#8221;500&#8243; global_colors_info=&#8221;{}&#8221;]<\/p>\n<p style=\"text-align: center;\"><a href=\"https:\/\/igrejacampogrande.pt\/cspcg\/wp-content\/uploads\/2022\/04\/cspcg-relatorioAtividades2021.pdf\" target=\"_blank\" rel=\"noopener noreferrer\">2021<\/a><\/p>\n<p>[\/et_pb_text][et_pb_text admin_label=&#8221;2021&#8243; _builder_version=&#8221;4.22.1&#8243; link_option_url=&#8221;https:\/\/igrejacampogrande.pt\/cspcg\/wp-content\/uploads\/2022\/04\/cspcg-relatorioAtividades2021.pdf&#8221; z_index_tablet=&#8221;500&#8243; global_colors_info=&#8221;{}&#8221;]<\/p>\n<p style=\"text-align: center;\"><a href=\"https:\/\/igrejacampogrande.pt\/cspcg\/wp-content\/uploads\/2023\/05\/cspcg-relatorioAtividades2022.pdf\" target=\"_blank\" rel=\"noopener noreferrer\">2022<\/a><\/p>\n<p>[\/et_pb_text][et_pb_text admin_label=&#8221;2021&#8243; _builder_version=&#8221;4.22.1&#8243; link_option_url=&#8221;https:\/\/igrejacampogrande.pt\/cspcg\/wp-content\/uploads\/2024\/05\/Relatorio-e-Contas-2023_final.pdf&#8221; z_index_tablet=&#8221;500&#8243; global_colors_info=&#8221;{}&#8221;]<\/p>\n<p style=\"text-align: center;\"><a href=\"https:\/\/igrejacampogrande.pt\/cspcg\/wp-content\/uploads\/2024\/05\/Relatorio-e-Contas-2023_final.pdf\" target=\"_blank\" rel=\"noopener noreferrer\">2023<\/a><\/p>\n<p>[\/et_pb_text][et_pb_text admin_label=&#8221;2021&#8243; _builder_version=&#8221;4.22.1&#8243; link_option_url=&#8221;https:\/\/igrejacampogrande.pt\/cspcg\/wp-content\/uploads\/2025\/11\/relatorio-e-contas-2024.pdf&#8221; link_option_url_new_window=&#8221;on&#8221; hover_enabled=&#8221;0&#8243; z_index_tablet=&#8221;500&#8243; global_colors_info=&#8221;{}&#8221; sticky_enabled=&#8221;0&#8243;]<\/p>\n<p style=\"text-align: center;\"><a href=\"https:\/\/igrejacampogrande.pt\/cspcg\/wp-content\/uploads\/2025\/11\/relatorio-e-contas-2024.pdf\" target=\"_blank\" rel=\"noopener noreferrer\">2024<\/a><\/p>\n<p>[\/et_pb_text][\/et_pb_column][\/et_pb_row][\/et_pb_section]<\/p>\n","protected":false},"excerpt":{"rendered":"<p>Hist\u00f3ria, Estatutos &amp; Organiza\u00e7\u00e3oHist\u00f3ria O Centro Social Paroquial do Campo Grande \u00e9 uma Institui\u00e7\u00e3o Particular de Solidariedade Social (IPSS) que se integra na Pastoral Socio-Caritativa da Igreja fundada a 18 de mar\u00e7o de 1988. Estatutos (\u2026) O Centro Social Paroquial do Campo Grande, doravante tamb\u00e9m designado abreviadamente por Centro, e uma pessoa jur\u00eddica can\u00f3nica de [&hellip;]<\/p>\n","protected":false},"author":6,"featured_media":0,"parent":0,"menu_order":0,"comment_status":"closed","ping_status":"closed","template":"","meta":{"_et_pb_use_builder":"on","_et_pb_old_content":"","_et_gb_content_width":"","footnotes":""},"class_list":["post-2566","page","type-page","status-publish","hentry"],"_links":{"self":[{"href":"https:\/\/igrejacampogrande.pt\/cspcg\/wp-json\/wp\/v2\/pages\/2566","targetHints":{"allow":["GET"]}}],"collection":[{"href":"https:\/\/igrejacampogrande.pt\/cspcg\/wp-json\/wp\/v2\/pages"}],"about":[{"href":"https:\/\/igrejacampogrande.pt\/cspcg\/wp-json\/wp\/v2\/types\/page"}],"author":[{"embeddable":true,"href":"https:\/\/igrejacampogrande.pt\/cspcg\/wp-json\/wp\/v2\/users\/6"}],"replies":[{"embeddable":true,"href":"https:\/\/igrejacampogrande.pt\/cspcg\/wp-json\/wp\/v2\/comments?post=2566"}],"version-history":[{"count":58,"href":"https:\/\/igrejacampogrande.pt\/cspcg\/wp-json\/wp\/v2\/pages\/2566\/revisions"}],"predecessor-version":[{"id":5665,"href":"https:\/\/igrejacampogrande.pt\/cspcg\/wp-json\/wp\/v2\/pages\/2566\/revisions\/5665"}],"wp:attachment":[{"href":"https:\/\/igrejacampogrande.pt\/cspcg\/wp-json\/wp\/v2\/media?parent=2566"}],"curies":[{"name":"wp","href":"https:\/\/api.w.org\/{rel}","templated":true}]}}