{"id":2521,"date":"2020-06-03T15:26:42","date_gmt":"2020-06-03T15:26:42","guid":{"rendered":"https:\/\/igrejacampogrande.pt\/cspcg\/?page_id=2521"},"modified":"2025-07-16T11:25:31","modified_gmt":"2025-07-16T10:25:31","slug":"aec-eb1-ji-santo-antonio","status":"publish","type":"page","link":"https:\/\/igrejacampogrande.pt\/cspcg\/escola\/aec-eb1-ji-santo-antonio\/","title":{"rendered":"AEC &#8211; EB1\/JI Santo Ant\u00f3nio"},"content":{"rendered":"<p>[et_pb_section fb_built=&#8221;1&#8243; _builder_version=&#8221;4.16&#8243; global_colors_info=&#8221;{}&#8221;][et_pb_row _builder_version=&#8221;4.16&#8243; background_size=&#8221;initial&#8221; background_position=&#8221;top_left&#8221; background_repeat=&#8221;repeat&#8221; global_colors_info=&#8221;{}&#8221;][et_pb_column type=&#8221;4_4&#8243; _builder_version=&#8221;4.16&#8243; custom_padding=&#8221;|||&#8221; global_colors_info=&#8221;{}&#8221; custom_padding__hover=&#8221;|||&#8221;][et_pb_text admin_label=&#8221;Text-AEC-titulo-conteudo&#8221; _builder_version=&#8221;4.16&#8243; z_index_tablet=&#8221;500&#8243; global_colors_info=&#8221;{}&#8221;]<\/p>\n<h1><span style=\"color: #0c71c3;\"><strong>AEC | Atividades de Enriquecimento Curricular<\/strong><\/span><\/h1>\n<hr \/>\n<p>&nbsp;<\/p>\n<p>O Decreto-Lei n\u00ba 139\/2012, de 5 de julho, estabelece que as escolas de 1\u00ba ciclo do ensino b\u00e1sico, devem desenvolver atividades de enriquecimento curricular com um cariz formativo, cultural e l\u00fadico, que complementam as atividades da componente curricular desenvolvidas em sala de aula.<\/p>\n<p>Deste modo, cada estabelecimento de ensino garante a oferta de uma diversidade de atividades que considera relevantes para a forma\u00e7\u00e3o integral dos seus alunos (Despacho n\u00ba 9265-B\/2013).<\/p>\n<p>De acordo com as orienta\u00e7\u00f5es legislativas, as AEC na EB1 Santo Ant\u00f3nio, cuja entidade promotora \u00e9 o CSPCG, t\u00eam um car\u00e1ter l\u00fadico\/did\u00e1tico e s\u00e3o planificadas em articula\u00e7\u00e3o com os professores titulares de turma, tendo por base o Projeto Curricular de Turma.<\/p>\n<p>Compete ao professor de AEC, em articula\u00e7\u00e3o com o professor titular de turma, planificar e explicitar de que modo a operacionaliza\u00e7\u00e3o, observa\u00e7\u00e3o e registo da evolu\u00e7\u00e3o dos alunos, nas atividades, se concretiza e desenvolve em cada campo espec\u00edfico do saber e para cada contexto de aprendizagem do aluno.<\/p>\n<p>[\/et_pb_text][\/et_pb_column][\/et_pb_row][et_pb_row column_structure=&#8221;3_4,1_4&#8243; _builder_version=&#8221;4.16&#8243; background_size=&#8221;initial&#8221; background_position=&#8221;top_left&#8221; background_repeat=&#8221;repeat&#8221; global_colors_info=&#8221;{}&#8221;][et_pb_column type=&#8221;3_4&#8243; _builder_version=&#8221;4.16&#8243; custom_padding=&#8221;|||&#8221; global_colors_info=&#8221;{}&#8221; custom_padding__hover=&#8221;|||&#8221;][et_pb_gallery gallery_ids=&#8221;3016,1445,1450,1446,1444,1451,1452&#8243; fullwidth=&#8221;on&#8221; admin_label=&#8221;Gallery-AEC&#8221; _builder_version=&#8221;4.16&#8243; auto=&#8221;on&#8221; auto_speed=&#8221;4000&#8243; z_index_tablet=&#8221;500&#8243; global_colors_info=&#8221;{}&#8221;][\/et_pb_gallery][\/et_pb_column][et_pb_column type=&#8221;1_4&#8243; _builder_version=&#8221;4.16&#8243; custom_padding=&#8221;|||&#8221; global_colors_info=&#8221;{}&#8221; custom_padding__hover=&#8221;|||&#8221;][et_pb_text admin_label=&#8221;Text-ATIVIDADES&#8221; _builder_version=&#8221;4.22.1&#8243; z_index_tablet=&#8221;500&#8243; global_colors_info=&#8221;{}&#8221;]<\/p>\n<h4><span style=\"color: #0c71c3;\"><strong>ATIVIDADES<\/strong><\/span><\/h4>\n<p>AEC Atividade F\u00edsica e Desportiva<br \/>AEC Ingl\u00eas<br \/>AEC Express\u00e3o Dram\u00e1tica<br \/>AEC M\u00fasica<\/p>\n<p>[\/et_pb_text][et_pb_text admin_label=&#8221;Text-horario-contactos-info&#8221; _builder_version=&#8221;4.22.1&#8243; hover_enabled=&#8221;0&#8243; z_index_tablet=&#8221;500&#8243; global_colors_info=&#8221;{}&#8221; sticky_enabled=&#8221;0&#8243;]<\/p>\n<p><span style=\"color: #0c71c3;\"><strong>Hor\u00e1rio<br \/><\/strong><\/span>2\u00aa a 6\u00aa feira<br \/>16h15 \u2013 17h15<\/p>\n<p><span style=\"color: #0c71c3;\"><strong>Contacte-nos<br \/><\/strong><\/span>Iva Sabino | 916\u00a0329 494<br \/><a href=\"mailto:nucleo.escola@cspcg.pt\">nucleo.escola@cspcg.pt<\/a><\/p>\n<p><span style=\"color: #0c71c3;\"><strong>Inscri\u00e7\u00e3o<br \/><\/strong><\/span>No ato da matr\u00edcula no Agrupamento Rainha Dona Leonor.<\/p>\n<p>[\/et_pb_text][\/et_pb_column][\/et_pb_row][\/et_pb_section]<\/p>\n","protected":false},"excerpt":{"rendered":"<p>AEC | Atividades de Enriquecimento Curricular &nbsp; O Decreto-Lei n\u00ba 139\/2012, de 5 de julho, estabelece que as escolas de 1\u00ba ciclo do ensino b\u00e1sico, devem desenvolver atividades de enriquecimento curricular com um cariz formativo, cultural e l\u00fadico, que complementam as atividades da componente curricular desenvolvidas em sala de aula. Deste modo, cada estabelecimento de [&hellip;]<\/p>\n","protected":false},"author":6,"featured_media":0,"parent":2494,"menu_order":0,"comment_status":"closed","ping_status":"closed","template":"","meta":{"_et_pb_use_builder":"on","_et_pb_old_content":"","_et_gb_content_width":"","footnotes":""},"class_list":["post-2521","page","type-page","status-publish","hentry"],"_links":{"self":[{"href":"https:\/\/igrejacampogrande.pt\/cspcg\/wp-json\/wp\/v2\/pages\/2521","targetHints":{"allow":["GET"]}}],"collection":[{"href":"https:\/\/igrejacampogrande.pt\/cspcg\/wp-json\/wp\/v2\/pages"}],"about":[{"href":"https:\/\/igrejacampogrande.pt\/cspcg\/wp-json\/wp\/v2\/types\/page"}],"author":[{"embeddable":true,"href":"https:\/\/igrejacampogrande.pt\/cspcg\/wp-json\/wp\/v2\/users\/6"}],"replies":[{"embeddable":true,"href":"https:\/\/igrejacampogrande.pt\/cspcg\/wp-json\/wp\/v2\/comments?post=2521"}],"version-history":[{"count":10,"href":"https:\/\/igrejacampogrande.pt\/cspcg\/wp-json\/wp\/v2\/pages\/2521\/revisions"}],"predecessor-version":[{"id":5607,"href":"https:\/\/igrejacampogrande.pt\/cspcg\/wp-json\/wp\/v2\/pages\/2521\/revisions\/5607"}],"up":[{"embeddable":true,"href":"https:\/\/igrejacampogrande.pt\/cspcg\/wp-json\/wp\/v2\/pages\/2494"}],"wp:attachment":[{"href":"https:\/\/igrejacampogrande.pt\/cspcg\/wp-json\/wp\/v2\/media?parent=2521"}],"curies":[{"name":"wp","href":"https:\/\/api.w.org\/{rel}","templated":true}]}}