{"id":2510,"date":"2020-06-03T15:19:17","date_gmt":"2020-06-03T15:19:17","guid":{"rendered":"https:\/\/igrejacampogrande.pt\/cspcg\/?page_id=2510"},"modified":"2025-11-07T16:41:59","modified_gmt":"2025-11-07T15:41:59","slug":"caf-1o-ciclo","status":"publish","type":"page","link":"https:\/\/igrejacampogrande.pt\/cspcg\/escola\/caf-1o-ciclo\/","title":{"rendered":"CAF &#8211; 1\u00ba Ciclo"},"content":{"rendered":"<p>[et_pb_section fb_built=&#8221;1&#8243; _builder_version=&#8221;4.16&#8243; global_colors_info=&#8221;{}&#8221;][et_pb_row _builder_version=&#8221;4.16&#8243; background_size=&#8221;initial&#8221; background_position=&#8221;top_left&#8221; background_repeat=&#8221;repeat&#8221; global_colors_info=&#8221;{}&#8221;][et_pb_column type=&#8221;4_4&#8243; _builder_version=&#8221;4.16&#8243; custom_padding=&#8221;|||&#8221; global_colors_info=&#8221;{}&#8221; custom_padding__hover=&#8221;|||&#8221;][et_pb_text admin_label=&#8221;Text &#8211; enquadramento&#8221; _builder_version=&#8221;4.16&#8243; z_index_tablet=&#8221;500&#8243; global_colors_info=&#8221;{}&#8221;]<\/p>\n<h1><span style=\"color: #0c71c3;\"><strong>CAF &#8211; 1\u00ba Ciclo<\/strong><\/span><\/h1>\n<hr \/>\n<p>As atividades da <strong>Componente de Apoio \u00e0 Fam\u00edlia<\/strong> (CAF) do Centro Social Paroquial do Campo Grande, s\u00e3o desenvolvidas em parceria com o Agrupamento de Escolas Rainha Dona Leonor e a C\u00e2mara Municipal de Lisboa, na EB1\/JI Santo Ant\u00f3nio, com crian\u00e7as dos 6 aos 9 anos.<\/p>\n<p>Privilegiamos um ambiente acolhedor, estimulante e desafiador, atrav\u00e9s de atividades semiestruturadas adequadas \u00e0s idades e caracter\u00edsticas de cada crian\u00e7a, tendo sempre como refer\u00eancia a identidade social, afetiva e cultural de cada uma delas.<\/p>\n<p>A CAF, tem como finalidade o desenvolvimento integral de cada crian\u00e7a no reconhecimento da sua individualidade, na intera\u00e7\u00e3o com o outro e o mundo, permitindo \u00e0 crian\u00e7a potencializar um conjunto de aquisi\u00e7\u00f5es, ajudando-a a vivenciar e a ultrapassar, de uma forma l\u00fadica e pedag\u00f3gica, as mudan\u00e7as que ocorrem durante a idade escolar.\u00a0<\/p>\n<p>[\/et_pb_text][\/et_pb_column][\/et_pb_row][et_pb_row column_structure=&#8221;2_3,1_3&#8243; _builder_version=&#8221;4.16&#8243; background_size=&#8221;initial&#8221; background_position=&#8221;top_left&#8221; background_repeat=&#8221;repeat&#8221; global_colors_info=&#8221;{}&#8221;][et_pb_column type=&#8221;2_3&#8243; _builder_version=&#8221;4.16&#8243; custom_padding=&#8221;|||&#8221; global_colors_info=&#8221;{}&#8221; custom_padding__hover=&#8221;|||&#8221;][et_pb_gallery gallery_ids=&#8221;2994,2993,2498,1000&#8243; fullwidth=&#8221;on&#8221; admin_label=&#8221;Gallery-caf&#8221; _builder_version=&#8221;4.16&#8243; auto=&#8221;on&#8221; auto_speed=&#8221;4000&#8243; z_index_tablet=&#8221;500&#8243; global_colors_info=&#8221;{}&#8221;][\/et_pb_gallery][\/et_pb_column][et_pb_column type=&#8221;1_3&#8243; _builder_version=&#8221;4.16&#8243; custom_padding=&#8221;|||&#8221; global_colors_info=&#8221;{}&#8221; custom_padding__hover=&#8221;|||&#8221;][et_pb_text admin_label=&#8221;Text-equipa-hor\u00e1rio&#8221; _builder_version=&#8221;4.27.4&#8243; text_line_height=&#8221;1em&#8221; background_size=&#8221;initial&#8221; background_position=&#8221;top_left&#8221; background_repeat=&#8221;repeat&#8221; hover_enabled=&#8221;0&#8243; z_index_tablet=&#8221;500&#8243; use_border_color=&#8221;off&#8221; global_colors_info=&#8221;{}&#8221; locked=&#8221;off&#8221; sticky_enabled=&#8221;0&#8243;]<\/p>\n<p><strong><span style=\"color: #333333;\">Contacte-nos<\/span><\/strong><\/p>\n<p>Monitores &#8211; 916 325 548<\/p>\n<p>[\/et_pb_text][et_pb_button button_url=&#8221;@ET-DC@eyJkeW5hbWljIjp0cnVlLCJjb250ZW50IjoicG9zdF9saW5rX3VybF9wYWdlIiwic2V0dGluZ3MiOnsicG9zdF9pZCI6IjUxOTYifX0=@&#8221; url_new_window=&#8221;on&#8221; button_text=&#8221;inscri\u00e7\u00e3o 2025-2026&#8243; disabled_on=&#8221;off|off|off&#8221; admin_label=&#8221;Inscri\u00e7\u00f5es&#8221; _builder_version=&#8221;4.22.1&#8243; _dynamic_attributes=&#8221;button_url&#8221; custom_button=&#8221;on&#8221; button_text_color=&#8221;#2ebdb6&#8243; global_colors_info=&#8221;{}&#8221;][\/et_pb_button][et_pb_button button_url=&#8221;https:\/\/igrejacampogrande.pt\/cspcg\/pdf\/2023\/cspcg-regulamentoInterno-2023-2024.pdf&#8221; url_new_window=&#8221;on&#8221; button_text=&#8221;Regulamento CSPCG&#8221; disabled_on=&#8221;off|off|off&#8221; admin_label=&#8221;Inscri\u00e7\u00f5es&#8221; _builder_version=&#8221;4.20.2&#8243; custom_button=&#8221;on&#8221; button_text_color=&#8221;#2ebdb6&#8243; global_colors_info=&#8221;{}&#8221;][\/et_pb_button][et_pb_button button_url=&#8221;https:\/\/igrejacampogrande.pt\/cspcg\/wp-content\/uploads\/2025\/07\/regulamento-interno-CAF_AAAF-25_26.pdf&#8221; url_new_window=&#8221;on&#8221; button_text=&#8221;Regulamento interno e Pre\u00e7\u00e1rio&#8221; disabled_on=&#8221;off|off|off&#8221; admin_label=&#8221;Inscri\u00e7\u00f5es&#8221; _builder_version=&#8221;4.22.1&#8243; custom_button=&#8221;on&#8221; button_text_color=&#8221;#2ebdb6&#8243; locked=&#8221;off&#8221; global_colors_info=&#8221;{}&#8221;][\/et_pb_button][et_pb_button button_url=&#8221;https:\/\/igrejacampogrande.pt\/cspcg\/wp-content\/uploads\/2025\/07\/setembro-pausa.pdf&#8221; url_new_window=&#8221;on&#8221; button_text=&#8221;Planifica\u00e7\u00e3o Pausa Letiva 2025&#8243; disabled_on=&#8221;off|off|off&#8221; admin_label=&#8221;Programa\u00e7\u00e3o &#8211; Pausa Letiva Setembro 2021&#8243; _builder_version=&#8221;4.22.1&#8243; custom_button=&#8221;on&#8221; button_text_color=&#8221;#2ebdb6&#8243; global_colors_info=&#8221;{}&#8221;][\/et_pb_button][et_pb_toggle title=&#8221;Funcionamento&#8221; open_toggle_text_color=&#8221;#0c71c3&#8243; open_toggle_background_color=&#8221;#ffffff&#8221; closed_toggle_text_color=&#8221;#0c71c3&#8243; closed_toggle_background_color=&#8221;#ffffff&#8221; icon_color=&#8221;#0c71c3&#8243; open_icon_color=&#8221;#0c71c3&#8243; admin_label=&#8221;Toggle-Funcionamento&#8221; _builder_version=&#8221;4.27.4&#8243; title_text_color=&#8221;#0c71c3&#8243; body_text_color=&#8221;#767777&#8243; hover_enabled=&#8221;0&#8243; z_index_tablet=&#8221;500&#8243; global_colors_info=&#8221;{}&#8221; sticky_enabled=&#8221;0&#8243;]<\/p>\n<p><span style=\"color: #0c71c3;\"><strong>Acolhimento<br \/><\/strong><\/span>8H00 &#8211; 8H45 supervisao dos tempos livres<br \/>jogos de tabuleiro, | livros e desenhos, | brincadeira nos cantinhos<\/p>\n<p><span style=\"color: #0c71c3;\"><strong>Hor\u00e1rio<br \/><\/strong><\/span>17H30 \u00c0S 19H00<br \/>Brincadeira livre orientada | Atividades de acordo com o projeto pedag\u00f3gico<\/p>\n<p><span style=\"color: #0c71c3;\"><strong>Pausas Letivas<\/strong><\/span><\/p>\n<p>Setembro, Natal, Carnaval, P\u00e1scoa e Ver\u00e3o, v\u00e9spera de ano novo e Feriados aos quais a direc\u00e7\u00e3o se quiser associar<\/p>\n<p><strong>\u00a0<span style=\"color: #0c71c3;\">Encerra<\/span><\/strong> &#8211; Agosto, v\u00e9spera de natal, ter\u00e7a-feira de carnaval, quinta-feira santa e nos dias de Toler\u00e2ncia de Ponto decretados pelo Governo a aos quais a dire\u00e7\u00e3o se queira associar<\/p>\n<p>[\/et_pb_toggle][et_pb_toggle title=&#8221;Mensalidade&#8221; open_toggle_text_color=&#8221;#0c71c3&#8243; open_toggle_background_color=&#8221;#ffffff&#8221; closed_toggle_text_color=&#8221;#0c71c3&#8243; closed_toggle_background_color=&#8221;#ffffff&#8221; icon_color=&#8221;#0c71c3&#8243; open_icon_color=&#8221;#0c71c3&#8243; admin_label=&#8221;Toggle-Mensalidade&#8221; _builder_version=&#8221;4.22.1&#8243; title_text_color=&#8221;#0c71c3&#8243; body_text_color=&#8221;#767777&#8243; z_index_tablet=&#8221;500&#8243; saved_tabs=&#8221;all&#8221; global_colors_info=&#8221;{}&#8221;]<\/p>\n<p>As mensalidades do\u00a0Hor\u00e1rio Normal\u00a0s\u00e3o:<\/p>\n<p>\u2013 Escal\u00e3o C do SASE: 30,00 EUR<\/p>\n<p>\u2013 Escal\u00e3o B do SASE: 20,00 EUR<\/p>\n<p>\u2013 Escal\u00e3o A do SASE: 7,00 EUR<\/p>\n<p>As mensalidades do Hor\u00e1rio s\u00f3 Acolhimento s\u00e3o:<\/p>\n<p>\u2013 Escal\u00e3o C do SASE: 15,00 EUR<\/p>\n<p>\u2013 Escal\u00e3o B do SASE: 10,00 EUR<\/p>\n<p>\u2013 Escal\u00e3o A do SASE: 5,00 EUR<\/p>\n<p>[\/et_pb_toggle][\/et_pb_column][\/et_pb_row][\/et_pb_section]<\/p>\n","protected":false},"excerpt":{"rendered":"<p>CAF &#8211; 1\u00ba Ciclo As atividades da Componente de Apoio \u00e0 Fam\u00edlia (CAF) do Centro Social Paroquial do Campo Grande, s\u00e3o desenvolvidas em parceria com o Agrupamento de Escolas Rainha Dona Leonor e a C\u00e2mara Municipal de Lisboa, na EB1\/JI Santo Ant\u00f3nio, com crian\u00e7as dos 6 aos 9 anos. Privilegiamos um ambiente acolhedor, estimulante e [&hellip;]<\/p>\n","protected":false},"author":6,"featured_media":0,"parent":2494,"menu_order":0,"comment_status":"closed","ping_status":"closed","template":"","meta":{"_et_pb_use_builder":"on","_et_pb_old_content":"","_et_gb_content_width":"","footnotes":""},"class_list":["post-2510","page","type-page","status-publish","hentry"],"_links":{"self":[{"href":"https:\/\/igrejacampogrande.pt\/cspcg\/wp-json\/wp\/v2\/pages\/2510","targetHints":{"allow":["GET"]}}],"collection":[{"href":"https:\/\/igrejacampogrande.pt\/cspcg\/wp-json\/wp\/v2\/pages"}],"about":[{"href":"https:\/\/igrejacampogrande.pt\/cspcg\/wp-json\/wp\/v2\/types\/page"}],"author":[{"embeddable":true,"href":"https:\/\/igrejacampogrande.pt\/cspcg\/wp-json\/wp\/v2\/users\/6"}],"replies":[{"embeddable":true,"href":"https:\/\/igrejacampogrande.pt\/cspcg\/wp-json\/wp\/v2\/comments?post=2510"}],"version-history":[{"count":74,"href":"https:\/\/igrejacampogrande.pt\/cspcg\/wp-json\/wp\/v2\/pages\/2510\/revisions"}],"predecessor-version":[{"id":5723,"href":"https:\/\/igrejacampogrande.pt\/cspcg\/wp-json\/wp\/v2\/pages\/2510\/revisions\/5723"}],"up":[{"embeddable":true,"href":"https:\/\/igrejacampogrande.pt\/cspcg\/wp-json\/wp\/v2\/pages\/2494"}],"wp:attachment":[{"href":"https:\/\/igrejacampogrande.pt\/cspcg\/wp-json\/wp\/v2\/media?parent=2510"}],"curies":[{"name":"wp","href":"https:\/\/api.w.org\/{rel}","templated":true}]}}