{"id":2501,"date":"2020-06-03T15:09:24","date_gmt":"2020-06-03T15:09:24","guid":{"rendered":"https:\/\/igrejacampogrande.pt\/cspcg\/?page_id=2501"},"modified":"2025-10-24T19:42:49","modified_gmt":"2025-10-24T18:42:49","slug":"aaaf-jardim-de-infancia","status":"publish","type":"page","link":"https:\/\/igrejacampogrande.pt\/cspcg\/escola\/aaaf-jardim-de-infancia\/","title":{"rendered":"AAAF &#8211; Jardim de Inf\u00e2ncia"},"content":{"rendered":"<p>[et_pb_section fb_built=&#8221;1&#8243; _builder_version=&#8221;4.16&#8243; global_colors_info=&#8221;{}&#8221;][et_pb_row _builder_version=&#8221;4.16&#8243; background_size=&#8221;initial&#8221; background_position=&#8221;top_left&#8221; background_repeat=&#8221;repeat&#8221; global_colors_info=&#8221;{}&#8221;][et_pb_column type=&#8221;4_4&#8243; _builder_version=&#8221;4.16&#8243; custom_padding=&#8221;|||&#8221; global_colors_info=&#8221;{}&#8221; custom_padding__hover=&#8221;|||&#8221;][et_pb_text admin_label=&#8221;Text -AAAF Jardim de Inf\u00e2ncia&#8221; _builder_version=&#8221;4.16&#8243; z_index_tablet=&#8221;500&#8243; global_colors_info=&#8221;{}&#8221;]<\/p>\n<h2><span style=\"color: #0c71c3;\"><strong>AAAF Jardim de Inf\u00e2ncia<\/strong><\/span><\/h2>\n<hr \/>\n<p>As atividades da <strong>Atividades de Anima\u00e7\u00e3o e Apoio \u00e0 Fam\u00edlia<\/strong> (AAAF).do Centro Social Paroquial do Campo Grande s\u00e3o desenvolvidas em parceria com o Agrupamento de Escolas Rainha Dona Leonor e a C\u00e2mara Municipal de Lisboa, na EB1\/JI Santo Ant\u00f3nio, com crian\u00e7as dos 3 aos 6 anos Jardim de Inf\u00e2ncia.<\/p>\n<p>Com o princ\u00edpio de \u201cAprender a brincar\u201d, promovemos o desenvolvimento e aprendizagem da crian\u00e7a, atrav\u00e9s de estrat\u00e9gias l\u00fadico-pedag\u00f3gicas, atividades nas quais a divers\u00e3o e o conhecimento se complementam de forma coerente e equilibrada. As nossas atividades s\u00e3o pensadas, estruturadas e dinamizadas apelando \u00e0 sua dimens\u00e3o mais l\u00fadica, incentivando sempre a descoberta individual da capacidade criadora de cada crian\u00e7a, procurando responder \u00e0s necessidades espec\u00edficas de cada crian\u00e7a e desenvolvendo as suas compet\u00eancias pessoais, sociais e emocionais.<\/p>\n<p>[\/et_pb_text][\/et_pb_column][\/et_pb_row][et_pb_row column_structure=&#8221;2_3,1_3&#8243; _builder_version=&#8221;4.16&#8243; background_size=&#8221;initial&#8221; background_position=&#8221;top_left&#8221; background_repeat=&#8221;repeat&#8221; global_colors_info=&#8221;{}&#8221;][et_pb_column type=&#8221;2_3&#8243; _builder_version=&#8221;4.16&#8243; custom_padding=&#8221;|||&#8221; global_colors_info=&#8221;{}&#8221; custom_padding__hover=&#8221;|||&#8221;][et_pb_gallery gallery_ids=&#8221;4806,4807,4808,4809&#8243; fullwidth=&#8221;on&#8221; admin_label=&#8221;Gallery-AAAF&#8221; _builder_version=&#8221;4.16&#8243; auto=&#8221;on&#8221; auto_speed=&#8221;4000&#8243; z_index_tablet=&#8221;500&#8243; global_colors_info=&#8221;{}&#8221;][\/et_pb_gallery][\/et_pb_column][et_pb_column type=&#8221;1_3&#8243; _builder_version=&#8221;4.16&#8243; custom_padding=&#8221;|||&#8221; global_colors_info=&#8221;{}&#8221; custom_padding__hover=&#8221;|||&#8221;][et_pb_button button_url=&#8221;@ET-DC@eyJkeW5hbWljIjp0cnVlLCJjb250ZW50IjoicG9zdF9saW5rX3VybF9wYWdlIiwic2V0dGluZ3MiOnsicG9zdF9pZCI6IjUxOTkifX0=@&#8221; url_new_window=&#8221;on&#8221; button_text=&#8221;inscri\u00e7\u00e3o 2025-2026&#8243; disabled_on=&#8221;off|off|off&#8221; admin_label=&#8221;Inscri\u00e7\u00f5es&#8221; _builder_version=&#8221;4.22.1&#8243; _dynamic_attributes=&#8221;button_url&#8221; custom_button=&#8221;on&#8221; button_text_color=&#8221;#2ebdb6&#8243; global_colors_info=&#8221;{}&#8221;][\/et_pb_button][et_pb_button button_url=&#8221;https:\/\/igrejacampogrande.pt\/cspcg\/pdf\/2023\/cspcg-regulamentoInterno-2023-2024.pdf&#8221; url_new_window=&#8221;on&#8221; button_text=&#8221;Regulamento CSPCG&#8221; disabled_on=&#8221;off|off|off&#8221; admin_label=&#8221;Inscri\u00e7\u00f5es&#8221; _builder_version=&#8221;4.20.2&#8243; custom_button=&#8221;on&#8221; button_text_color=&#8221;#2ebdb6&#8243; global_colors_info=&#8221;{}&#8221;][\/et_pb_button][et_pb_button button_url=&#8221;https:\/\/igrejacampogrande.pt\/cspcg\/wp-content\/uploads\/2025\/07\/regulamento-interno-CAF_AAAF-25_26.pdf&#8221; url_new_window=&#8221;on&#8221; button_text=&#8221;Regulamento interno e Pre\u00e7\u00e1rio&#8221; disabled_on=&#8221;off|off|off&#8221; admin_label=&#8221;Inscri\u00e7\u00f5es&#8221; _builder_version=&#8221;4.22.1&#8243; custom_button=&#8221;on&#8221; button_text_color=&#8221;#2ebdb6&#8243; global_colors_info=&#8221;{}&#8221;][\/et_pb_button][et_pb_button button_url=&#8221;https:\/\/igrejacampogrande.pt\/cspcg\/wp-content\/uploads\/2025\/07\/planificacao-AAAF-JI-2025.pdf&#8221; url_new_window=&#8221;on&#8221; button_text=&#8221;Planifica\u00e7\u00e3o Pausa Letiva&#8221; disabled_on=&#8221;on|on|on&#8221; admin_label=&#8221;Programa\u00e7\u00e3o &#8211; Pausa Letiva Setembro 2021&#8243; _builder_version=&#8221;4.22.1&#8243; custom_button=&#8221;on&#8221; button_text_color=&#8221;#2ebdb6&#8243; global_colors_info=&#8221;{}&#8221; disabled=&#8221;on&#8221; hover_enabled=&#8221;0&#8243; sticky_enabled=&#8221;0&#8243;][\/et_pb_button][et_pb_toggle title=&#8221;Funcionamento&#8221; open_toggle_text_color=&#8221;#0c71c3&#8243; open_toggle_background_color=&#8221;#ffffff&#8221; closed_toggle_text_color=&#8221;#0c71c3&#8243; closed_toggle_background_color=&#8221;#ffffff&#8221; icon_color=&#8221;#0c71c3&#8243; open_icon_color=&#8221;#0c71c3&#8243; admin_label=&#8221;Toggle-Funcionamento&#8221; _builder_version=&#8221;4.22.1&#8243; title_text_color=&#8221;#0c71c3&#8243; body_text_color=&#8221;#767777&#8243; z_index_tablet=&#8221;500&#8243; saved_tabs=&#8221;all&#8221; global_colors_info=&#8221;{}&#8221; hover_enabled=&#8221;0&#8243; sticky_enabled=&#8221;0&#8243;]<\/p>\n<p><span style=\"color: #0c71c3;\"><strong>Acolhimento<\/strong><\/span><\/p>\n<p>jogos de tabuleiro,| livros e desenhos, | brincadeira nos cantinhos<\/p>\n<p><span style=\"color: #0c71c3;\"><strong>Hor\u00e1rio<\/strong><\/span><\/p>\n<p>Lanche | Ateliers | Brincadeira livre orientada | Atividades de acordo com o projeto pedag\u00f3gico<\/p>\n<p><span style=\"color: #0c71c3;\"><strong>Pausas Letivas<\/strong><\/span><\/p>\n<p>Setembro, Natal, Carnaval, P\u00e1scoa e Ver\u00e3o<\/p>\n<p><strong><span><span style=\"color: #0c71c3;\">Encerramento<\/span><\/span><\/strong><\/p>\n<p><span>Agosto, v\u00e9spera de natal, ter\u00e7a-feira de carnaval, quinta-feira santa e nos dias de Toler\u00e2ncia de Ponto decretados pelo Governo a aos quais a dire\u00e7\u00e3o se queira associar<\/span><\/p>\n<p>&nbsp;<\/p>\n<p>[\/et_pb_toggle][et_pb_toggle title=&#8221;Mensalidades&#8221; open_toggle_text_color=&#8221;#0c71c3&#8243; open_toggle_background_color=&#8221;#ffffff&#8221; closed_toggle_text_color=&#8221;#0c71c3&#8243; closed_toggle_background_color=&#8221;#ffffff&#8221; icon_color=&#8221;#0c71c3&#8243; open_icon_color=&#8221;#0c71c3&#8243; admin_label=&#8221;Toggle-Mensalidades&#8221; _builder_version=&#8221;4.22.1&#8243; title_text_color=&#8221;#0c71c3&#8243; body_text_color=&#8221;#767777&#8243; hover_enabled=&#8221;0&#8243; z_index_tablet=&#8221;500&#8243; saved_tabs=&#8221;all&#8221; global_colors_info=&#8221;{}&#8221; sticky_enabled=&#8221;0&#8243;]<\/p>\n<p>As mensalidades do Hor\u00e1rio 15hs as 17h30 s\u00e3o:<\/p>\n<p>\u2013 Escal\u00e3o C do SASE:\u00a025,00 EUR<\/p>\n<p>\u2013 Escal\u00e3o B do SASE: 15,00 EUR<\/p>\n<p>\u2013 Escal\u00e3o A do SASE: 5,00 EUR<\/p>\n<p>As mensalidades do\u00a0Hor\u00e1rio Suplementar\u00a0s\u00e3o:<\/p>\n<p>\u2013 Escal\u00e3o C do SASE:\u00a050,00<\/p>\n<p>\u2013 Escal\u00e3o B do SASE: 30,00 EUR<\/p>\n<p>\u2013 Escal\u00e3o A do SASE: 10,00 EUR<\/p>\n<p>Os valores do acolhimento est\u00e3o inclu\u00eddos nos valores das mensalidades<\/p>\n<p>[\/et_pb_toggle][et_pb_text disabled_on=&#8221;on|on|on&#8221; admin_label=&#8221;Text -Inscri\u00e7\u00e3o&#8221; _builder_version=&#8221;4.16&#8243; z_index_tablet=&#8221;500&#8243; disabled=&#8221;on&#8221; global_colors_info=&#8221;{}&#8221;]<\/p>\n<p>COVID-19 &#8211; <a href=\"https:\/\/igrejacampogrande.pt\/cspcg\/wp-content\/uploads\/2020\/07\/Plano-de-conting\u00eancia_AAAF_CAF_Pausa-letiva-de-setembro-2020.pdf\" target=\"_blank\" rel=\"noopener noreferrer\">Plano de Conting\u00eancia<\/a><\/p>\n<p>[\/et_pb_text][\/et_pb_column][\/et_pb_row][\/et_pb_section]<\/p>\n","protected":false},"excerpt":{"rendered":"<p>AAAF Jardim de Inf\u00e2ncia As atividades da Atividades de Anima\u00e7\u00e3o e Apoio \u00e0 Fam\u00edlia (AAAF).do Centro Social Paroquial do Campo Grande s\u00e3o desenvolvidas em parceria com o Agrupamento de Escolas Rainha Dona Leonor e a C\u00e2mara Municipal de Lisboa, na EB1\/JI Santo Ant\u00f3nio, com crian\u00e7as dos 3 aos 6 anos Jardim de Inf\u00e2ncia. Com o [&hellip;]<\/p>\n","protected":false},"author":6,"featured_media":0,"parent":2494,"menu_order":0,"comment_status":"closed","ping_status":"closed","template":"","meta":{"_et_pb_use_builder":"on","_et_pb_old_content":"","_et_gb_content_width":"","footnotes":""},"class_list":["post-2501","page","type-page","status-publish","hentry"],"_links":{"self":[{"href":"https:\/\/igrejacampogrande.pt\/cspcg\/wp-json\/wp\/v2\/pages\/2501","targetHints":{"allow":["GET"]}}],"collection":[{"href":"https:\/\/igrejacampogrande.pt\/cspcg\/wp-json\/wp\/v2\/pages"}],"about":[{"href":"https:\/\/igrejacampogrande.pt\/cspcg\/wp-json\/wp\/v2\/types\/page"}],"author":[{"embeddable":true,"href":"https:\/\/igrejacampogrande.pt\/cspcg\/wp-json\/wp\/v2\/users\/6"}],"replies":[{"embeddable":true,"href":"https:\/\/igrejacampogrande.pt\/cspcg\/wp-json\/wp\/v2\/comments?post=2501"}],"version-history":[{"count":58,"href":"https:\/\/igrejacampogrande.pt\/cspcg\/wp-json\/wp\/v2\/pages\/2501\/revisions"}],"predecessor-version":[{"id":5649,"href":"https:\/\/igrejacampogrande.pt\/cspcg\/wp-json\/wp\/v2\/pages\/2501\/revisions\/5649"}],"up":[{"embeddable":true,"href":"https:\/\/igrejacampogrande.pt\/cspcg\/wp-json\/wp\/v2\/pages\/2494"}],"wp:attachment":[{"href":"https:\/\/igrejacampogrande.pt\/cspcg\/wp-json\/wp\/v2\/media?parent=2501"}],"curies":[{"name":"wp","href":"https:\/\/api.w.org\/{rel}","templated":true}]}}