{"id":1358,"date":"2016-04-29T09:18:49","date_gmt":"2016-04-29T09:18:49","guid":{"rendered":"http:\/\/igrejacampogrande.pt\/cspcg\/?page_id=1358"},"modified":"2026-01-30T15:05:43","modified_gmt":"2026-01-30T14:05:43","slug":"creche","status":"publish","type":"page","link":"https:\/\/igrejacampogrande.pt\/cspcg\/area-da-infancia\/creche\/","title":{"rendered":"Creche"},"content":{"rendered":"<p>[et_pb_section fb_built=&#8221;1&#8243; _builder_version=&#8221;4.16&#8243; global_colors_info=&#8221;{}&#8221;][et_pb_row column_structure=&#8221;2_3,1_3&#8243; _builder_version=&#8221;4.16&#8243; background_size=&#8221;initial&#8221; background_position=&#8221;top_left&#8221; background_repeat=&#8221;repeat&#8221; global_colors_info=&#8221;{}&#8221;][et_pb_column type=&#8221;2_3&#8243; _builder_version=&#8221;4.16&#8243; custom_padding=&#8221;|||&#8221; global_colors_info=&#8221;{}&#8221; custom_padding__hover=&#8221;|||&#8221;][et_pb_text admin_label=&#8221;Text-creche-Proporcionamos viv\u00eancias&#8221; _builder_version=&#8221;4.16&#8243; text_line_height=&#8221;1em&#8221; background_size=&#8221;initial&#8221; background_position=&#8221;top_left&#8221; background_repeat=&#8221;repeat&#8221; z_index_tablet=&#8221;500&#8243; use_border_color=&#8221;off&#8221; global_colors_info=&#8221;{}&#8221;]<\/p>\n<h1><span style=\"color: #0c71c3;\"><strong>CRECHE<\/strong><\/span><\/h1>\n<hr \/>\n<p>As crian\u00e7as, mesmo as mais novas, constroem uma compreens\u00e3o pr\u00f3pria do mundo atrav\u00e9s do envolvimento ativo com pessoas, mat\u00e9rias e ideias.<\/p>\n<p>[\/et_pb_text][et_pb_gallery gallery_ids=&#8221;5693,5694,5695,5697,5698,5699,5700,5701,5702,5703,5704,5705,5706,5707,5708&#8243; fullwidth=&#8221;on&#8221; admin_label=&#8221;Gallery-creche&#8221; _builder_version=&#8221;4.27.4&#8243; auto=&#8221;on&#8221; auto_speed=&#8221;4000&#8243; hover_enabled=&#8221;0&#8243; z_index_tablet=&#8221;500&#8243; global_colors_info=&#8221;{}&#8221; sticky_enabled=&#8221;0&#8243;][\/et_pb_gallery][et_pb_text admin_label=&#8221;Text-atividades&#8221; _builder_version=&#8221;4.16&#8243; z_index_tablet=&#8221;500&#8243; global_colors_info=&#8221;{}&#8221;]<\/p>\n<h4><span style=\"color: #0c71c3;\"><strong>Adquirem conhecimento<\/strong><\/span><\/h4>\n<p>Escolhendo\/Explorando\/Manipulando\/Praticando\/Fazendo experi\u00eancias\u2026<\/p>\n<p>[\/et_pb_text][\/et_pb_column][et_pb_column type=&#8221;1_3&#8243; _builder_version=&#8221;4.16&#8243; custom_padding=&#8221;|||&#8221; global_colors_info=&#8221;{}&#8221; custom_padding__hover=&#8221;|||&#8221;][et_pb_text admin_label=&#8221;Text-equipa-hor\u00e1rio&#8221; _builder_version=&#8221;4.22.1&#8243; text_line_height=&#8221;1em&#8221; background_size=&#8221;initial&#8221; background_position=&#8221;top_left&#8221; background_repeat=&#8221;repeat&#8221; z_index_tablet=&#8221;500&#8243; use_border_color=&#8221;off&#8221; global_colors_info=&#8221;{}&#8221;]<\/p>\n<h4><span style=\"color: #0c71c3;\"><strong>Equipa<\/strong><\/span><\/h4>\n<p>Coordenadora Pedag\u00f3gica (Educadora)<\/p>\n<p>Assistente Social<\/p>\n<p>Psic\u00f3loga<\/p>\n<p>Educadoras de Inf\u00e2ncia<\/p>\n<p>Auxiliares de A\u00e7\u00e3o Educativa<\/p>\n<p>Auxiliar de Servi\u00e7os gerais<\/p>\n<h4><span style=\"color: #00aeef;\"><strong><br \/><span style=\"color: #0c71c3;\">Hor\u00e1rio<\/span><\/strong><\/span><\/h4>\n<p><strong>2\u00aa a 6\u00aa feira<\/strong><\/p>\n<p><strong>08:00 \u00e0s 18:00<\/strong><\/p>\n<p><strong>dos 3 meses aos 3 anos<\/strong><\/p>\n<p>5 salas com capacidade para 66 crian\u00e7as<\/p>\n<p>2 salas de ber\u00e7\u00e1rio<\/p>\n<p>3 salas de transi\u00e7\u00e3o, entre 1 e 3 anos<\/p>\n<p><strong><span style=\"color: #333333;\">Contacte-nos<\/span><\/strong><\/p>\n<p>217 812 480<\/p>\n<p>[\/et_pb_text][et_pb_toggle title=&#8221;Atividades Sociopedag\u00f3gicas&#8221; open_toggle_text_color=&#8221;#0c71c3&#8243; open_toggle_background_color=&#8221;#ffffff&#8221; closed_toggle_text_color=&#8221;#0c71c3&#8243; closed_toggle_background_color=&#8221;#ffffff&#8221; icon_color=&#8221;#0c71c3&#8243; open_icon_color=&#8221;#0c71c3&#8243; admin_label=&#8221;Toggle-Funcionamento&#8221; _builder_version=&#8221;4.27.4&#8243; title_text_color=&#8221;#0c71c3&#8243; body_text_color=&#8221;#767777&#8243; hover_enabled=&#8221;0&#8243; z_index_tablet=&#8221;500&#8243; saved_tabs=&#8221;all&#8221; global_colors_info=&#8221;{}&#8221; sticky_enabled=&#8221;0&#8243;]<span style=\"color: #0c71c3;\"><strong>Enriquecimento<\/strong><\/span><\/p>\n<p>Express\u00e3o Motora<\/p>\n<p><span style=\"color: #0c71c3;\"><strong>Extras<\/strong><\/span><\/p>\n<ul>\n<li style=\"font-weight: 400;\">M\u00fasica<\/li>\n<li style=\"font-weight: 400;\">Ingl\u00eas<\/li>\n<li style=\"font-weight: 400;\">Movimento e Relaxamento<\/li>\n<\/ul>\n<p>[\/et_pb_toggle][et_pb_button button_url=&#8221;https:\/\/igrejacampogrande.pt\/cspcg\/wp-content\/uploads\/2024\/10\/Candidatura-Creche.pdf&#8221; url_new_window=&#8221;on&#8221; button_text=&#8221;FICHA DE CANDIDATURA&#8221; admin_label=&#8221;FICHA DE CANDIDATURA&#8221; _builder_version=&#8221;4.22.1&#8243; custom_button=&#8221;on&#8221; button_text_color=&#8221;#ffffff&#8221; button_bg_color=&#8221;#0c71c3&#8243; z_index_tablet=&#8221;500&#8243; global_colors_info=&#8221;{}&#8221; button_text_size__hover_enabled=&#8221;off&#8221; button_text_size__hover=&#8221;null&#8221; button_one_text_size__hover_enabled=&#8221;off&#8221; button_one_text_size__hover=&#8221;null&#8221; button_two_text_size__hover_enabled=&#8221;off&#8221; button_two_text_size__hover=&#8221;null&#8221; button_text_color__hover_enabled=&#8221;off&#8221; button_text_color__hover=&#8221;null&#8221; button_one_text_color__hover_enabled=&#8221;off&#8221; button_one_text_color__hover=&#8221;null&#8221; button_two_text_color__hover_enabled=&#8221;off&#8221; button_two_text_color__hover=&#8221;null&#8221; button_border_width__hover_enabled=&#8221;off&#8221; button_border_width__hover=&#8221;null&#8221; button_one_border_width__hover_enabled=&#8221;off&#8221; button_one_border_width__hover=&#8221;null&#8221; button_two_border_width__hover_enabled=&#8221;off&#8221; button_two_border_width__hover=&#8221;null&#8221; button_border_color__hover_enabled=&#8221;off&#8221; button_border_color__hover=&#8221;null&#8221; button_one_border_color__hover_enabled=&#8221;off&#8221; button_one_border_color__hover=&#8221;null&#8221; button_two_border_color__hover_enabled=&#8221;off&#8221; button_two_border_color__hover=&#8221;null&#8221; button_border_radius__hover_enabled=&#8221;off&#8221; button_border_radius__hover=&#8221;null&#8221; button_one_border_radius__hover_enabled=&#8221;off&#8221; button_one_border_radius__hover=&#8221;null&#8221; button_two_border_radius__hover_enabled=&#8221;off&#8221; button_two_border_radius__hover=&#8221;null&#8221; button_letter_spacing__hover_enabled=&#8221;off&#8221; button_letter_spacing__hover=&#8221;null&#8221; button_one_letter_spacing__hover_enabled=&#8221;off&#8221; button_one_letter_spacing__hover=&#8221;null&#8221; button_two_letter_spacing__hover_enabled=&#8221;off&#8221; button_two_letter_spacing__hover=&#8221;null&#8221; button_bg_color__hover_enabled=&#8221;off&#8221; button_bg_color__hover=&#8221;null&#8221; button_one_bg_color__hover_enabled=&#8221;off&#8221; button_one_bg_color__hover=&#8221;null&#8221; button_two_bg_color__hover_enabled=&#8221;off&#8221; button_two_bg_color__hover=&#8221;null&#8221;][\/et_pb_button][et_pb_button button_url=&#8221;https:\/\/igrejacampogrande.pt\/cspcg\/wp-content\/uploads\/2025\/08\/Anexo-I-ao-Reg.-Int.-do-CSPCG-Reg.-REsp.-Soc.-Creche.pdf&#8221; url_new_window=&#8221;on&#8221; button_text=&#8221;REGULAMENTO INTERNO&#8221; admin_label=&#8221;REGULAMENTO INTERNO&#8221; _builder_version=&#8221;4.22.1&#8243; z_index_tablet=&#8221;500&#8243; global_colors_info=&#8221;{}&#8221; button_text_size__hover_enabled=&#8221;off&#8221; button_text_size__hover=&#8221;null&#8221; button_one_text_size__hover_enabled=&#8221;off&#8221; button_one_text_size__hover=&#8221;null&#8221; button_two_text_size__hover_enabled=&#8221;off&#8221; button_two_text_size__hover=&#8221;null&#8221; button_text_color__hover_enabled=&#8221;off&#8221; button_text_color__hover=&#8221;null&#8221; button_one_text_color__hover_enabled=&#8221;off&#8221; button_one_text_color__hover=&#8221;null&#8221; button_two_text_color__hover_enabled=&#8221;off&#8221; button_two_text_color__hover=&#8221;null&#8221; button_border_width__hover_enabled=&#8221;off&#8221; button_border_width__hover=&#8221;null&#8221; button_one_border_width__hover_enabled=&#8221;off&#8221; button_one_border_width__hover=&#8221;null&#8221; button_two_border_width__hover_enabled=&#8221;off&#8221; button_two_border_width__hover=&#8221;null&#8221; button_border_color__hover_enabled=&#8221;off&#8221; button_border_color__hover=&#8221;null&#8221; button_one_border_color__hover_enabled=&#8221;off&#8221; button_one_border_color__hover=&#8221;null&#8221; button_two_border_color__hover_enabled=&#8221;off&#8221; button_two_border_color__hover=&#8221;null&#8221; button_border_radius__hover_enabled=&#8221;off&#8221; button_border_radius__hover=&#8221;null&#8221; button_one_border_radius__hover_enabled=&#8221;off&#8221; button_one_border_radius__hover=&#8221;null&#8221; button_two_border_radius__hover_enabled=&#8221;off&#8221; button_two_border_radius__hover=&#8221;null&#8221; button_letter_spacing__hover_enabled=&#8221;off&#8221; button_letter_spacing__hover=&#8221;null&#8221; button_one_letter_spacing__hover_enabled=&#8221;off&#8221; button_one_letter_spacing__hover=&#8221;null&#8221; button_two_letter_spacing__hover_enabled=&#8221;off&#8221; button_two_letter_spacing__hover=&#8221;null&#8221; button_bg_color__hover_enabled=&#8221;off&#8221; button_bg_color__hover=&#8221;null&#8221; button_one_bg_color__hover_enabled=&#8221;off&#8221; button_one_bg_color__hover=&#8221;null&#8221; button_two_bg_color__hover_enabled=&#8221;off&#8221; button_two_bg_color__hover=&#8221;null&#8221;][\/et_pb_button][et_pb_button button_url=&#8221;https:\/\/igrejacampogrande.pt\/cspcg\/wp-content\/uploads\/2023\/09\/2022_Regulamento-interno-do-Centro-Social.pdf&#8221; url_new_window=&#8221;on&#8221; button_text=&#8221;REGULAMENTO CSPCG&#8221; admin_label=&#8221;REGULAMENTO INTERNO&#8221; _builder_version=&#8221;4.22.1&#8243; z_index_tablet=&#8221;500&#8243; global_colors_info=&#8221;{}&#8221; button_text_size__hover_enabled=&#8221;off&#8221; button_text_size__hover=&#8221;null&#8221; button_one_text_size__hover_enabled=&#8221;off&#8221; button_one_text_size__hover=&#8221;null&#8221; button_two_text_size__hover_enabled=&#8221;off&#8221; button_two_text_size__hover=&#8221;null&#8221; button_text_color__hover_enabled=&#8221;off&#8221; button_text_color__hover=&#8221;null&#8221; button_one_text_color__hover_enabled=&#8221;off&#8221; button_one_text_color__hover=&#8221;null&#8221; button_two_text_color__hover_enabled=&#8221;off&#8221; button_two_text_color__hover=&#8221;null&#8221; button_border_width__hover_enabled=&#8221;off&#8221; button_border_width__hover=&#8221;null&#8221; button_one_border_width__hover_enabled=&#8221;off&#8221; button_one_border_width__hover=&#8221;null&#8221; button_two_border_width__hover_enabled=&#8221;off&#8221; button_two_border_width__hover=&#8221;null&#8221; button_border_color__hover_enabled=&#8221;off&#8221; button_border_color__hover=&#8221;null&#8221; button_one_border_color__hover_enabled=&#8221;off&#8221; button_one_border_color__hover=&#8221;null&#8221; button_two_border_color__hover_enabled=&#8221;off&#8221; button_two_border_color__hover=&#8221;null&#8221; button_border_radius__hover_enabled=&#8221;off&#8221; button_border_radius__hover=&#8221;null&#8221; button_one_border_radius__hover_enabled=&#8221;off&#8221; button_one_border_radius__hover=&#8221;null&#8221; button_two_border_radius__hover_enabled=&#8221;off&#8221; button_two_border_radius__hover=&#8221;null&#8221; button_letter_spacing__hover_enabled=&#8221;off&#8221; button_letter_spacing__hover=&#8221;null&#8221; button_one_letter_spacing__hover_enabled=&#8221;off&#8221; button_one_letter_spacing__hover=&#8221;null&#8221; button_two_letter_spacing__hover_enabled=&#8221;off&#8221; button_two_letter_spacing__hover=&#8221;null&#8221; button_bg_color__hover_enabled=&#8221;off&#8221; button_bg_color__hover=&#8221;null&#8221; button_one_bg_color__hover_enabled=&#8221;off&#8221; button_one_bg_color__hover=&#8221;null&#8221; button_two_bg_color__hover_enabled=&#8221;off&#8221; button_two_bg_color__hover=&#8221;null&#8221;][\/et_pb_button][et_pb_button button_url=&#8221;https:\/\/igrejacampogrande.pt\/cspcg\/wp-content\/uploads\/2025\/09\/Anexo-I-A-ao-Regulamento-Interno-Creche-Precario-2025-2026.pdf&#8221; url_new_window=&#8221;on&#8221; button_text=&#8221;PRE\u00c7\u00c1RIO&#8221; admin_label=&#8221;PRE\u00c7\u00c1RIO&#8221; _builder_version=&#8221;4.22.1&#8243; z_index_tablet=&#8221;500&#8243; global_colors_info=&#8221;{}&#8221; button_text_size__hover_enabled=&#8221;off&#8221; button_text_size__hover=&#8221;null&#8221; button_one_text_size__hover_enabled=&#8221;off&#8221; button_one_text_size__hover=&#8221;null&#8221; button_two_text_size__hover_enabled=&#8221;off&#8221; button_two_text_size__hover=&#8221;null&#8221; button_text_color__hover_enabled=&#8221;off&#8221; button_text_color__hover=&#8221;null&#8221; button_one_text_color__hover_enabled=&#8221;off&#8221; button_one_text_color__hover=&#8221;null&#8221; button_two_text_color__hover_enabled=&#8221;off&#8221; button_two_text_color__hover=&#8221;null&#8221; button_border_width__hover_enabled=&#8221;off&#8221; button_border_width__hover=&#8221;null&#8221; button_one_border_width__hover_enabled=&#8221;off&#8221; button_one_border_width__hover=&#8221;null&#8221; button_two_border_width__hover_enabled=&#8221;off&#8221; button_two_border_width__hover=&#8221;null&#8221; button_border_color__hover_enabled=&#8221;off&#8221; button_border_color__hover=&#8221;null&#8221; button_one_border_color__hover_enabled=&#8221;off&#8221; button_one_border_color__hover=&#8221;null&#8221; button_two_border_color__hover_enabled=&#8221;off&#8221; button_two_border_color__hover=&#8221;null&#8221; button_border_radius__hover_enabled=&#8221;off&#8221; button_border_radius__hover=&#8221;null&#8221; button_one_border_radius__hover_enabled=&#8221;off&#8221; button_one_border_radius__hover=&#8221;null&#8221; button_two_border_radius__hover_enabled=&#8221;off&#8221; button_two_border_radius__hover=&#8221;null&#8221; button_letter_spacing__hover_enabled=&#8221;off&#8221; button_letter_spacing__hover=&#8221;null&#8221; button_one_letter_spacing__hover_enabled=&#8221;off&#8221; button_one_letter_spacing__hover=&#8221;null&#8221; button_two_letter_spacing__hover_enabled=&#8221;off&#8221; button_two_letter_spacing__hover=&#8221;null&#8221; button_bg_color__hover_enabled=&#8221;off&#8221; button_bg_color__hover=&#8221;null&#8221; button_one_bg_color__hover_enabled=&#8221;off&#8221; button_one_bg_color__hover=&#8221;null&#8221; button_two_bg_color__hover_enabled=&#8221;off&#8221; button_two_bg_color__hover=&#8221;null&#8221;][\/et_pb_button][\/et_pb_column][\/et_pb_row][\/et_pb_section]<\/p>\n","protected":false},"excerpt":{"rendered":"<p>CRECHE As crian\u00e7as, mesmo as mais novas, constroem uma compreens\u00e3o pr\u00f3pria do mundo atrav\u00e9s do envolvimento ativo com pessoas, mat\u00e9rias e ideias.Adquirem conhecimento Escolhendo\/Explorando\/Manipulando\/Praticando\/Fazendo experi\u00eancias\u2026Equipa Coordenadora Pedag\u00f3gica (Educadora) Assistente Social Psic\u00f3loga Educadoras de Inf\u00e2ncia Auxiliares de A\u00e7\u00e3o Educativa Auxiliar de Servi\u00e7os gerais Hor\u00e1rio 2\u00aa a 6\u00aa feira 08:00 \u00e0s 18:00 dos 3 meses aos 3 [&hellip;]<\/p>\n","protected":false},"author":5,"featured_media":0,"parent":862,"menu_order":0,"comment_status":"closed","ping_status":"closed","template":"","meta":{"_et_pb_use_builder":"on","_et_pb_old_content":"","_et_gb_content_width":"","footnotes":""},"class_list":["post-1358","page","type-page","status-publish","hentry"],"_links":{"self":[{"href":"https:\/\/igrejacampogrande.pt\/cspcg\/wp-json\/wp\/v2\/pages\/1358","targetHints":{"allow":["GET"]}}],"collection":[{"href":"https:\/\/igrejacampogrande.pt\/cspcg\/wp-json\/wp\/v2\/pages"}],"about":[{"href":"https:\/\/igrejacampogrande.pt\/cspcg\/wp-json\/wp\/v2\/types\/page"}],"author":[{"embeddable":true,"href":"https:\/\/igrejacampogrande.pt\/cspcg\/wp-json\/wp\/v2\/users\/5"}],"replies":[{"embeddable":true,"href":"https:\/\/igrejacampogrande.pt\/cspcg\/wp-json\/wp\/v2\/comments?post=1358"}],"version-history":[{"count":60,"href":"https:\/\/igrejacampogrande.pt\/cspcg\/wp-json\/wp\/v2\/pages\/1358\/revisions"}],"predecessor-version":[{"id":5736,"href":"https:\/\/igrejacampogrande.pt\/cspcg\/wp-json\/wp\/v2\/pages\/1358\/revisions\/5736"}],"up":[{"embeddable":true,"href":"https:\/\/igrejacampogrande.pt\/cspcg\/wp-json\/wp\/v2\/pages\/862"}],"wp:attachment":[{"href":"https:\/\/igrejacampogrande.pt\/cspcg\/wp-json\/wp\/v2\/media?parent=1358"}],"curies":[{"name":"wp","href":"https:\/\/api.w.org\/{rel}","templated":true}]}}