{"id":1194,"date":"2016-03-01T11:57:43","date_gmt":"2016-03-01T11:57:43","guid":{"rendered":"http:\/\/igrejacampogrande.pt\/cspcg\/?page_id=1194"},"modified":"2025-10-24T19:54:17","modified_gmt":"2025-10-24T18:54:17","slug":"clube-senior","status":"publish","type":"page","link":"https:\/\/igrejacampogrande.pt\/cspcg\/area-senior\/clube-senior\/","title":{"rendered":"Clube S\u00e9nior"},"content":{"rendered":"<p>[et_pb_section fb_built=&#8221;1&#8243; _builder_version=&#8221;4.16&#8243; custom_padding=&#8221;||2px|||&#8221; global_colors_info=&#8221;{}&#8221;][et_pb_row _builder_version=&#8221;4.16&#8243; background_size=&#8221;initial&#8221; background_position=&#8221;top_left&#8221; background_repeat=&#8221;repeat&#8221; global_colors_info=&#8221;{}&#8221;][et_pb_column type=&#8221;4_4&#8243; _builder_version=&#8221;4.16&#8243; custom_padding=&#8221;|||&#8221; global_colors_info=&#8221;{}&#8221; custom_padding__hover=&#8221;|||&#8221;][et_pb_text admin_label=&#8221;Text-clube S\u00c9NIOR&#8221; _builder_version=&#8221;4.16&#8243; background_size=&#8221;initial&#8221; background_position=&#8221;top_left&#8221; background_repeat=&#8221;repeat&#8221; z_index_tablet=&#8221;500&#8243; use_border_color=&#8221;off&#8221; global_colors_info=&#8221;{}&#8221;]<\/p>\n<h1><span style=\"color: #0c71c3;\"><strong>CLUBE S\u00c9NIOR<\/strong><\/span><\/h1>\n<hr \/>\n<p>&nbsp;<\/p>\n<p>Atividades que proporcionam a manuten\u00e7\u00e3o das capacidades psicossociais, f\u00edsicas e intelectuais, procurando assim retardar o processo de envelhecimento.<\/p>\n<p>Cada Pessoa S\u00e9nior pode construir o seu pr\u00f3prio hor\u00e1rio semanal, elegendo as atividades em que deseja participar.<\/p>\n<p>Integra\u00e7\u00e3o dos seniores interessados em programas de voluntariado, no Centro Social Paroquial do Campo Grande, na freguesia de Avalade.<\/p>\n<p>[\/et_pb_text][et_pb_toggle title=&#8221;Atividades&#8221; open_toggle_text_color=&#8221;#0c71c3&#8243; open_toggle_background_color=&#8221;#ffffff&#8221; closed_toggle_text_color=&#8221;#0c71c3&#8243; closed_toggle_background_color=&#8221;#ffffff&#8221; icon_color=&#8221;#0c71c3&#8243; open_icon_color=&#8221;#0c71c3&#8243; admin_label=&#8221;Toggle-Atividades&#8221; _builder_version=&#8221;4.22.1&#8243; title_text_color=&#8221;#0c71c3&#8243; body_text_color=&#8221;#767777&#8243; hover_enabled=&#8221;0&#8243; z_index_tablet=&#8221;500&#8243; saved_tabs=&#8221;all&#8221; global_colors_info=&#8221;{}&#8221; sticky_enabled=&#8221;0&#8243;]<\/p>\n<ul>\n<li>Terapia pela M\u00fasica<\/li>\n<li>Pintura<\/li>\n<li>Atelier de Inform\u00e1tica<\/li>\n<li>Tert\u00falias<\/li>\n<li>Ioga<\/li>\n<li>Passeios<\/li>\n<li>Corpo em Movimento<\/li>\n<\/ul>\n<p>[\/et_pb_toggle][\/et_pb_column][\/et_pb_row][et_pb_row column_structure=&#8221;2_3,1_3&#8243; _builder_version=&#8221;4.16&#8243; background_size=&#8221;initial&#8221; background_position=&#8221;top_left&#8221; background_repeat=&#8221;repeat&#8221; global_colors_info=&#8221;{}&#8221;][et_pb_column type=&#8221;2_3&#8243; _builder_version=&#8221;4.16&#8243; custom_padding=&#8221;|||&#8221; global_colors_info=&#8221;{}&#8221; custom_padding__hover=&#8221;|||&#8221;][et_pb_gallery gallery_ids=&#8221;3061,3062,3063,3064,3060,3065&#8243; fullwidth=&#8221;on&#8221; admin_label=&#8221;Gallery-clube-senior&#8221; _builder_version=&#8221;4.16&#8243; auto=&#8221;on&#8221; auto_speed=&#8221;4000&#8243; z_index_tablet=&#8221;500&#8243; global_colors_info=&#8221;{}&#8221;][\/et_pb_gallery][\/et_pb_column][et_pb_column type=&#8221;1_3&#8243; _builder_version=&#8221;4.16&#8243; custom_padding=&#8221;|||&#8221; global_colors_info=&#8221;{}&#8221; custom_padding__hover=&#8221;|||&#8221;][et_pb_text admin_label=&#8221;Text-horario&#8221; _builder_version=&#8221;4.22.1&#8243; background_size=&#8221;initial&#8221; background_position=&#8221;top_left&#8221; background_repeat=&#8221;repeat&#8221; hover_enabled=&#8221;0&#8243; z_index_tablet=&#8221;500&#8243; global_colors_info=&#8221;{}&#8221; sticky_enabled=&#8221;0&#8243;]<\/p>\n<h4><span style=\"color: #0c71c3;\"><strong>Hor\u00e1rio (dias \u00fateis)<\/strong><\/span><\/h4>\n<p><strong>2\u00aa a 6\u00aa feira<\/strong><\/p>\n<p><strong>9h \u00e0s 18h<\/strong><\/p>\n<h4><span style=\"color: #0c71c3;\"><strong>Encerra<\/strong><\/span><\/h4>\n<p><strong>2 semana em agosto:<\/strong><\/p>\n<h4><span style=\"color: #0c71c3;\"><strong>Contacte-nos<\/strong><\/span><\/h4>\n<p><strong>Jessica Ribeiro &#8211; 915101047<\/strong><\/p>\n<p><a href=\"mailto:area.senior@cspcg.pt\"><strong>area.senior@cspcg.pt<\/strong><\/a><\/p>\n<p>Consulte o nosso\u00a0<span style=\"color: #0c71c3;\"><strong><a style=\"color: #0c71c3;\" href=\"https:\/\/igrejacampogrande.pt\/cspcg\/wp-content\/uploads\/2016\/03\/Doc-08_201_2016-Regulamento-Interno-CD_VFIMPRESS\u00c3O-1.pdf\" target=\"_blank\" rel=\"noopener noreferrer\">Regulamento<\/a><\/strong><\/span><\/p>\n<p>[\/et_pb_text][et_pb_button button_url=&#8221;https:\/\/igrejacampogrande.pt\/cspcg\/wp-content\/uploads\/2020\/08\/cspcg.senior.form_.pre_.inscricao.pdf&#8221; url_new_window=&#8221;on&#8221; button_text=&#8221;PR\u00c9-INSCRI\u00c7\u00c3O&#8221; admin_label=&#8221;Button-INSCRI\u00c7\u00c3O&#8221; _builder_version=&#8221;4.16&#8243; custom_button=&#8221;on&#8221; button_text_color=&#8221;#ffffff&#8221; button_bg_color=&#8221;#0c71c3&#8243; z_index_tablet=&#8221;500&#8243; saved_tabs=&#8221;all&#8221; global_colors_info=&#8221;{}&#8221;][\/et_pb_button][et_pb_button button_url=&#8221;#estimulacaoCognitiva&#8221; url_new_window=&#8221;on&#8221; button_text=&#8221;Estimula\u00e7\u00e3o Cognitiva&#8221; button_alignment=&#8221;left&#8221; admin_label=&#8221;Estimula\u00e7\u00e3o Cognitiva&#8221; _builder_version=&#8221;4.22.1&#8243; hover_enabled=&#8221;0&#8243; z_index_tablet=&#8221;500&#8243; saved_tabs=&#8221;all&#8221; global_colors_info=&#8221;{}&#8221; button_text_size__hover_enabled=&#8221;off&#8221; button_text_size__hover=&#8221;null&#8221; button_one_text_size__hover_enabled=&#8221;off&#8221; button_one_text_size__hover=&#8221;null&#8221; button_two_text_size__hover_enabled=&#8221;off&#8221; button_two_text_size__hover=&#8221;null&#8221; button_text_color__hover_enabled=&#8221;off&#8221; button_text_color__hover=&#8221;null&#8221; button_one_text_color__hover_enabled=&#8221;off&#8221; button_one_text_color__hover=&#8221;null&#8221; button_two_text_color__hover_enabled=&#8221;off&#8221; button_two_text_color__hover=&#8221;null&#8221; button_border_width__hover_enabled=&#8221;off&#8221; button_border_width__hover=&#8221;null&#8221; button_one_border_width__hover_enabled=&#8221;off&#8221; button_one_border_width__hover=&#8221;null&#8221; button_two_border_width__hover_enabled=&#8221;off&#8221; button_two_border_width__hover=&#8221;null&#8221; button_border_color__hover_enabled=&#8221;off&#8221; button_border_color__hover=&#8221;null&#8221; button_one_border_color__hover_enabled=&#8221;off&#8221; button_one_border_color__hover=&#8221;null&#8221; button_two_border_color__hover_enabled=&#8221;off&#8221; button_two_border_color__hover=&#8221;null&#8221; button_border_radius__hover_enabled=&#8221;off&#8221; button_border_radius__hover=&#8221;null&#8221; button_one_border_radius__hover_enabled=&#8221;off&#8221; button_one_border_radius__hover=&#8221;null&#8221; button_two_border_radius__hover_enabled=&#8221;off&#8221; button_two_border_radius__hover=&#8221;null&#8221; button_letter_spacing__hover_enabled=&#8221;off&#8221; button_letter_spacing__hover=&#8221;null&#8221; button_one_letter_spacing__hover_enabled=&#8221;off&#8221; button_one_letter_spacing__hover=&#8221;null&#8221; button_two_letter_spacing__hover_enabled=&#8221;off&#8221; button_two_letter_spacing__hover=&#8221;null&#8221; button_bg_color__hover_enabled=&#8221;off&#8221; button_bg_color__hover=&#8221;null&#8221; button_one_bg_color__hover_enabled=&#8221;off&#8221; button_one_bg_color__hover=&#8221;null&#8221; button_two_bg_color__hover_enabled=&#8221;off&#8221; button_two_bg_color__hover=&#8221;null&#8221; disabled_on=&#8221;on|on|on&#8221; disabled=&#8221;on&#8221; sticky_enabled=&#8221;0&#8243;][\/et_pb_button][et_pb_button button_url=&#8221;https:\/\/igrejacampogrande.pt\/cspcg\/wp-content\/uploads\/2022\/10\/cspcg-psicologia.pdf&#8221; url_new_window=&#8221;on&#8221; button_text=&#8221;Psicologia Cl\u00ednica&#8221; admin_label=&#8221;Button-Psicologia Cl\u00ednica&#8221; _builder_version=&#8221;4.22.1&#8243; hover_enabled=&#8221;0&#8243; z_index_tablet=&#8221;500&#8243; saved_tabs=&#8221;all&#8221; global_colors_info=&#8221;{}&#8221; disabled_on=&#8221;on|on|on&#8221; disabled=&#8221;on&#8221; sticky_enabled=&#8221;0&#8243;][\/et_pb_button][\/et_pb_column][\/et_pb_row][\/et_pb_section][et_pb_section fb_built=&#8221;1&#8243; _builder_version=&#8221;4.16&#8243; _module_preset=&#8221;default&#8221; custom_padding=&#8221;0px|||||&#8221; global_colors_info=&#8221;{}&#8221;][et_pb_row _builder_version=&#8221;4.19.0&#8243; _module_preset=&#8221;default&#8221; global_colors_info=&#8221;{}&#8221;][et_pb_column type=&#8221;4_4&#8243; _builder_version=&#8221;4.19.0&#8243; _module_preset=&#8221;default&#8221; global_colors_info=&#8221;{}&#8221;][et_pb_video src=&#8221;https:\/\/igrejacampogrande.pt\/cspcg\/wp-content\/uploads\/2022\/11\/cspcg-pec.mp4&#8243; _builder_version=&#8221;4.19.0&#8243; _module_preset=&#8221;default&#8221; global_colors_info=&#8221;{}&#8221;][\/et_pb_video][\/et_pb_column][\/et_pb_row][\/et_pb_section]<\/p>\n","protected":false},"excerpt":{"rendered":"<p>CLUBE S\u00c9NIOR &nbsp; Atividades que proporcionam a manuten\u00e7\u00e3o das capacidades psicossociais, f\u00edsicas e intelectuais, procurando assim retardar o processo de envelhecimento. Cada Pessoa S\u00e9nior pode construir o seu pr\u00f3prio hor\u00e1rio semanal, elegendo as atividades em que deseja participar. Integra\u00e7\u00e3o dos seniores interessados em programas de voluntariado, no Centro Social Paroquial do Campo Grande, na freguesia [&hellip;]<\/p>\n","protected":false},"author":5,"featured_media":0,"parent":860,"menu_order":0,"comment_status":"closed","ping_status":"closed","template":"","meta":{"_et_pb_use_builder":"on","_et_pb_old_content":"<p>[et_pb_section admin_label=\"section\"][et_pb_row admin_label=\"row\"][\/et_pb_row][\/et_pb_section][et_pb_section fullwidth=\"off\" specialty=\"off\" admin_label=\"Section\"][et_pb_row admin_label=\"Row\"][et_pb_column type=\"1_4\"][et_pb_text admin_label=\"Text\" background_layout=\"light\" text_orientation=\"left\" use_border_color=\"off\" border_color=\"#ffffff\" border_style=\"solid\"] [\/et_pb_text][\/et_pb_column][et_pb_column type=\"1_4\"][et_pb_text admin_label=\"Text\" background_layout=\"light\" text_orientation=\"left\" use_border_color=\"off\" border_color=\"#ffffff\" border_style=\"solid\"] [\/et_pb_text][\/et_pb_column][et_pb_column type=\"1_2\"][et_pb_text admin_label=\"Text\" background_layout=\"light\" text_orientation=\"left\" use_border_color=\"off\" border_color=\"#ffffff\" border_style=\"solid\"] [\/et_pb_text][\/et_pb_column][\/et_pb_row][\/et_pb_section]<\/p>","_et_gb_content_width":"","footnotes":""},"class_list":["post-1194","page","type-page","status-publish","hentry"],"_links":{"self":[{"href":"https:\/\/igrejacampogrande.pt\/cspcg\/wp-json\/wp\/v2\/pages\/1194","targetHints":{"allow":["GET"]}}],"collection":[{"href":"https:\/\/igrejacampogrande.pt\/cspcg\/wp-json\/wp\/v2\/pages"}],"about":[{"href":"https:\/\/igrejacampogrande.pt\/cspcg\/wp-json\/wp\/v2\/types\/page"}],"author":[{"embeddable":true,"href":"https:\/\/igrejacampogrande.pt\/cspcg\/wp-json\/wp\/v2\/users\/5"}],"replies":[{"embeddable":true,"href":"https:\/\/igrejacampogrande.pt\/cspcg\/wp-json\/wp\/v2\/comments?post=1194"}],"version-history":[{"count":85,"href":"https:\/\/igrejacampogrande.pt\/cspcg\/wp-json\/wp\/v2\/pages\/1194\/revisions"}],"predecessor-version":[{"id":5653,"href":"https:\/\/igrejacampogrande.pt\/cspcg\/wp-json\/wp\/v2\/pages\/1194\/revisions\/5653"}],"up":[{"embeddable":true,"href":"https:\/\/igrejacampogrande.pt\/cspcg\/wp-json\/wp\/v2\/pages\/860"}],"wp:attachment":[{"href":"https:\/\/igrejacampogrande.pt\/cspcg\/wp-json\/wp\/v2\/media?parent=1194"}],"curies":[{"name":"wp","href":"https:\/\/api.w.org\/{rel}","templated":true}]}}